{"id":23184,"date":"2022-09-09T11:40:52","date_gmt":"2022-09-09T09:40:52","guid":{"rendered":"https:\/\/acva.sk\/applied-behavior-analysis-aba\/"},"modified":"2022-09-09T11:40:52","modified_gmt":"2022-09-09T09:40:52","slug":"applied-behavior-analysis-aba","status":"publish","type":"page","link":"https:\/\/acva.sk\/en\/applied-behavior-analysis-aba\/","title":{"rendered":"Applied Behavior Analysis (ABA)"},"content":{"rendered":"&#13;\n<p>\u00a0<\/p>&#13;\n<p>Mgr. M\u00e1ria Kop\u010d\u00edkov\u00e1<\/p>&#13;\n<p><strong>Behavioral analysis<\/strong> (behavior analysis) is the science of behavior, the history of which dates back to the beginning of the 20th century. Its philosophical basis is behaviorism. It is based on the assumption that attempts to improve a person&#8217;s physical and psychological state through behavior change (e.g. education, behavioral health care) will be most effective if we focus on behavior itself.<\/p>&#13;\n<p>Applied behavioral analysis is used in various fields &#8211; in pediatrics, care of the elderly, in sports, after brain damage, in education, in companies and organizational management, in the treatment of addictions, etc. Experiences with <a href=\"https:\/\/youtu.be\/0cGPh4bExSw\">ABA when working with children with autism spectrum disorders and\/or developmental delays are also significantly positive and scientifically based.<\/a><\/p>&#13;\n<p>In Slovakia, ABA is being used more and more often in the approach to children with ASD. The parents&#8217; questions are directed at the topic of diagnosis and who they can turn to, who performs ABA in Slovakia.<\/p>&#13;\n<p>All professionals who work with children should have relevant education. Whether it&#8217;s diagnostics or interventions. ABA experts can have different degrees of certification, which have been covered by the Behavior Analyst Certification Board, Inc.\u00ae (BACB\u00ae) for about 20 years.(<a href=\"https:\/\/www.bacb.com\/about\/\">Behavior Analyst Certification Board, Inc.\u00ae (BACB\u00ae)<\/a> ).<\/p>&#13;\n<p>There are 8 experts in Slovakia who have BACB certification (as of September 1, 2022).<\/p>&#13;\n<p><strong>The following have the BCBA certification degree:&#13;\n<\/strong><\/p>&#13;\n<p>Diana \u010cel\u00e1rov\u00e1, Bratislava<\/p>&#13;\n<p>Zuzana Ma\u0161tenov\u00e1, Zvolen<\/p>&#13;\n<p>Zuzana Holl\u00e1, Bratislava<\/p>&#13;\n<p>Lucia Mikur\u010d\u00edkov\u00e1, Pre\u0161ov<\/p>&#13;\n<p>Ivana Trellov\u00e1, Pre\u0161ov \u2013 Bratislava<\/p>&#13;\n<p><strong>The RBT certification level has:<\/strong><\/p>&#13;\n<p>Barbora Gu\u013eov\u00e1<\/p>&#13;\n<p>Lenka \u0160ov\u010d\u00edkov\u00e1, Selce<\/p>&#13;\n<p>Petra Vere\u0161ov\u00e1, Bratislava<\/p>&#13;\n<p>Several organizations in Slovakia (early intervention centers, psychological counseling centers, civic associations) that work with young children state on their websites that their experts work with children in the framework of intervention &#8220;with elements of ABA&#8221;. At the same time, not all of them state what kind of education they have in this field, or under whose supervision (professional supervision) they work.<\/p>&#13;\n<p>On <a href=\"https:\/\/www.bacb.com\/services\/o.php?page=101135\"> the BACB website, you can check the certification or supervision (work under the supervision and with the consultation of a more experienced colleague) of individual experts.<\/a><\/p>&#13;\n<p>Parents who are looking for an intervention for their child and are considering ABA, we recommend that they get enough information in advance from the relevant workplace about who will be working with the child and how. So that they have the full amount of information before making a decision.&#13;\n<\/p>&#13;\n<p>ABA in Slovakia is not covered by public health insurance.<\/p>&#13;\n","protected":false},"excerpt":{"rendered":"<p>&#13; \u00a0 &#13; Mgr. M\u00e1ria Kop\u010d\u00edkov\u00e1 &#13; Behavioral analysis (behavior analysis) is the science of behavior, the history of which dates back to the beginning of the 20th century. Its philosophical basis is behaviorism. It is based on the assumption that attempts to improve a person&#8217;s physical and psychological state through behavior change (e.g. education,<\/p>\n","protected":false},"author":5,"featured_media":0,"parent":0,"menu_order":0,"comment_status":"closed","ping_status":"closed","template":"","meta":{"_eb_attr":"","footnotes":""},"class_list":["post-23184","page","type-page","status-publish","hentry"],"_links":{"self":[{"href":"https:\/\/acva.sk\/en\/wp-json\/wp\/v2\/pages\/23184","targetHints":{"allow":["GET"]}}],"collection":[{"href":"https:\/\/acva.sk\/en\/wp-json\/wp\/v2\/pages"}],"about":[{"href":"https:\/\/acva.sk\/en\/wp-json\/wp\/v2\/types\/page"}],"author":[{"embeddable":true,"href":"https:\/\/acva.sk\/en\/wp-json\/wp\/v2\/users\/5"}],"replies":[{"embeddable":true,"href":"https:\/\/acva.sk\/en\/wp-json\/wp\/v2\/comments?post=23184"}],"version-history":[{"count":1,"href":"https:\/\/acva.sk\/en\/wp-json\/wp\/v2\/pages\/23184\/revisions"}],"predecessor-version":[{"id":23185,"href":"https:\/\/acva.sk\/en\/wp-json\/wp\/v2\/pages\/23184\/revisions\/23185"}],"wp:attachment":[{"href":"https:\/\/acva.sk\/en\/wp-json\/wp\/v2\/media?parent=23184"}],"curies":[{"name":"wp","href":"https:\/\/api.w.org\/{rel}","templated":true}]}}