{"id":21264,"date":"2013-04-23T08:11:30","date_gmt":"2013-04-23T06:11:30","guid":{"rendered":"https:\/\/acva.sk\/kontakt\/"},"modified":"2022-03-31T11:45:24","modified_gmt":"2022-03-31T09:45:24","slug":"kontakt","status":"publish","type":"page","link":"https:\/\/acva.sk\/en\/kontakt\/","title":{"rendered":"CONTACT"},"content":{"rendered":"[vc_row top_margin=&#8221;page-margin-top&#8221; el_position=&#8221;first&#8221;][vc_column][vc_raw_html]W3N1X2dtYXAgd2lkdGg9Ijk5MCIgaGVpZ2h0PSIyNTAiIHJlc3BvbnNpdmU9InllcyIgYWRkcmVzcz0iU2FzaWtvdmEgMiwgQnJhdGlzbGF2YSIgem9vbT0iMCIgdGl0bGU9IiIgY2xhc3M9ImdtYXAiXQ==[\/vc_raw_html][\/vc_column][vc_column][vc_raw_html]JTVCZm9ybWluYXRvcl9mb3JtJTIwaWQlM0QlMjIyMjI1MSUyMiU1RA==[\/vc_raw_html][\/vc_column][\/vc_row][vc_row top_margin=&#8221;page-margin-top-section&#8221;][vc_column width=&#8221;1\/3&#8243;]<ul class=\"clearfix mc-features mc-features-large mc-features-style-light\"><li class=\"item-content clearfix\">\r\n\t\t\t\t<span class=\"hexagon animated-element animation-scale\"  title=\"Address\"><span class=\"features-map\"><\/span><\/span><div class=\"text\"><h2><span   title=\"Address\">Address<\/span><\/h2><p>Academic Research Center for Autism<br \/>\nInstitute of Physiology<br \/>\nFaculty of Medicine, Comenius University<br \/>\nSasinkova 2<br \/>\n813 72 Bratislava, Slovakia<\/p>\n<\/div>\r\n\t\t\t<\/li><\/ul>[\/vc_column][vc_column width=&#8221;1\/3&#8243;]<ul class=\"clearfix mc-features mc-features-large mc-features-style-light\"><li class=\"item-content clearfix\">\r\n\t\t\t\t<span class=\"hexagon animated-element animation-scale\"  title=\"Call us\"><span class=\"features-phone\"><\/span><\/span><div class=\"text\"><h2><span   title=\"Call us\">Call us<\/span><\/h2><p>02\/9011 9517<\/p>\n<\/div>\r\n\t\t\t<\/li><\/ul>[\/vc_column][vc_column width=&#8221;1\/3&#8243;]<ul class=\"clearfix mc-features mc-features-large mc-features-style-light\"><li class=\"item-content clearfix\">\r\n\t\t\t\t<a class=\"hexagon animated-element animation-0\" href=\"https:\/\/acva.sk\/en\/features\/email\/\" title=\"Email\"><span class=\"features-email\"><\/span><\/a><div class=\"text\"><h2><span   title=\"Email\">Email<\/span><\/h2><p><a href='mailto:acva@acva.sk'>acva@acva.sk<\/a><\/p>\n<\/div>\r\n\t\t\t<\/li><\/ul>[\/vc_column][\/vc_row][vc_section][vc_row][vc_column][vc_empty_space][vc_zigzag][vc_empty_space][\/vc_column][\/vc_row][vc_row][vc_column width=&#8221;1\/3&#8243;][vc_single_image image=&#8221;4508&#8243; img_size=&#8221;large&#8221;][\/vc_column][vc_column width=&#8221;1\/3&#8243;]<ul class=\"clearfix mc-features mc-features-large mc-features-style-light\"><li class=\"item-content clearfix\">\r\n\t\t\t\t<a class=\"hexagon animated-element animation-0\" href=\"https:\/\/acva.sk\/en\/features\/address\/\" title=\"Public transport\"><span class=\"features-location\"><\/span><\/a><div class=\"text\"><h2><span   title=\"Public transport\">Public transport<\/span><\/h2><p>Publict transport availability:<br \/>\nPublic transport stop: Americk\u00e9 n\u00e1mestie: <br \/>\nTrams\tDestination<br \/>\n3\t\tPetr\u017ealka<br \/>\n3\t\tRa\u010da<br \/>\n4\t\tZlat\u00e9 piesky; Stanica Nov\u00e9 Mesto<br \/>\n4\t\tD\u00fabravka<br \/>\nTrolleybuses<br \/>\n47\tZimn\u00fd \u0161tadi\u00f3n<br \/>\n47\t\u010cerven\u00fd most<\/p>\n<\/div>\r\n\t\t\t<\/li><\/ul>[\/vc_column][vc_column width=&#8221;1\/3&#8243;]<ul class=\"clearfix mc-features mc-features-large mc-features-style-light\"><li class=\"item-content clearfix\">\r\n\t\t\t\t<a class=\"hexagon animated-element animation-0\" href=\"https:\/\/acva.sk\/en\/features\/parkovanie\/\" title=\"Parking\"><span class=\"features-ambulance\"><\/span><\/a><div class=\"text\"><h2><span   title=\"Parking\">Parking<\/span><\/h2><p>PARKING OPTIONS <\/p>\n<p>On the day of our diagnostic meeting we can accomodate you <br \/>\nwith a parking spot within the area of Faculty of Medicine Comenius<br \/>\nUniversity Bratislava (Sasinkova 4, Bratislava)<\/p>\n<\/div>\r\n\t\t\t<\/li><\/ul>[\/vc_column][\/vc_row][\/vc_section]\n","protected":false},"excerpt":{"rendered":"<p>[vc_row top_margin=&#8221;page-margin-top&#8221; el_position=&#8221;first&#8221;][vc_column][vc_raw_html]W3N1X2dtYXAgd2lkdGg9Ijk5MCIgaGVpZ2h0PSIyNTAiIHJlc3BvbnNpdmU9InllcyIgYWRkcmVzcz0iU2FzaWtvdmEgMiwgQnJhdGlzbGF2YSIgem9vbT0iMCIgdGl0bGU9IiIgY2xhc3M9ImdtYXAiXQ==[\/vc_raw_html][\/vc_column][vc_column][vc_raw_html]JTVCZm9ybWluYXRvcl9mb3JtJTIwaWQlM0QlMjIyMjI1MSUyMiU1RA==[\/vc_raw_html][\/vc_column][\/vc_row][vc_row top_margin=&#8221;page-margin-top-section&#8221;][vc_column width=&#8221;1\/3&#8243;][\/vc_column][vc_column width=&#8221;1\/3&#8243;][\/vc_column][vc_column width=&#8221;1\/3&#8243;][\/vc_column][\/vc_row][vc_section][vc_row][vc_column][vc_empty_space][vc_zigzag][vc_empty_space][\/vc_column][\/vc_row][vc_row][vc_column width=&#8221;1\/3&#8243;][vc_single_image image=&#8221;4508&#8243; img_size=&#8221;large&#8221;][\/vc_column][vc_column width=&#8221;1\/3&#8243;][\/vc_column][vc_column width=&#8221;1\/3&#8243;][\/vc_column][\/vc_row][\/vc_section]<\/p>\n","protected":false},"author":1,"featured_media":0,"parent":0,"menu_order":0,"comment_status":"closed","ping_status":"closed","template":"","meta":{"_eb_attr":"","footnotes":""},"class_list":["post-21264","page","type-page","status-publish","hentry"],"_links":{"self":[{"href":"https:\/\/acva.sk\/en\/wp-json\/wp\/v2\/pages\/21264","targetHints":{"allow":["GET"]}}],"collection":[{"href":"https:\/\/acva.sk\/en\/wp-json\/wp\/v2\/pages"}],"about":[{"href":"https:\/\/acva.sk\/en\/wp-json\/wp\/v2\/types\/page"}],"author":[{"embeddable":true,"href":"https:\/\/acva.sk\/en\/wp-json\/wp\/v2\/users\/1"}],"replies":[{"embeddable":true,"href":"https:\/\/acva.sk\/en\/wp-json\/wp\/v2\/comments?post=21264"}],"version-history":[{"count":8,"href":"https:\/\/acva.sk\/en\/wp-json\/wp\/v2\/pages\/21264\/revisions"}],"predecessor-version":[{"id":22464,"href":"https:\/\/acva.sk\/en\/wp-json\/wp\/v2\/pages\/21264\/revisions\/22464"}],"wp:attachment":[{"href":"https:\/\/acva.sk\/en\/wp-json\/wp\/v2\/media?parent=21264"}],"curies":[{"name":"wp","href":"https:\/\/api.w.org\/{rel}","templated":true}]}}