{"id":21261,"date":"2013-05-10T13:31:51","date_gmt":"2013-05-10T13:31:51","guid":{"rendered":"https:\/\/acva.sk\/search-template\/"},"modified":"2013-05-10T13:31:51","modified_gmt":"2013-05-10T13:31:51","slug":"search-template","status":"publish","type":"page","link":"https:\/\/acva.sk\/en\/search-template\/","title":{"rendered":"Search template"},"content":{"rendered":"[vc_row el_position=&#8221;first last&#8221;][vc_column width=&#8221;2\/3&#8243;]<ul class=\"blog clearfix page-margin-top-section\"><li class=\" post post-21270 type-post status-publish format-standard has-post-thumbnail hentry category-oznamy-en category-uncategorized tag-adaptivne-spravanie-en tag-aktuality-en tag-teoria-mysle-en tag-vysetrenie-iq-en\"><ul class=\"comment-box clearfix\"><li class=\"date clearfix\">\n\t\t\t\t\t\t\t\t<div class=\"value\">14. FEBRUARY 2022<\/div>\n\t\t\t\t\t\t\t\t<div class=\"arrow-date\"><\/div>\n\t\t\t\t\t\t\t<\/li><li class=\"comments-number\">\t\t\t<a href=\"https:\/\/acva.sk\/en\/zapojte-sa-do-vyskumu-2\/#respond\" title=\"0 COMMENTS\">0<\/a>\n\t\t\t\t\t\t\t<\/li><\/ul><div class=\"post-content\"><a class=\"post-image\" href=\"https:\/\/acva.sk\/en\/zapojte-sa-do-vyskumu-2\/\" title=\"Zapojte sa do v\u00fdskumu\"><span class=\"mc-preloader\"><\/span><img loading=\"lazy\" decoding=\"async\" width=\"670\" height=\"446\" src=\"https:\/\/acva.sk\/wp-content\/uploads\/2022\/02\/lingvisticky_vyskum_kontroly-670x446.jpg\" class=\"attachment-blog-post-thumb size-blog-post-thumb wp-post-image\" alt=\"Zapojte sa do v\u00fdskumu\" title=\"\" srcset=\"https:\/\/acva.sk\/wp-content\/uploads\/2022\/02\/lingvisticky_vyskum_kontroly-670x446.jpg 670w, https:\/\/acva.sk\/wp-content\/uploads\/2022\/02\/lingvisticky_vyskum_kontroly-600x400.jpg 600w, https:\/\/acva.sk\/wp-content\/uploads\/2022\/02\/lingvisticky_vyskum_kontroly-480x320.jpg 480w, https:\/\/acva.sk\/wp-content\/uploads\/2022\/02\/lingvisticky_vyskum_kontroly-390x260.jpg 390w, https:\/\/acva.sk\/wp-content\/uploads\/2022\/02\/lingvisticky_vyskum_kontroly-285x190.jpg 285w\" sizes=\"auto, (max-width: 670px) 100vw, 670px\" \/><\/a><h2 class=\"post-title\"><a href=\"https:\/\/acva.sk\/en\/zapojte-sa-do-vyskumu-2\/\" title=\"Zapojte sa do v\u00fdskumu\">Zapojte sa do v\u00fdskumu<\/a><\/h2><p>V\u00e1\u017een\u00ed rodi\u010dia. Do n\u00e1\u0161ho v\u00fdskumu o jazykov\u00fdch schopnostiach, intelekte a te\u00f3rie mysle h\u013ead\u00e1me kontroln\u00fdch respondentov a respondentky.<\/p>\n<a title=\"Read more\" href=\"https:\/\/acva.sk\/en\/zapojte-sa-do-vyskumu-2\/\" class=\"more template-arrow-horizontal-1-after\">Read more<\/a>\t\t<div class=\"post-footer clearfix\">\n\t\t\t\t\t\t\t\t<ul class=\"post-footer-details\"><li class=\"post-footer-author\">\n\t\t\t\t\t\t\t\t\t\t<a class=\"author\" href=\"https:\/\/acva.sk\" title=\"acva\">acva<\/a>\n\t\t\t\t\t\t\t\t\t<\/li><li class=\"post-footer-category\">\n\t\t\t\t\t\t\t\t\t\t\t<a href=\"https:\/\/acva.sk\/en\/category\/oznamy-en\/\" title=\"View all posts filed under Oznamy\">Oznamy<\/a>, \n\t\t\t\t\t\t\t\t\t\t<\/li><li class=\"post-footer-category\">\n\t\t\t\t\t\t\t\t\t\t\t<a href=\"https:\/\/acva.sk\/en\/category\/uncategorized\/\" title=\"View all posts filed under Uncategorized\">Uncategorized<\/a>\n\t\t\t\t\t\t\t\t\t\t<\/li><\/ul><\/div><\/div><\/li><li class=\" post post-21286 type-post status-publish format-standard has-post-thumbnail hentry category-fotogaleria-en\"><ul class=\"comment-box clearfix\"><li class=\"date clearfix\">\n\t\t\t\t\t\t\t\t<div class=\"value\">1. APRIL 2021<\/div>\n\t\t\t\t\t\t\t\t<div class=\"arrow-date\"><\/div>\n\t\t\t\t\t\t\t<\/li><li class=\"comments-number\">\t\t\t<a href=\"https:\/\/acva.sk\/en\/zalozenie-acva-oktober-2013\/#respond\" title=\"0 COMMENTS\">0<\/a>\n\t\t\t\t\t\t\t<\/li><\/ul><div class=\"post-content\"><a class=\"post-image\" href=\"https:\/\/acva.sk\/en\/zalozenie-acva-oktober-2013\/\" title=\"ZALO\u017dENIE ACVA (okt\u00f3ber 2013)\"><span class=\"mc-preloader\"><\/span><img loading=\"lazy\" decoding=\"async\" width=\"670\" height=\"446\" src=\"https:\/\/acva.sk\/wp-content\/uploads\/2021\/04\/prof.MUDr_.Daniela_Ostatnikova-670x446.jpg\" class=\"attachment-blog-post-thumb size-blog-post-thumb wp-post-image\" alt=\"ZALO\u017dENIE ACVA (okt\u00f3ber 2013)\" title=\"\" srcset=\"https:\/\/acva.sk\/wp-content\/uploads\/2021\/04\/prof.MUDr_.Daniela_Ostatnikova-670x446.jpg 670w, https:\/\/acva.sk\/wp-content\/uploads\/2021\/04\/prof.MUDr_.Daniela_Ostatnikova-600x400.jpg 600w, https:\/\/acva.sk\/wp-content\/uploads\/2021\/04\/prof.MUDr_.Daniela_Ostatnikova-480x320.jpg 480w, https:\/\/acva.sk\/wp-content\/uploads\/2021\/04\/prof.MUDr_.Daniela_Ostatnikova-390x260.jpg 390w, https:\/\/acva.sk\/wp-content\/uploads\/2021\/04\/prof.MUDr_.Daniela_Ostatnikova-285x190.jpg 285w\" sizes=\"auto, (max-width: 670px) 100vw, 670px\" \/><\/a><h2 class=\"post-title\"><a href=\"https:\/\/acva.sk\/en\/zalozenie-acva-oktober-2013\/\" title=\"ZALO\u017dENIE ACVA (okt\u00f3ber 2013)\">ZALO\u017dENIE ACVA (okt\u00f3ber 2013)<\/a><\/h2><p>[vc_row][vc_column][vc_column_text]Zalo\u017eenie centra bolo na\u0161im cie\u013eom od roku 2006, kedy sa na Fyziologickom \u00fastave vytvorila skupina \u013eud\u00ed, ktor\u00fdch oslovila t\u00e9ma autizmu. Valn\u00e9 zhroma\u017edenie OSN vyhl\u00e1silo 2. apr\u00edl za\u00a0Svetov\u00fd de\u0148 povedomia o\u00a0autizme, av\u0161ak povedomie o\u00a0autizme v\u00a0tom \u010dase na Slovensku nebolo takmer \u017eiadne. Det\u00ed s\u00a0touto poruchou prib\u00fadalo, a\u00a0preto sme sa rozhodli spoji\u0165 sa s\u00a0odborn\u00edkmi na univerzite v\u00a0Cambridge aj<\/p>\n<a title=\"Read more\" href=\"https:\/\/acva.sk\/en\/zalozenie-acva-oktober-2013\/\" class=\"more template-arrow-horizontal-1-after\">Read more<\/a>\t\t<div class=\"post-footer clearfix\">\n\t\t\t\t\t\t\t\t<ul class=\"post-footer-details\"><li class=\"post-footer-author\">\n\t\t\t\t\t\t\t\t\t\t<a class=\"author\" href=\"https:\/\/acva.sk\" title=\"acva\">acva<\/a>\n\t\t\t\t\t\t\t\t\t<\/li><li class=\"post-footer-category\">\n\t\t\t\t\t\t\t\t\t\t\t<a href=\"https:\/\/acva.sk\/en\/category\/fotogaleria-en\/\" title=\"View all posts filed under Fotogal\u00e9ria\">Fotogal\u00e9ria<\/a>\n\t\t\t\t\t\t\t\t\t\t<\/li><\/ul><\/div><\/div><\/li><li class=\" post post-21298 type-post status-publish format-standard has-post-thumbnail hentry category-fotogaleria-en\"><ul class=\"comment-box clearfix\"><li class=\"date clearfix\">\n\t\t\t\t\t\t\t\t<div class=\"value\">31. MARCH 2021<\/div>\n\t\t\t\t\t\t\t\t<div class=\"arrow-date\"><\/div>\n\t\t\t\t\t\t\t<\/li><li class=\"comments-number\">\t\t\t<a href=\"https:\/\/acva.sk\/en\/workshop-vyuzitie-aba-aplikovanej-behavioralnej-analyzy-pri-selektivite-prijmu-potravy\/#respond\" title=\"0 COMMENTS\">0<\/a>\n\t\t\t\t\t\t\t<\/li><\/ul><div class=\"post-content\"><a class=\"post-image\" href=\"https:\/\/acva.sk\/en\/workshop-vyuzitie-aba-aplikovanej-behavioralnej-analyzy-pri-selektivite-prijmu-potravy\/\" title=\"WORKSHOP \u201eVyu\u017eitie ABA (aplikovanej behavior\u00e1lnej anal\u00fdzy) pri selektivite pr\u00edjmu potravy\u201c\"><span class=\"mc-preloader\"><\/span><img loading=\"lazy\" decoding=\"async\" width=\"670\" height=\"446\" src=\"https:\/\/acva.sk\/wp-content\/uploads\/2021\/03\/dr.Lesack-670x446.png\" class=\"attachment-blog-post-thumb size-blog-post-thumb wp-post-image\" alt=\"WORKSHOP \u201eVyu\u017eitie ABA (aplikovanej behavior\u00e1lnej anal\u00fdzy) pri selektivite pr\u00edjmu potravy\u201c\" title=\"\" srcset=\"https:\/\/acva.sk\/wp-content\/uploads\/2021\/03\/dr.Lesack-670x446.png 670w, https:\/\/acva.sk\/wp-content\/uploads\/2021\/03\/dr.Lesack-600x400.png 600w, https:\/\/acva.sk\/wp-content\/uploads\/2021\/03\/dr.Lesack-480x320.png 480w, https:\/\/acva.sk\/wp-content\/uploads\/2021\/03\/dr.Lesack-390x260.png 390w, https:\/\/acva.sk\/wp-content\/uploads\/2021\/03\/dr.Lesack-285x190.png 285w\" sizes=\"auto, (max-width: 670px) 100vw, 670px\" \/><\/a><h2 class=\"post-title\"><a href=\"https:\/\/acva.sk\/en\/workshop-vyuzitie-aba-aplikovanej-behavioralnej-analyzy-pri-selektivite-prijmu-potravy\/\" title=\"WORKSHOP \u201eVyu\u017eitie ABA (aplikovanej behavior\u00e1lnej anal\u00fdzy) pri selektivite pr\u00edjmu potravy\u201c\">WORKSHOP \u201eVyu\u017eitie ABA (aplikovanej behavior\u00e1lnej anal\u00fdzy) pri selektivite pr\u00edjmu potravy\u201c<\/a><\/h2><p>[vc_row][vc_column][vc_column_text] WORKSHOP \u201eVyu\u017eitie ABA (aplikovanej behavior\u00e1lnej anal\u00fdzy) pri selektivite pr\u00edjmu potravy\u201c. V\u00a0d\u0148och 22 a\u017e 25. okt\u00f3bra 2019 sa v Akademickom centre v\u00fdskumu autizmu, Fyziologick\u00fd \u00fastav Lek\u00e1rskej fakulty Univerzity Komensk\u00e9ho v\u00a0Bratislave (LF UK) konal workshop s\u00a0n\u00e1zvom \u201eVyu\u017eitie ABA (aplikovanej behavior\u00e1lnej anal\u00fdzy) pri selektivite pr\u00edjmu potravy\u201c, s lektorkou Roseanne Lesack, Ph.D.; BCBA-D; ABPP, ktor\u00e1 p\u00f4sob\u00ed ako riadite\u013eka<\/p>\n<a title=\"Read more\" href=\"https:\/\/acva.sk\/en\/workshop-vyuzitie-aba-aplikovanej-behavioralnej-analyzy-pri-selektivite-prijmu-potravy\/\" class=\"more template-arrow-horizontal-1-after\">Read more<\/a>\t\t<div class=\"post-footer clearfix\">\n\t\t\t\t\t\t\t\t<ul class=\"post-footer-details\"><li class=\"post-footer-author\">\n\t\t\t\t\t\t\t\t\t\t<a class=\"author\" href=\"https:\/\/acva.sk\" title=\"acva\">acva<\/a>\n\t\t\t\t\t\t\t\t\t<\/li><li class=\"post-footer-category\">\n\t\t\t\t\t\t\t\t\t\t\t<a href=\"https:\/\/acva.sk\/en\/category\/fotogaleria-en\/\" title=\"View all posts filed under Fotogal\u00e9ria\">Fotogal\u00e9ria<\/a>\n\t\t\t\t\t\t\t\t\t\t<\/li><\/ul><\/div><\/div><\/li><li class=\" post post-21369 type-post status-publish format-standard has-post-thumbnail hentry category-2017-en category-publications tag-asd-en tag-autism-spectrum-disorder-en tag-mytochondrial-dysfunction-en tag-publikacie-en\"><ul class=\"comment-box clearfix\"><li class=\"date clearfix\">\n\t\t\t\t\t\t\t\t<div class=\"value\">1. MARCH 2017<\/div>\n\t\t\t\t\t\t\t\t<div class=\"arrow-date\"><\/div>\n\t\t\t\t\t\t\t<\/li><li class=\"comments-number\">\t\t\t<a href=\"https:\/\/acva.sk\/en\/what-is-the-evidence-of-mitochondrial-dysfunction-in-autism-spectrum-disorders\/#respond\" title=\"0 COMMENTS\">0<\/a>\n\t\t\t\t\t\t\t<\/li><\/ul><div class=\"post-content\"><a class=\"post-image\" href=\"https:\/\/acva.sk\/en\/what-is-the-evidence-of-mitochondrial-dysfunction-in-autism-spectrum-disorders\/\" title=\"What is the evidence of mitochondrial dysfunction in autism spectrum disorders?\"><span class=\"mc-preloader\"><\/span><img loading=\"lazy\" decoding=\"async\" width=\"670\" height=\"446\" src=\"https:\/\/acva.sk\/wp-content\/uploads\/2017\/03\/What-is-the-evidence-670x446.png\" class=\"attachment-blog-post-thumb size-blog-post-thumb wp-post-image\" alt=\"What is the evidence of mitochondrial dysfunction in autism spectrum disorders?\" title=\"\" srcset=\"https:\/\/acva.sk\/wp-content\/uploads\/2017\/03\/What-is-the-evidence-670x446.png 670w, https:\/\/acva.sk\/wp-content\/uploads\/2017\/03\/What-is-the-evidence-600x400.png 600w, https:\/\/acva.sk\/wp-content\/uploads\/2017\/03\/What-is-the-evidence-480x320.png 480w, https:\/\/acva.sk\/wp-content\/uploads\/2017\/03\/What-is-the-evidence-390x260.png 390w, https:\/\/acva.sk\/wp-content\/uploads\/2017\/03\/What-is-the-evidence-285x190.png 285w\" sizes=\"auto, (max-width: 670px) 100vw, 670px\" \/><\/a><h2 class=\"post-title\"><a href=\"https:\/\/acva.sk\/en\/what-is-the-evidence-of-mitochondrial-dysfunction-in-autism-spectrum-disorders\/\" title=\"What is the evidence of mitochondrial dysfunction in autism spectrum disorders?\">What is the evidence of mitochondrial dysfunction in autism spectrum disorders?<\/a><\/h2><p>[vc_row][vc_column][vc_column_text] AUTHORS: Babinsk\u00e1, K., Repisk\u00e1, G., Gvozdj\u00e1kov\u00e1, A., Kucharsk\u00e1, J., Vok\u00e1lov\u00e1, L., Vido\u0161ovi\u010dov\u00e1, M., Ostatn\u00edkov\u00e1,D. ABSTRACT: Autism spectrum disorder (ASD) is a neurodevelopmental condition characterized by impairments in social interaction and communication, combined with restricted and stereotyped patterns of behaviour and interests. There is an array of comorbid conditions associated with ASD. It has been<\/p>\n<a title=\"Read more\" href=\"https:\/\/acva.sk\/en\/what-is-the-evidence-of-mitochondrial-dysfunction-in-autism-spectrum-disorders\/\" class=\"more template-arrow-horizontal-1-after\">Read more<\/a>\t\t<div class=\"post-footer clearfix\">\n\t\t\t\t\t\t\t\t<ul class=\"post-footer-details\"><li class=\"post-footer-author\">\n\t\t\t\t\t\t\t\t\t\t<a class=\"author\" href=\"https:\/\/acva.sk\" title=\"acva\">acva<\/a>\n\t\t\t\t\t\t\t\t\t<\/li><li class=\"post-footer-category\">\n\t\t\t\t\t\t\t\t\t\t\t<a href=\"https:\/\/acva.sk\/en\/category\/publications\/2017-en\/\" title=\"View all posts filed under 2017\">2017<\/a>, \n\t\t\t\t\t\t\t\t\t\t<\/li><li class=\"post-footer-category\">\n\t\t\t\t\t\t\t\t\t\t\t<a href=\"https:\/\/acva.sk\/en\/category\/publications\/\" title=\"View all posts filed under Publications\">Publications<\/a>\n\t\t\t\t\t\t\t\t\t\t<\/li><\/ul><\/div><\/div><\/li><\/ul><ul class='pagination page-margin-top'><li class='selected'><span>1<\/span><\/li><li><a href='https:\/\/acva.sk\/en\/wp-json\/wp\/v2\/pages\/21261\/page\/2\/'>2<\/a><\/li><li><a href='https:\/\/acva.sk\/en\/wp-json\/wp\/v2\/pages\/21261\/page\/3\/'>3<\/a><\/li><li><a href='https:\/\/acva.sk\/en\/wp-json\/wp\/v2\/pages\/21261\/page\/2\/'>&rsaquo;<\/a><\/li><li><a href='https:\/\/acva.sk\/en\/wp-json\/wp\/v2\/pages\/21261\/page\/32\/'>&raquo;<\/a><\/li><\/ul>[\/vc_column][vc_column width=&#8221;1\/3&#8243;][vc_widget_sidebar top_margin=&#8221;page-margin-top-section&#8221; sidebar_id=&#8221;sidebar-blog&#8221; el_position=&#8221;first&#8221;]<h3 class=\"box-header page-margin-top\">Photostream<\/h3><ul class=\"photostream clearfix default\"><\/ul>[vc_widget_sidebar top_margin=&#8221;page-margin-top&#8221; sidebar_id=&#8221;sidebar-blog-2&#8243; el_position=&#8221;last&#8221;][\/vc_column][\/vc_row]\n","protected":false},"excerpt":{"rendered":"<p>[vc_row el_position=&#8221;first last&#8221;][vc_column width=&#8221;2\/3&#8243;][\/vc_column][vc_column width=&#8221;1\/3&#8243;][vc_widget_sidebar top_margin=&#8221;page-margin-top-section&#8221; sidebar_id=&#8221;sidebar-blog&#8221; el_position=&#8221;first&#8221;][vc_widget_sidebar top_margin=&#8221;page-margin-top&#8221; sidebar_id=&#8221;sidebar-blog-2&#8243; el_position=&#8221;last&#8221;][\/vc_column][\/vc_row]<\/p>\n","protected":false},"author":1,"featured_media":0,"parent":0,"menu_order":0,"comment_status":"open","ping_status":"closed","template":"search.php","meta":{"_eb_attr":"","footnotes":""},"class_list":["post-21261","page","type-page","status-publish","hentry"],"_links":{"self":[{"href":"https:\/\/acva.sk\/en\/wp-json\/wp\/v2\/pages\/21261","targetHints":{"allow":["GET"]}}],"collection":[{"href":"https:\/\/acva.sk\/en\/wp-json\/wp\/v2\/pages"}],"about":[{"href":"https:\/\/acva.sk\/en\/wp-json\/wp\/v2\/types\/page"}],"author":[{"embeddable":true,"href":"https:\/\/acva.sk\/en\/wp-json\/wp\/v2\/users\/1"}],"replies":[{"embeddable":true,"href":"https:\/\/acva.sk\/en\/wp-json\/wp\/v2\/comments?post=21261"}],"version-history":[{"count":0,"href":"https:\/\/acva.sk\/en\/wp-json\/wp\/v2\/pages\/21261\/revisions"}],"wp:attachment":[{"href":"https:\/\/acva.sk\/en\/wp-json\/wp\/v2\/media?parent=21261"}],"curies":[{"name":"wp","href":"https:\/\/api.w.org\/{rel}","templated":true}]}}