{"id":21253,"date":"2018-10-25T11:45:48","date_gmt":"2018-10-25T11:45:48","guid":{"rendered":"https:\/\/acva.sk\/services\/"},"modified":"2018-10-25T11:45:48","modified_gmt":"2018-10-25T11:45:48","slug":"services","status":"publish","type":"page","link":"https:\/\/acva.sk\/en\/services\/","title":{"rendered":"Services"},"content":{"rendered":"[vc_row top_margin=&#8221;page-margin-top-section&#8221;][vc_column]<ul class=\"services-list clearfix\"><li class=\"vc_row wpb_row vc_row-fluid\"><ul><li><a href=\"https:\/\/acva.sk\/sluzby\/diagnostika\/\" title=\"DIAGNOSTIKA\"><img loading=\"lazy\" decoding=\"async\" width=\"480\" height=\"320\" src=\"https:\/\/acva.sk\/wp-content\/uploads\/2018\/10\/diagnostika_na_titulku-480x320.png\" class=\"attachment-medium-thumb size-medium-thumb wp-post-image\" alt=\"DIAGNOSTIKA\" title=\"\" srcset=\"https:\/\/acva.sk\/wp-content\/uploads\/2018\/10\/diagnostika_na_titulku-480x320.png 480w, https:\/\/acva.sk\/wp-content\/uploads\/2018\/10\/diagnostika_na_titulku-300x200.png 300w, https:\/\/acva.sk\/wp-content\/uploads\/2018\/10\/diagnostika_na_titulku-1024x684.png 1024w, https:\/\/acva.sk\/wp-content\/uploads\/2018\/10\/diagnostika_na_titulku-768x513.png 768w, https:\/\/acva.sk\/wp-content\/uploads\/2018\/10\/diagnostika_na_titulku-1536x1026.png 1536w, https:\/\/acva.sk\/wp-content\/uploads\/2018\/10\/diagnostika_na_titulku-2048x1368.png 2048w, https:\/\/acva.sk\/wp-content\/uploads\/2018\/10\/diagnostika_na_titulku-670x446.png 670w, https:\/\/acva.sk\/wp-content\/uploads\/2018\/10\/diagnostika_na_titulku-600x400.png 600w, https:\/\/acva.sk\/wp-content\/uploads\/2018\/10\/diagnostika_na_titulku-390x260.png 390w, https:\/\/acva.sk\/wp-content\/uploads\/2018\/10\/diagnostika_na_titulku-285x190.png 285w\" sizes=\"auto, (max-width: 480px) 100vw, 480px\" \/><\/a><div class=\"service-details\"><h4 class=\"box-header\"><a href=\"https:\/\/acva.sk\/sluzby\/diagnostika\/\" title=\"DIAGNOSTIKA\">DIAGNOSTIKA<\/a><\/h4><p>evalu\u00e1cia a\u00a0diagnostika,<br \/>\nmedic\u00ednsky mana\u017ement :<br \/>\n&#8211; lek\u00e1r \u2013 \u0161pecialista,<br \/>\n&#8211; klinick\u00fd psychol\u00f3g,<br \/>\n&#8211; \u0161peci\u00e1lny pedag\u00f3g,<br \/>\n&#8211; farmakol\u00f3g\/farmaceut<br \/>\n<\/br><\/br><\/p>\n<\/div><\/li><li><a href=\"https:\/\/acva.sk\/en\/sluzby\/diagnostika\/\" title=\"DIAGNOSTIC\"><img loading=\"lazy\" decoding=\"async\" width=\"480\" height=\"320\" src=\"https:\/\/acva.sk\/wp-content\/uploads\/2018\/10\/diagnostika_na_titulku-480x320.png\" class=\"attachment-medium-thumb size-medium-thumb wp-post-image\" alt=\"DIAGNOSTIC\" title=\"\" srcset=\"https:\/\/acva.sk\/wp-content\/uploads\/2018\/10\/diagnostika_na_titulku-480x320.png 480w, https:\/\/acva.sk\/wp-content\/uploads\/2018\/10\/diagnostika_na_titulku-300x200.png 300w, https:\/\/acva.sk\/wp-content\/uploads\/2018\/10\/diagnostika_na_titulku-1024x684.png 1024w, https:\/\/acva.sk\/wp-content\/uploads\/2018\/10\/diagnostika_na_titulku-768x513.png 768w, https:\/\/acva.sk\/wp-content\/uploads\/2018\/10\/diagnostika_na_titulku-1536x1026.png 1536w, https:\/\/acva.sk\/wp-content\/uploads\/2018\/10\/diagnostika_na_titulku-2048x1368.png 2048w, https:\/\/acva.sk\/wp-content\/uploads\/2018\/10\/diagnostika_na_titulku-670x446.png 670w, https:\/\/acva.sk\/wp-content\/uploads\/2018\/10\/diagnostika_na_titulku-600x400.png 600w, https:\/\/acva.sk\/wp-content\/uploads\/2018\/10\/diagnostika_na_titulku-390x260.png 390w, https:\/\/acva.sk\/wp-content\/uploads\/2018\/10\/diagnostika_na_titulku-285x190.png 285w\" sizes=\"auto, (max-width: 480px) 100vw, 480px\" \/><\/a><div class=\"service-details\"><h4 class=\"box-header\"><a href=\"https:\/\/acva.sk\/en\/sluzby\/diagnostika\/\" title=\"DIAGNOSTIC\">DIAGNOSTIC<\/a><\/h4><p>The diagnostic process at the Academic Research Center for Autism is free, but we ask the parents to cooperate in the form of engaging in a research process that is based on providing biological samples of the child<br \/>\n<\/br><\/br><\/br><\/p>\n<\/div><\/li><li><a href=\"https:\/\/acva.sk\/sluzby\/vzdelavanie\/\" title=\"VZDEL\u00c1VANIE\"><img loading=\"lazy\" decoding=\"async\" width=\"480\" height=\"320\" src=\"https:\/\/acva.sk\/wp-content\/uploads\/2018\/10\/vzdelavanie_titulka-480x320.png\" class=\"attachment-medium-thumb size-medium-thumb wp-post-image\" alt=\"VZDEL\u00c1VANIE\" title=\"\" srcset=\"https:\/\/acva.sk\/wp-content\/uploads\/2018\/10\/vzdelavanie_titulka-480x320.png 480w, https:\/\/acva.sk\/wp-content\/uploads\/2018\/10\/vzdelavanie_titulka-300x200.png 300w, https:\/\/acva.sk\/wp-content\/uploads\/2018\/10\/vzdelavanie_titulka-1024x682.png 1024w, https:\/\/acva.sk\/wp-content\/uploads\/2018\/10\/vzdelavanie_titulka-768x511.png 768w, https:\/\/acva.sk\/wp-content\/uploads\/2018\/10\/vzdelavanie_titulka-1536x1023.png 1536w, https:\/\/acva.sk\/wp-content\/uploads\/2018\/10\/vzdelavanie_titulka-2048x1363.png 2048w, https:\/\/acva.sk\/wp-content\/uploads\/2018\/10\/vzdelavanie_titulka-670x446.png 670w, https:\/\/acva.sk\/wp-content\/uploads\/2018\/10\/vzdelavanie_titulka-600x400.png 600w, https:\/\/acva.sk\/wp-content\/uploads\/2018\/10\/vzdelavanie_titulka-390x260.png 390w, https:\/\/acva.sk\/wp-content\/uploads\/2018\/10\/vzdelavanie_titulka-285x190.png 285w\" sizes=\"auto, (max-width: 480px) 100vw, 480px\" \/><\/a><div class=\"service-details\"><h4 class=\"box-header\"><a href=\"https:\/\/acva.sk\/sluzby\/vzdelavanie\/\" title=\"VZDEL\u00c1VANIE\">VZDEL\u00c1VANIE<\/a><\/h4><p>odborn\u00e9 predn\u00e1\u0161ky pre v\u0161etky partnersk\u00e9 in\u0161tit\u00facie, eduk\u00e1cia \u0161tudentov druh\u00e9ho aj tretieho stup\u0148a vzdel\u00e1vania, konzult\u00e1cie a\u00a0tr\u00e9ningy pre rodi\u010dov, behavior\u00e1lna intervencia, re\u010dov\u00e9\/jazykov\u00e9 poradenstvo, kontakt na komunity (lek\u00e1r \u2013 \u0161pecialista, psychol\u00f3g, \u0161peci\u00e1lny pedag\u00f3g, logop\u00e9d, soci\u00e1lny pracovn\u00edk)<\/br><\/br><\/p>\n<\/div><\/li><\/ul><\/li><li class=\"vc_row wpb_row vc_row-fluid\"><ul><li><a href=\"https:\/\/acva.sk\/en\/sluzby\/vzdelavanie\/\" title=\"EDUCATION\"><img loading=\"lazy\" decoding=\"async\" width=\"480\" height=\"320\" src=\"https:\/\/acva.sk\/wp-content\/uploads\/2018\/10\/vzdelavanie_titulka-480x320.png\" class=\"attachment-medium-thumb size-medium-thumb wp-post-image\" alt=\"EDUCATION\" title=\"\" srcset=\"https:\/\/acva.sk\/wp-content\/uploads\/2018\/10\/vzdelavanie_titulka-480x320.png 480w, https:\/\/acva.sk\/wp-content\/uploads\/2018\/10\/vzdelavanie_titulka-300x200.png 300w, https:\/\/acva.sk\/wp-content\/uploads\/2018\/10\/vzdelavanie_titulka-1024x682.png 1024w, https:\/\/acva.sk\/wp-content\/uploads\/2018\/10\/vzdelavanie_titulka-768x511.png 768w, https:\/\/acva.sk\/wp-content\/uploads\/2018\/10\/vzdelavanie_titulka-1536x1023.png 1536w, https:\/\/acva.sk\/wp-content\/uploads\/2018\/10\/vzdelavanie_titulka-2048x1363.png 2048w, https:\/\/acva.sk\/wp-content\/uploads\/2018\/10\/vzdelavanie_titulka-670x446.png 670w, https:\/\/acva.sk\/wp-content\/uploads\/2018\/10\/vzdelavanie_titulka-600x400.png 600w, https:\/\/acva.sk\/wp-content\/uploads\/2018\/10\/vzdelavanie_titulka-390x260.png 390w, https:\/\/acva.sk\/wp-content\/uploads\/2018\/10\/vzdelavanie_titulka-285x190.png 285w\" sizes=\"auto, (max-width: 480px) 100vw, 480px\" \/><\/a><div class=\"service-details\"><h4 class=\"box-header\"><a href=\"https:\/\/acva.sk\/en\/sluzby\/vzdelavanie\/\" title=\"EDUCATION\">EDUCATION<\/a><\/h4><p>The Academic Research Center for Autism deals with many activities aimed at educating the professional and lay public.<\/br><\/br><\/br><\/br><\/br><\/br><\/p>\n<\/div><\/li><li><a href=\"https:\/\/acva.sk\/sluzby\/sluzba-vyskum\/\" title=\"V\u00fdskum\"><img loading=\"lazy\" decoding=\"async\" width=\"480\" height=\"320\" src=\"https:\/\/acva.sk\/wp-content\/uploads\/2018\/10\/vyskum_hlavicka_2-480x320.png\" class=\"attachment-medium-thumb size-medium-thumb wp-post-image\" alt=\"V\u00fdskum\" title=\"\" srcset=\"https:\/\/acva.sk\/wp-content\/uploads\/2018\/10\/vyskum_hlavicka_2-480x320.png 480w, https:\/\/acva.sk\/wp-content\/uploads\/2018\/10\/vyskum_hlavicka_2-300x200.png 300w, https:\/\/acva.sk\/wp-content\/uploads\/2018\/10\/vyskum_hlavicka_2-768x511.png 768w, https:\/\/acva.sk\/wp-content\/uploads\/2018\/10\/vyskum_hlavicka_2-670x446.png 670w, https:\/\/acva.sk\/wp-content\/uploads\/2018\/10\/vyskum_hlavicka_2-600x400.png 600w, https:\/\/acva.sk\/wp-content\/uploads\/2018\/10\/vyskum_hlavicka_2-390x260.png 390w, https:\/\/acva.sk\/wp-content\/uploads\/2018\/10\/vyskum_hlavicka_2-285x190.png 285w, https:\/\/acva.sk\/wp-content\/uploads\/2018\/10\/vyskum_hlavicka_2.png 1000w\" sizes=\"auto, (max-width: 480px) 100vw, 480px\" \/><\/a><div class=\"service-details\"><h4 class=\"box-header\"><a href=\"https:\/\/acva.sk\/sluzby\/sluzba-vyskum\/\" title=\"V\u00fdskum\">V\u00fdskum<\/a><\/h4><p>interprofesion\u00e1lny v\u00fdskum etiopatogenetick\u00fdch mechanizmov vzniku autizmu v\u00a0r\u00e1mci dom\u00e1cich aj zahrani\u010dn\u00fdch grantov\u00fdch projektov s\u00a0prepojen\u00edm na klinick\u00fa prax a\u00a0farmakologick\u00fa intervenciu (neurol\u00f3g, psychiater, fyziol\u00f3g a\u00a0patologick\u00fd fyziol\u00f3g, histol\u00f3g, molekulov\u00fd biol\u00f3g, genetik, imunol\u00f3g, gastroenterol\u00f3g, psychol\u00f3g, farmakol\u00f3g\/farmaceut).<\/p>\n<\/div><\/li><li><a href=\"https:\/\/acva.sk\/en\/sluzby\/sluzba-vyskum\/\" title=\"RESEARCH\"><img loading=\"lazy\" decoding=\"async\" width=\"480\" height=\"320\" src=\"https:\/\/acva.sk\/wp-content\/uploads\/2018\/10\/vyskum_hlavicka_2-480x320.png\" class=\"attachment-medium-thumb size-medium-thumb wp-post-image\" alt=\"RESEARCH\" title=\"\" srcset=\"https:\/\/acva.sk\/wp-content\/uploads\/2018\/10\/vyskum_hlavicka_2-480x320.png 480w, https:\/\/acva.sk\/wp-content\/uploads\/2018\/10\/vyskum_hlavicka_2-300x200.png 300w, https:\/\/acva.sk\/wp-content\/uploads\/2018\/10\/vyskum_hlavicka_2-768x511.png 768w, https:\/\/acva.sk\/wp-content\/uploads\/2018\/10\/vyskum_hlavicka_2-670x446.png 670w, https:\/\/acva.sk\/wp-content\/uploads\/2018\/10\/vyskum_hlavicka_2-600x400.png 600w, https:\/\/acva.sk\/wp-content\/uploads\/2018\/10\/vyskum_hlavicka_2-390x260.png 390w, https:\/\/acva.sk\/wp-content\/uploads\/2018\/10\/vyskum_hlavicka_2-285x190.png 285w, https:\/\/acva.sk\/wp-content\/uploads\/2018\/10\/vyskum_hlavicka_2.png 1000w\" sizes=\"auto, (max-width: 480px) 100vw, 480px\" \/><\/a><div class=\"service-details\"><h4 class=\"box-header\"><a href=\"https:\/\/acva.sk\/en\/sluzby\/sluzba-vyskum\/\" title=\"RESEARCH\">RESEARCH<\/a><\/h4><p>At the Academic Research Center for Autism, we focus on interprofessional research into the etiopathogenetic mechanisms of autism in domestic and foreign grant projects. Our interdisciplinary team is made up of experts from several fields, namely, neurology, psychology, molecular biology, genetics, nutrition and pharmacy.<\/p>\n<\/div><\/li><\/ul><\/li><\/ul>[\/vc_column][\/vc_row]\n","protected":false},"excerpt":{"rendered":"<p>[vc_row top_margin=&#8221;page-margin-top-section&#8221;][vc_column][\/vc_column][\/vc_row]<\/p>\n","protected":false},"author":1,"featured_media":0,"parent":0,"menu_order":0,"comment_status":"closed","ping_status":"closed","template":"","meta":{"_eb_attr":"","footnotes":""},"class_list":["post-21253","page","type-page","status-publish","hentry"],"_links":{"self":[{"href":"https:\/\/acva.sk\/en\/wp-json\/wp\/v2\/pages\/21253","targetHints":{"allow":["GET"]}}],"collection":[{"href":"https:\/\/acva.sk\/en\/wp-json\/wp\/v2\/pages"}],"about":[{"href":"https:\/\/acva.sk\/en\/wp-json\/wp\/v2\/types\/page"}],"author":[{"embeddable":true,"href":"https:\/\/acva.sk\/en\/wp-json\/wp\/v2\/users\/1"}],"replies":[{"embeddable":true,"href":"https:\/\/acva.sk\/en\/wp-json\/wp\/v2\/comments?post=21253"}],"version-history":[{"count":0,"href":"https:\/\/acva.sk\/en\/wp-json\/wp\/v2\/pages\/21253\/revisions"}],"wp:attachment":[{"href":"https:\/\/acva.sk\/en\/wp-json\/wp\/v2\/media?parent=21253"}],"curies":[{"name":"wp","href":"https:\/\/api.w.org\/{rel}","templated":true}]}}