{"id":21243,"date":"2021-03-13T20:09:54","date_gmt":"2021-03-13T19:09:54","guid":{"rendered":"https:\/\/acva.sk\/nasa-misia\/"},"modified":"2022-03-31T11:59:21","modified_gmt":"2022-03-31T09:59:21","slug":"nasa-misia","status":"publish","type":"page","link":"https:\/\/acva.sk\/en\/nasa-misia\/","title":{"rendered":"Our Mission"},"content":{"rendered":"[vc_row][vc_column][vc_column_text]Misiou Akademick\u00e9ho centra pre v\u00fdskum autizmu je integrova\u0165 diagnostick\u00e9, terapeutick\u00e9, v\u00fdskumn\u00e9 a eduka\u010dn\u00e9 aktivity zameran\u00e9 na poruchy autistick\u00e9ho spektra do spolupracuj\u00facej siete  odborn\u00fdch pracov\u00edsk, ktor\u00e9 bud\u00fa uplat\u0148ova\u0165 \u0161tandardn\u00e9 diagnostick\u00e9 a\u00a0terapeutick\u00e9 protokoly pod\u013ea medic\u00edny zalo\u017eenej na d\u00f4kazoch.<br \/>\n&nbsp;[\/vc_column_text][vc_video link=&#8221;https:\/\/youtu.be\/do-Ef5mwAT8&#8243;][\/vc_column][\/vc_row]\n","protected":false},"excerpt":{"rendered":"<p>[vc_row][vc_column][vc_column_text]Misiou Akademick\u00e9ho centra pre v\u00fdskum autizmu je integrova\u0165 diagnostick\u00e9, terapeutick\u00e9, v\u00fdskumn\u00e9 a eduka\u010dn\u00e9 aktivity zameran\u00e9 na poruchy autistick\u00e9ho spektra do spolupracuj\u00facej siete odborn\u00fdch pracov\u00edsk, ktor\u00e9 bud\u00fa uplat\u0148ova\u0165 \u0161tandardn\u00e9 diagnostick\u00e9 a\u00a0terapeutick\u00e9 protokoly pod\u013ea medic\u00edny zalo\u017eenej na d\u00f4kazoch. &nbsp;[\/vc_column_text][vc_video link=&#8221;https:\/\/youtu.be\/do-Ef5mwAT8&#8243;][\/vc_column][\/vc_row]<\/p>\n","protected":false},"author":1,"featured_media":0,"parent":0,"menu_order":0,"comment_status":"closed","ping_status":"closed","template":"","meta":{"_eb_attr":"","footnotes":""},"class_list":["post-21243","page","type-page","status-publish","hentry"],"_links":{"self":[{"href":"https:\/\/acva.sk\/en\/wp-json\/wp\/v2\/pages\/21243","targetHints":{"allow":["GET"]}}],"collection":[{"href":"https:\/\/acva.sk\/en\/wp-json\/wp\/v2\/pages"}],"about":[{"href":"https:\/\/acva.sk\/en\/wp-json\/wp\/v2\/types\/page"}],"author":[{"embeddable":true,"href":"https:\/\/acva.sk\/en\/wp-json\/wp\/v2\/users\/1"}],"replies":[{"embeddable":true,"href":"https:\/\/acva.sk\/en\/wp-json\/wp\/v2\/comments?post=21243"}],"version-history":[{"count":3,"href":"https:\/\/acva.sk\/en\/wp-json\/wp\/v2\/pages\/21243\/revisions"}],"predecessor-version":[{"id":22473,"href":"https:\/\/acva.sk\/en\/wp-json\/wp\/v2\/pages\/21243\/revisions\/22473"}],"wp:attachment":[{"href":"https:\/\/acva.sk\/en\/wp-json\/wp\/v2\/media?parent=21243"}],"curies":[{"name":"wp","href":"https:\/\/api.w.org\/{rel}","templated":true}]}}