{"id":21227,"date":"2021-03-13T20:31:31","date_gmt":"2021-03-13T19:31:31","guid":{"rendered":"https:\/\/acva.sk\/publikacie\/"},"modified":"2022-03-30T12:36:00","modified_gmt":"2022-03-30T10:36:00","slug":"publikacie","status":"publish","type":"page","link":"https:\/\/acva.sk\/en\/publikacie\/","title":{"rendered":"Publications"},"content":{"rendered":"[vc_row][vc_column]<div class=\"columns clearfix layout-row\"><ul class=\"blog clearfix\"><li class=\"vc_col-sm-6 wpb_column vc_column_container  post post-25090 type-post status-publish format-standard has-post-thumbnail hentry category-2023-en category-publications tag-asd-en tag-autism-spectrum-disorder-en tag-developmental-noise-en tag-fluctuating-asymmetry-en tag-second-level-details-en\"><ul class=\"comment-box clearfix\"><li class=\"date\">\n\t\t\t\t\t\t\t\t<div class=\"value\">9. APRIL 2025<\/div>\n\t\t\t\t\t\t\t\t<div class=\"arrow-date\"><\/div>\n\t\t\t\t\t\t\t<\/li><\/ul><div class=\"post-content\"><a class=\"post-image\" href=\"https:\/\/acva.sk\/en\/fingerprint-patterns-in-relation-to-an-altered-neurodevelopment-in-patients-with-autism-spectrum-disorder\/\" title=\"Fingerprint patterns in relation to an altered neurodevelopment in patients with autism spectrum disorder\"><span class=\"mc-preloader\"><\/span><img loading=\"lazy\" decoding=\"async\" width=\"600\" height=\"400\" src=\"https:\/\/acva.sk\/wp-content\/uploads\/2023\/11\/Snimka-obrazovky-771-600x400.png\" class=\"attachment-medicenter-gallery-image size-medicenter-gallery-image wp-post-image\" alt=\"Fingerprint patterns in relation to an altered neurodevelopment in patients with autism spectrum disorder\" title=\"\" srcset=\"https:\/\/acva.sk\/wp-content\/uploads\/2023\/11\/Snimka-obrazovky-771-600x400.png 600w, https:\/\/acva.sk\/wp-content\/uploads\/2023\/11\/Snimka-obrazovky-771-670x446.png 670w, https:\/\/acva.sk\/wp-content\/uploads\/2023\/11\/Snimka-obrazovky-771-480x320.png 480w, https:\/\/acva.sk\/wp-content\/uploads\/2023\/11\/Snimka-obrazovky-771-390x260.png 390w, https:\/\/acva.sk\/wp-content\/uploads\/2023\/11\/Snimka-obrazovky-771-285x190.png 285w\" sizes=\"auto, (max-width: 600px) 100vw, 600px\" \/><\/a><h2 class=\"post-title\"><a href=\"https:\/\/acva.sk\/en\/fingerprint-patterns-in-relation-to-an-altered-neurodevelopment-in-patients-with-autism-spectrum-disorder\/\" title=\"Fingerprint patterns in relation to an altered neurodevelopment in patients with autism spectrum disorder\">Fingerprint patterns in relation to an altered neurodevelopment in patients with autism spectrum disorder<\/a><\/h2><p>AUTHORS: Kyselicov\u00e1, K., Dukonyov\u00e1, D., Belica, I., Ballov\u00e1 S\u00f3nak D., Jankovi\u010dov\u00e1, V., Ostatn\u00edkov\u00e1, D. ABSTRACT: Dermatoglyphic patterns are permanently established and matured before the 24th week of gestation. Their frequencies and localization might be a good indicator of developmental instability in individuals with an altered neurodevelopment and show potential as biomarkers of autism spectrum disorder<\/p>\n\t\t<div class=\"post-footer clearfix\">\n\t\t\t\t\t\t\t\t<ul class=\"post-footer-details\"><li class=\"post-footer-author\">\n\t\t\t\t\t\t\t\t\t\tBarbara Ra\u0161kov\u00e1\n\t\t\t\t\t\t\t\t\t<\/li><li class=\"post-footer-category\">\n\t\t\t\t\t\t\t\t\t\t\t<a href=\"https:\/\/acva.sk\/en\/category\/2023-en\/\" title=\"View all posts filed under 2023\">2023<\/a>, \n\t\t\t\t\t\t\t\t\t\t<\/li><li class=\"post-footer-category\">\n\t\t\t\t\t\t\t\t\t\t\t<a href=\"https:\/\/acva.sk\/en\/category\/publications\/\" title=\"View all posts filed under Publications\">Publications<\/a>\n\t\t\t\t\t\t\t\t\t\t<\/li><\/ul><\/div><\/div><\/li><li class=\"vc_col-sm-6 wpb_column vc_column_container  post post-25088 type-post status-publish format-standard has-post-thumbnail hentry category-2024-en category-publications\"><ul class=\"comment-box clearfix\"><li class=\"date\">\n\t\t\t\t\t\t\t\t<div class=\"value\">9. APRIL 2025<\/div>\n\t\t\t\t\t\t\t\t<div class=\"arrow-date\"><\/div>\n\t\t\t\t\t\t\t<\/li><\/ul><div class=\"post-content\"><a class=\"post-image\" href=\"https:\/\/acva.sk\/en\/to-the-roots-of-theory-of-mind-deficits-in-autism-spectrum-disorder-a-narrative-review\/\" title=\"To the Roots of Theory of Mind Deficits in Autism Spectrum Disorder: A Narrative Review\"><span class=\"mc-preloader\"><\/span><img loading=\"lazy\" decoding=\"async\" width=\"600\" height=\"400\" src=\"https:\/\/acva.sk\/wp-content\/uploads\/2024\/12\/Snimka-obrazovky-1091-600x400.png\" class=\"attachment-medicenter-gallery-image size-medicenter-gallery-image wp-post-image\" alt=\"To the Roots of Theory of Mind Deficits in Autism Spectrum Disorder: A Narrative Review\" title=\"\" srcset=\"https:\/\/acva.sk\/wp-content\/uploads\/2024\/12\/Snimka-obrazovky-1091-600x400.png 600w, https:\/\/acva.sk\/wp-content\/uploads\/2024\/12\/Snimka-obrazovky-1091-670x446.png 670w, https:\/\/acva.sk\/wp-content\/uploads\/2024\/12\/Snimka-obrazovky-1091-480x320.png 480w, https:\/\/acva.sk\/wp-content\/uploads\/2024\/12\/Snimka-obrazovky-1091-390x260.png 390w, https:\/\/acva.sk\/wp-content\/uploads\/2024\/12\/Snimka-obrazovky-1091-285x190.png 285w\" sizes=\"auto, (max-width: 600px) 100vw, 600px\" \/><\/a><h2 class=\"post-title\"><a href=\"https:\/\/acva.sk\/en\/to-the-roots-of-theory-of-mind-deficits-in-autism-spectrum-disorder-a-narrative-review\/\" title=\"To the Roots of Theory of Mind Deficits in Autism Spectrum Disorder: A Narrative Review\">To the Roots of Theory of Mind Deficits in Autism Spectrum Disorder: A Narrative Review<\/a><\/h2><p>AUTHORS: Pol\u00f3nyiov\u00e1, K., Kruyt, J., Ostatn\u00edkov\u00e1, D. Review Journal of Autism and Developmental Disorders, 2024 DOI: 10.7759\/cureus.74379<\/p>\n\t\t<div class=\"post-footer clearfix\">\n\t\t\t\t\t\t\t\t<ul class=\"post-footer-details\"><li class=\"post-footer-author\">\n\t\t\t\t\t\t\t\t\t\tBarbara Ra\u0161kov\u00e1\n\t\t\t\t\t\t\t\t\t<\/li><li class=\"post-footer-category\">\n\t\t\t\t\t\t\t\t\t\t\t<a href=\"https:\/\/acva.sk\/en\/category\/2024-en\/\" title=\"View all posts filed under 2024\">2024<\/a>, \n\t\t\t\t\t\t\t\t\t\t<\/li><li class=\"post-footer-category\">\n\t\t\t\t\t\t\t\t\t\t\t<a href=\"https:\/\/acva.sk\/en\/category\/publications\/\" title=\"View all posts filed under Publications\">Publications<\/a>\n\t\t\t\t\t\t\t\t\t\t<\/li><\/ul><\/div><\/div><\/li><\/ul><ul class=\"blog clearfix\"><li class=\"vc_col-sm-6 wpb_column vc_column_container  post post-25086 type-post status-publish format-standard has-post-thumbnail hentry category-2024-en category-publications tag-asd-en tag-autism-spectrum-disorder-en tag-empathy-en tag-theory-of-mind-en\"><ul class=\"comment-box clearfix\"><li class=\"date\">\n\t\t\t\t\t\t\t\t<div class=\"value\">9. APRIL 2025<\/div>\n\t\t\t\t\t\t\t\t<div class=\"arrow-date\"><\/div>\n\t\t\t\t\t\t\t<\/li><\/ul><div class=\"post-content\"><a class=\"post-image\" href=\"https:\/\/acva.sk\/en\/save-me-parasocial-interaction-and-its-influenceon-theory-of-mind-in-individuals-with-autismspectrum-disorders\/\" title=\"Save Me: Parasocial Interaction and its Influenceon Theory of Mind in Individuals with AutismSpectrum Disorders\"><span class=\"mc-preloader\"><\/span><img loading=\"lazy\" decoding=\"async\" width=\"600\" height=\"400\" src=\"https:\/\/acva.sk\/wp-content\/uploads\/2024\/12\/Snimka-obrazovky-1121-600x400.png\" class=\"attachment-medicenter-gallery-image size-medicenter-gallery-image wp-post-image\" alt=\"Save Me: Parasocial Interaction and its Influenceon Theory of Mind in Individuals with AutismSpectrum Disorders\" title=\"\" srcset=\"https:\/\/acva.sk\/wp-content\/uploads\/2024\/12\/Snimka-obrazovky-1121-600x400.png 600w, https:\/\/acva.sk\/wp-content\/uploads\/2024\/12\/Snimka-obrazovky-1121-670x446.png 670w, https:\/\/acva.sk\/wp-content\/uploads\/2024\/12\/Snimka-obrazovky-1121-480x320.png 480w, https:\/\/acva.sk\/wp-content\/uploads\/2024\/12\/Snimka-obrazovky-1121-390x260.png 390w, https:\/\/acva.sk\/wp-content\/uploads\/2024\/12\/Snimka-obrazovky-1121-285x190.png 285w\" sizes=\"auto, (max-width: 600px) 100vw, 600px\" \/><\/a><h2 class=\"post-title\"><a href=\"https:\/\/acva.sk\/en\/save-me-parasocial-interaction-and-its-influenceon-theory-of-mind-in-individuals-with-autismspectrum-disorders\/\" title=\"Save Me: Parasocial Interaction and its Influenceon Theory of Mind in Individuals with AutismSpectrum Disorders\">Save Me: Parasocial Interaction and its Influenceon Theory of Mind in Individuals with AutismSpectrum Disorders<\/a><\/h2><p>AUTHORS: Mattov\u00e1, V., Ostatn\u00edkov\u00e1, D. ABSTRACT: Background: &#8220;Save me&#8221; is a plea often voiced by individuals seeking help. Yet, how can they be heard when no one is present? Individuals with Autism Spectrum Disorder (ASD) require special support in their development to enhance their theory of mind and empathy-related cognitive abilities, due to their neurodivergent<\/p>\n\t\t<div class=\"post-footer clearfix\">\n\t\t\t\t\t\t\t\t<ul class=\"post-footer-details\"><li class=\"post-footer-author\">\n\t\t\t\t\t\t\t\t\t\tBarbara Ra\u0161kov\u00e1\n\t\t\t\t\t\t\t\t\t<\/li><li class=\"post-footer-category\">\n\t\t\t\t\t\t\t\t\t\t\t<a href=\"https:\/\/acva.sk\/en\/category\/2024-en\/\" title=\"View all posts filed under 2024\">2024<\/a>, \n\t\t\t\t\t\t\t\t\t\t<\/li><li class=\"post-footer-category\">\n\t\t\t\t\t\t\t\t\t\t\t<a href=\"https:\/\/acva.sk\/en\/category\/publications\/\" title=\"View all posts filed under Publications\">Publications<\/a>\n\t\t\t\t\t\t\t\t\t\t<\/li><\/ul><\/div><\/div><\/li><li class=\"vc_col-sm-6 wpb_column vc_column_container  post post-25084 type-post status-publish format-standard has-post-thumbnail hentry category-2024-en category-publications tag-asd-en tag-autism-spectrum-disorder-en tag-publikacie-en\"><ul class=\"comment-box clearfix\"><li class=\"date\">\n\t\t\t\t\t\t\t\t<div class=\"value\">9. APRIL 2025<\/div>\n\t\t\t\t\t\t\t\t<div class=\"arrow-date\"><\/div>\n\t\t\t\t\t\t\t<\/li><\/ul><div class=\"post-content\"><a class=\"post-image\" href=\"https:\/\/acva.sk\/en\/examining-erythrocytes-as-potential-blood-biomarkers-forautism-spectrum-disorder-their-relationship-to-symptomseverity-and-adaptive-behavior\/\" title=\"Examining Erythrocytes as Potential Blood Biomarkers forAutism Spectrum Disorder: Their Relationship to SymptomSeverity and Adaptive Behavior\"><span class=\"mc-preloader\"><\/span><img loading=\"lazy\" decoding=\"async\" width=\"600\" height=\"400\" src=\"https:\/\/acva.sk\/wp-content\/uploads\/2024\/12\/Snimka-obrazovky-115-600x400.png\" class=\"attachment-medicenter-gallery-image size-medicenter-gallery-image wp-post-image\" alt=\"Examining Erythrocytes as Potential Blood Biomarkers forAutism Spectrum Disorder: Their Relationship to SymptomSeverity and Adaptive Behavior\" title=\"\" srcset=\"https:\/\/acva.sk\/wp-content\/uploads\/2024\/12\/Snimka-obrazovky-115-600x400.png 600w, https:\/\/acva.sk\/wp-content\/uploads\/2024\/12\/Snimka-obrazovky-115-670x446.png 670w, https:\/\/acva.sk\/wp-content\/uploads\/2024\/12\/Snimka-obrazovky-115-480x320.png 480w, https:\/\/acva.sk\/wp-content\/uploads\/2024\/12\/Snimka-obrazovky-115-390x260.png 390w, https:\/\/acva.sk\/wp-content\/uploads\/2024\/12\/Snimka-obrazovky-115-285x190.png 285w\" sizes=\"auto, (max-width: 600px) 100vw, 600px\" \/><\/a><h2 class=\"post-title\"><a href=\"https:\/\/acva.sk\/en\/examining-erythrocytes-as-potential-blood-biomarkers-forautism-spectrum-disorder-their-relationship-to-symptomseverity-and-adaptive-behavior\/\" title=\"Examining Erythrocytes as Potential Blood Biomarkers forAutism Spectrum Disorder: Their Relationship to SymptomSeverity and Adaptive Behavior\">Examining Erythrocytes as Potential Blood Biomarkers forAutism Spectrum Disorder: Their Relationship to SymptomSeverity and Adaptive Behavior<\/a><\/h2><p>AUTHORS: Jasenovec, T., Rado\u0161insk\u00e1, D., Belica, I., Ra\u0161kov\u00e1, B., P\u00fazserov\u00e1, A., Vrbjar, N., Rado\u0161insk\u00e1, J. ABSTRACT: Background: Multiple research teams have documented various abnormalities in erythrocyte properties in children with autism spectrum disorder (ASD) compared with neurotypicalindividuals. Reduced erythrocyte deformability, a crucial factor for microcirculation and oxygen delivery, may affect brain function. Other key factors<\/p>\n\t\t<div class=\"post-footer clearfix\">\n\t\t\t\t\t\t\t\t<ul class=\"post-footer-details\"><li class=\"post-footer-author\">\n\t\t\t\t\t\t\t\t\t\tBarbara Ra\u0161kov\u00e1\n\t\t\t\t\t\t\t\t\t<\/li><li class=\"post-footer-category\">\n\t\t\t\t\t\t\t\t\t\t\t<a href=\"https:\/\/acva.sk\/en\/category\/2024-en\/\" title=\"View all posts filed under 2024\">2024<\/a>, \n\t\t\t\t\t\t\t\t\t\t<\/li><li class=\"post-footer-category\">\n\t\t\t\t\t\t\t\t\t\t\t<a href=\"https:\/\/acva.sk\/en\/category\/publications\/\" title=\"View all posts filed under Publications\">Publications<\/a>\n\t\t\t\t\t\t\t\t\t\t<\/li><\/ul><\/div><\/div><\/li><\/ul><\/div><ul class='pagination page-margin-top'><li class='selected'><span>1<\/span><\/li><li><a href='https:\/\/acva.sk\/en\/wp-json\/wp\/v2\/pages\/21227\/page\/2\/'>2<\/a><\/li><li><a href='https:\/\/acva.sk\/en\/wp-json\/wp\/v2\/pages\/21227\/page\/3\/'>3<\/a><\/li><li><a href='https:\/\/acva.sk\/en\/wp-json\/wp\/v2\/pages\/21227\/page\/2\/'>&rsaquo;<\/a><\/li><li><a href='https:\/\/acva.sk\/en\/wp-json\/wp\/v2\/pages\/21227\/page\/13\/'>&raquo;<\/a><\/li><\/ul>[\/vc_column][\/vc_row]\n","protected":false},"excerpt":{"rendered":"<p>[vc_row][vc_column][\/vc_column][\/vc_row]<\/p>\n","protected":false},"author":1,"featured_media":0,"parent":0,"menu_order":0,"comment_status":"closed","ping_status":"closed","template":"template-blog.php","meta":{"_eb_attr":"","footnotes":""},"class_list":["post-21227","page","type-page","status-publish","hentry"],"_links":{"self":[{"href":"https:\/\/acva.sk\/en\/wp-json\/wp\/v2\/pages\/21227","targetHints":{"allow":["GET"]}}],"collection":[{"href":"https:\/\/acva.sk\/en\/wp-json\/wp\/v2\/pages"}],"about":[{"href":"https:\/\/acva.sk\/en\/wp-json\/wp\/v2\/types\/page"}],"author":[{"embeddable":true,"href":"https:\/\/acva.sk\/en\/wp-json\/wp\/v2\/users\/1"}],"replies":[{"embeddable":true,"href":"https:\/\/acva.sk\/en\/wp-json\/wp\/v2\/comments?post=21227"}],"version-history":[{"count":1,"href":"https:\/\/acva.sk\/en\/wp-json\/wp\/v2\/pages\/21227\/revisions"}],"predecessor-version":[{"id":22414,"href":"https:\/\/acva.sk\/en\/wp-json\/wp\/v2\/pages\/21227\/revisions\/22414"}],"wp:attachment":[{"href":"https:\/\/acva.sk\/en\/wp-json\/wp\/v2\/media?parent=21227"}],"curies":[{"name":"wp","href":"https:\/\/api.w.org\/{rel}","templated":true}]}}