{"id":21219,"date":"2021-03-13T20:33:23","date_gmt":"2021-03-13T19:33:23","guid":{"rendered":"https:\/\/acva.sk\/dotaznik-edo\/"},"modified":"2023-04-19T10:33:37","modified_gmt":"2023-04-19T08:33:37","slug":"dotaznik-edo","status":"publish","type":"page","link":"https:\/\/acva.sk\/en\/dotaznik-edo\/","title":{"rendered":"Dotazn\u00edk EDO"},"content":{"rendered":"[vc_row][vc_column][vc_column_text]\r\n<p>Epidemiologick\u00fd dotazn\u00edk EDO-20 vznikol s cie\u013eom definova\u0165 rizikov\u00e9 faktory, ktor\u00e9 popri genetike zohr\u00e1vaj\u00fa \u00falohu pri poruch\u00e1ch autistick\u00e9ho spektra.<\/p>\r\n\r\n<p>V pr\u00edpade, \u017ee m\u00e1te die\u0165atko, ktor\u00e9mu bola diagnostikovan\u00e1 PAS, resp. m\u00e1 podozrenie na PAS, budeme V\u00e1m v\u010fa\u010dn\u00ed, ak si n\u00e1jdete \u010das a vypln\u00edte dotazn\u00edk a pom\u00f4\u017eete t\u00fdm n\u00e1\u0161mu v\u00fdskumu.<\/p>\r\n\r\n<p>Priv\u00edtame, ak sa medzi Vami n\u00e1jdu aj rodi\u010dia det\u00ed, ktor\u00e9 nespadaj\u00fa do skupiny det\u00ed s\u00a0podozren\u00edm na PAS, s\u00a0diagn\u00f3zou PAS alebo inou neurov\u00fdvinovou poruchou a vyplnia dotazn\u00edk Z\u00edskame t\u00fdm kontroln\u00e9 \u00fadaje, ktor\u00e9 s\u00fa z\u00a0h\u013eadiska v\u00fdskumu taktie\u017e d\u00f4le\u017eit\u00e9.<\/p>\r\n\r\n<p>\u010eakujeme za V\u00e1\u0161 \u010das a \u00fastretovos\u0165! Ver\u00edme, \u017ee aj v\u010faka Va\u0161ej pomoci sa n\u00e1m podar\u00ed definova\u0165 rizikov\u00e9 faktory PAS.<\/p>\r\n<p>LINK NA DOTAZN\u00cdK:\u00a0<a href=\"https:\/\/docs.google.com\/forms\/d\/1r9KmgzNwpx8YAoRVn95b8ZOoN1sdT6CYVtvcz9501fI\/edit\">https:\/\/docs.google.com\/forms\/d\/e\/1FAIpQLSfcTw5lYwtRTapqTFy62kis5tQ7FLDZ62Mc9wJZ7DV_xi6PLg\/viewform?vc=0&amp;c=0&amp;w=1<\/a><\/p>\r\n<!-- \/wp:post-content -->\r\n<p>&nbsp;<\/p>\r\n[\/vc_column_text][\/vc_column][\/vc_row]","protected":false},"excerpt":{"rendered":"<p>[vc_row][vc_column][vc_column_text] Epidemiologick\u00fd dotazn\u00edk EDO-20 vznikol s cie\u013eom definova\u0165 rizikov\u00e9 faktory, ktor\u00e9 popri genetike zohr\u00e1vaj\u00fa \u00falohu pri poruch\u00e1ch autistick\u00e9ho spektra. V pr\u00edpade, \u017ee m\u00e1te die\u0165atko, ktor\u00e9mu bola diagnostikovan\u00e1 PAS, resp. m\u00e1 podozrenie na PAS, budeme V\u00e1m v\u010fa\u010dn\u00ed, ak si n\u00e1jdete \u010das a vypln\u00edte dotazn\u00edk a pom\u00f4\u017eete t\u00fdm n\u00e1\u0161mu v\u00fdskumu. Priv\u00edtame, ak sa medzi Vami n\u00e1jdu aj<\/p>\n","protected":false},"author":1,"featured_media":0,"parent":0,"menu_order":0,"comment_status":"closed","ping_status":"closed","template":"","meta":{"_eb_attr":"","footnotes":""},"class_list":["post-21219","page","type-page","status-publish","hentry"],"_links":{"self":[{"href":"https:\/\/acva.sk\/en\/wp-json\/wp\/v2\/pages\/21219","targetHints":{"allow":["GET"]}}],"collection":[{"href":"https:\/\/acva.sk\/en\/wp-json\/wp\/v2\/pages"}],"about":[{"href":"https:\/\/acva.sk\/en\/wp-json\/wp\/v2\/types\/page"}],"author":[{"embeddable":true,"href":"https:\/\/acva.sk\/en\/wp-json\/wp\/v2\/users\/1"}],"replies":[{"embeddable":true,"href":"https:\/\/acva.sk\/en\/wp-json\/wp\/v2\/comments?post=21219"}],"version-history":[{"count":6,"href":"https:\/\/acva.sk\/en\/wp-json\/wp\/v2\/pages\/21219\/revisions"}],"predecessor-version":[{"id":23724,"href":"https:\/\/acva.sk\/en\/wp-json\/wp\/v2\/pages\/21219\/revisions\/23724"}],"wp:attachment":[{"href":"https:\/\/acva.sk\/en\/wp-json\/wp\/v2\/media?parent=21219"}],"curies":[{"name":"wp","href":"https:\/\/api.w.org\/{rel}","templated":true}]}}