{"id":21218,"date":"2021-03-13T20:33:42","date_gmt":"2021-03-13T19:33:42","guid":{"rendered":"https:\/\/acva.sk\/dotaznik-o-vplyve-obdobia-karanteny-na-zivoty-rodin-s-detmi-aj-s-pas\/"},"modified":"2021-03-13T20:33:42","modified_gmt":"2021-03-13T19:33:42","slug":"dotaznik-o-vplyve-obdobia-karanteny-na-zivoty-rodin-s-detmi-aj-s-pas","status":"publish","type":"page","link":"https:\/\/acva.sk\/en\/dotaznik-o-vplyve-obdobia-karanteny-na-zivoty-rodin-s-detmi-aj-s-pas\/","title":{"rendered":"Dotazn\u00edk o vplyve obdobia karant\u00e9ny na \u017eivoty rod\u00edn s de\u0165mi (aj s PAS)"},"content":{"rendered":"\n<p>Podobne ako v in\u00fdch krajin\u00e1ch, aj pre n\u00e1s, v Akademickom centre v\u00fdskumu autizmu s\u00fa d\u00f4le\u017eit\u00e9 inform\u00e1cie o&nbsp;tom ako rodiny s&nbsp;de\u0165mi (aj s&nbsp;poruchou autistick\u00e9ho spektra) zvl\u00e1dali \u017eivotn\u00e9 situ\u00e1cie po\u010das prvej a&nbsp;druhej vlny karant\u00e9nnych opatren\u00ed, z d\u00f4vodu pand\u00e9mie COVID-19. Vyplnenie dotazn\u00edka si bude vy\u017eadova\u0165 ist\u00fd \u010das, cca 15-20 min\u00fat.<\/p>\n\n\n\n<p>\u010eakujeme za V\u00e1\u0161 \u010das a&nbsp;\u00fastretovos\u0165!<\/p>\n\n\n\n<p>LINK NA DOTAZN\u00cdK: <a href=\"https:\/\/docs.google.com\/forms\/d\/1JPwN2EX4XcesZ10duQF2kNnM_0_EaO3VpggtN9ZMU84\/viewform?edit_requested=true&amp;fbclid=IwAR11hhpRwM2dweWNt5jacEiWZhIEuIPEUgJupMxga_GnwX_cnCNFy57jsjc\">https:\/\/docs.google.com\/forms\/d\/1JPwN2EX4XcesZ10duQF2kNnM_0_EaO3VpggtN9ZMU84\/viewform?edit_requested=true&amp;fbclid=IwAR11hhpRwM2dweWNt5jacEiWZhIEuIPEUgJupMxga_GnwX_cnCNFy57jsjc<\/a><\/p>\n","protected":false},"excerpt":{"rendered":"<p>Podobne ako v in\u00fdch krajin\u00e1ch, aj pre n\u00e1s, v Akademickom centre v\u00fdskumu autizmu s\u00fa d\u00f4le\u017eit\u00e9 inform\u00e1cie o&nbsp;tom ako rodiny s&nbsp;de\u0165mi (aj s&nbsp;poruchou autistick\u00e9ho spektra) zvl\u00e1dali \u017eivotn\u00e9 situ\u00e1cie po\u010das prvej a&nbsp;druhej vlny karant\u00e9nnych opatren\u00ed, z d\u00f4vodu pand\u00e9mie COVID-19. Vyplnenie dotazn\u00edka si bude vy\u017eadova\u0165 ist\u00fd \u010das, cca 15-20 min\u00fat. \u010eakujeme za V\u00e1\u0161 \u010das a&nbsp;\u00fastretovos\u0165! LINK NA DOTAZN\u00cdK:<\/p>\n","protected":false},"author":1,"featured_media":0,"parent":0,"menu_order":0,"comment_status":"closed","ping_status":"closed","template":"","meta":{"_eb_attr":"","footnotes":""},"class_list":["post-21218","page","type-page","status-publish","hentry"],"_links":{"self":[{"href":"https:\/\/acva.sk\/en\/wp-json\/wp\/v2\/pages\/21218","targetHints":{"allow":["GET"]}}],"collection":[{"href":"https:\/\/acva.sk\/en\/wp-json\/wp\/v2\/pages"}],"about":[{"href":"https:\/\/acva.sk\/en\/wp-json\/wp\/v2\/types\/page"}],"author":[{"embeddable":true,"href":"https:\/\/acva.sk\/en\/wp-json\/wp\/v2\/users\/1"}],"replies":[{"embeddable":true,"href":"https:\/\/acva.sk\/en\/wp-json\/wp\/v2\/comments?post=21218"}],"version-history":[{"count":0,"href":"https:\/\/acva.sk\/en\/wp-json\/wp\/v2\/pages\/21218\/revisions"}],"wp:attachment":[{"href":"https:\/\/acva.sk\/en\/wp-json\/wp\/v2\/media?parent=21218"}],"curies":[{"name":"wp","href":"https:\/\/api.w.org\/{rel}","templated":true}]}}