{"id":21217,"date":"2021-03-13T20:36:14","date_gmt":"2021-03-13T19:36:14","guid":{"rendered":"https:\/\/acva.sk\/co-je-to-skrining\/"},"modified":"2021-03-13T20:36:14","modified_gmt":"2021-03-13T19:36:14","slug":"co-je-to-skrining","status":"publish","type":"page","link":"https:\/\/acva.sk\/en\/co-je-to-skrining\/","title":{"rendered":"\u010co je to skr\u00edning?"},"content":{"rendered":"\n<p>V&nbsp;diagnostike por\u00fach autistick\u00e9ho spektra (PAS) nie je doposia\u013e k&nbsp;dispoz\u00edcii \u017eiaden biologick\u00fd marker, na z\u00e1klade ktor\u00e9ho by bolo mo\u017en\u00e9 potvrdi\u0165, resp. vyl\u00fa\u010di\u0165 pr\u00edtomnos\u0165 PAS.<\/p>\n\n\n\n<p>D\u00f4le\u017eit\u00fdm faktorom je v\u010dasn\u00e9 zachytenie prv\u00fdch prejavov autizmu, ide\u00e1lne do druh\u00e9ho roku veku \u017eivota.<\/p>\n\n\n\n<p>Existuje skupina tzv. \u201evarovn\u00fdch pr\u00edznakov\u201c PAS:<\/p>\n\n\n\n<p><strong>Obavy rodi\u010dov,<\/strong> medzi ktor\u00e9 parti\u00ed oneskoren\u00fd v\u00fdvin re\u010di, deficit v&nbsp;soci\u00e1lnych oblastiach, probl\u00e9mov\u00e9 spr\u00e1vanie, die\u0165a netoleruje zmeny, str\u00e1ni sa kolekt\u00edvu rovesn\u00edkov, probl\u00e9my spojen\u00e9 s pr\u00edjmom potravy a&nbsp;\u010fal\u0161ie.<\/p>\n\n\n\n<p><strong>Objekt\u00edvne pr\u00edznaky<\/strong>, die\u0165a nereaguje na svoje meno, m\u00e1 oneskoren\u00fd v\u00fdvin re\u010di a&nbsp;komunika\u010dn\u00fdch schopnost\u00ed, nepr\u00edtomnos\u0165 jednoduch\u00fdch slov do 16 mesiacov, nepr\u00edtomnos\u0165 \u00fasmevu alebo prejavu radosti, nezvykl\u00e9 a&nbsp;repetit\u00edvne pou\u017e\u00edvanie predmetov (ukladanie do radov, zora\u010fovanie pod\u013ea farieb) repetit\u00edvne a&nbsp;stereotypn\u00e9 pohyby tela (m\u00e1vanie rukami, poskakovanie, chodenie po \u0161pi\u010dk\u00e1ch), strata re\u010di a&nbsp;in\u00fdch soci\u00e1lnych zru\u010dnost\u00ed v&nbsp;akomko\u013evek veku.<\/p>\n\n\n\n<p><strong>Skr\u00edning PAS<\/strong> sl\u00fa\u017ei na vyh\u013ead\u00e1vanie det\u00ed s&nbsp;vysok\u00fd rizikom PAS v&nbsp;popul\u00e1ci\u00ed, ktor\u00e1 je pova\u017eovan\u00e1 za zdrav\u00fa. Met\u00f3da skr\u00edningu m\u00e1 by\u0165 r\u00fdchla, \u013eahko dostupn\u00e1, aby bolo mo\u017en\u00e9 skontrolova\u0165 \u010do najviac det\u00ed.<\/p>\n\n\n\n<p>V\u00a0r\u00e1mci skr\u00edningu je mo\u017en\u00e9 pou\u017ei\u0165 r\u00f4zne met\u00f3dy.<\/p>\n\n\n\n<div class=\"wp-block-buttons is-layout-flex wp-block-buttons-is-layout-flex\">\n<div class=\"wp-block-button\"><a class=\"wp-block-button__link\" href=\"https:\/\/acva.sk\/en\/m-chat\/\">Urobi\u0165 dotazn\u00edk M-CHAT<\/a><\/div>\n<\/div>\n\n\n\n<p><em>Viac inform\u00e1cii n\u00e1jdete v&nbsp;\u010dl\u00e1nku:<\/em><\/p>\n\n\n\n<p><em>Hnilicov\u00e1, S., Ostatn\u00edkov\u00e1, D., Poruchy autistick\u00e9ho spektra \u2013 v\u010dasn\u00e1 diagnostika a skr\u00edning <\/em><a href=\"http:\/\/www.solen.sk\/\"><em>www.solen.sk<\/em><\/a><em> 2018,19(2), Pediatria pre prax<\/em><\/p>\n\n\n\n<div class=\"wp-block-file\"><a href=\"https:\/\/acva.sk\/wp-content\/uploads\/2021\/03\/lu1089092zz30.pdf\">Prehladov\u00e9 \u010dl\u00e1nky<\/a><a href=\"https:\/\/acva.sk\/wp-content\/uploads\/2021\/03\/lu1089092zz30.pdf\" class=\"wp-block-file__button\" download>Stiahnu\u0165<\/a><\/div>\n\n\n\n<p><\/p>\n","protected":false},"excerpt":{"rendered":"<p>V&nbsp;diagnostike por\u00fach autistick\u00e9ho spektra (PAS) nie je doposia\u013e k&nbsp;dispoz\u00edcii \u017eiaden biologick\u00fd marker, na z\u00e1klade ktor\u00e9ho by bolo mo\u017en\u00e9 potvrdi\u0165, resp. vyl\u00fa\u010di\u0165 pr\u00edtomnos\u0165 PAS. D\u00f4le\u017eit\u00fdm faktorom je v\u010dasn\u00e9 zachytenie prv\u00fdch prejavov autizmu, ide\u00e1lne do druh\u00e9ho roku veku \u017eivota. Existuje skupina tzv. \u201evarovn\u00fdch pr\u00edznakov\u201c PAS: Obavy rodi\u010dov, medzi ktor\u00e9 parti\u00ed oneskoren\u00fd v\u00fdvin re\u010di, deficit v&nbsp;soci\u00e1lnych oblastiach, probl\u00e9mov\u00e9<\/p>\n","protected":false},"author":1,"featured_media":0,"parent":0,"menu_order":0,"comment_status":"closed","ping_status":"closed","template":"","meta":{"_eb_attr":"","footnotes":""},"class_list":["post-21217","page","type-page","status-publish","hentry"],"_links":{"self":[{"href":"https:\/\/acva.sk\/en\/wp-json\/wp\/v2\/pages\/21217","targetHints":{"allow":["GET"]}}],"collection":[{"href":"https:\/\/acva.sk\/en\/wp-json\/wp\/v2\/pages"}],"about":[{"href":"https:\/\/acva.sk\/en\/wp-json\/wp\/v2\/types\/page"}],"author":[{"embeddable":true,"href":"https:\/\/acva.sk\/en\/wp-json\/wp\/v2\/users\/1"}],"replies":[{"embeddable":true,"href":"https:\/\/acva.sk\/en\/wp-json\/wp\/v2\/comments?post=21217"}],"version-history":[{"count":0,"href":"https:\/\/acva.sk\/en\/wp-json\/wp\/v2\/pages\/21217\/revisions"}],"wp:attachment":[{"href":"https:\/\/acva.sk\/en\/wp-json\/wp\/v2\/media?parent=21217"}],"curies":[{"name":"wp","href":"https:\/\/api.w.org\/{rel}","templated":true}]}}