{"id":21215,"date":"2021-03-13T20:37:31","date_gmt":"2021-03-13T19:37:31","guid":{"rendered":"https:\/\/acva.sk\/diagnostika-v-acva\/"},"modified":"2021-03-13T20:37:31","modified_gmt":"2021-03-13T19:37:31","slug":"diagnostika-v-acva","status":"publish","type":"page","link":"https:\/\/acva.sk\/en\/diagnostika-v-acva\/","title":{"rendered":"Diagnostika v\u00a0ACVA"},"content":{"rendered":"\n<p>Diagnostick\u00fd proces v&nbsp;Akademickom centre v\u00fdskumu autizmu je <strong>bezplatn\u00fd,<\/strong> av\u0161ak po\u017eadujeme od V\u00e1s rodi\u010dov spolupr\u00e1cu vo forme zapojenia sa do v\u00fdskumn\u00e9ho procesu, ktor\u00fd je zalo\u017een\u00fd na poskytnut\u00ed <strong>biologick\u00fdch vzoriek die\u0165a\u0165a<\/strong> (jednorazov\u00fd odber stolice, mo\u010du a&nbsp;krvi) bez oh\u013eadu na diagn\u00f3zu die\u0165a\u0165a. Druhou podmienku absolvovania diagnostiky v&nbsp;na\u0161om centre je <strong>vyplnenie elektronick\u00fdch dotazn\u00edkov<\/strong>, ktor\u00e9 V\u00e1m bud\u00fa vopred zaslan\u00e9.<\/p>\n\n\n\n<p>Akademick\u00e9 centrum v\u00fdskumu autizmu sa zameriava v\u00fdlu\u010dne na diagnostiku det\u00ed vo veku <strong>od 2 do 15 rokov<\/strong><\/p>\n\n\n\n<p>Viac inform\u00e1cii n\u00e1jdete v&nbsp;nasledovnom dokumente:<\/p>\n\n\n\n<div class=\"wp-block-file\"><a href=\"https:\/\/acva.sk\/wp-content\/uploads\/2021\/03\/lu1089092zz7a.pdf\">Inform\u00e1cia pre \u00fa\u010dastn\u00edka projektu &#8211; die\u0165a s PAS<\/a><a href=\"https:\/\/acva.sk\/wp-content\/uploads\/2021\/03\/lu1089092zz7a.pdf\" class=\"wp-block-file__button\" download>Stiahnu\u0165<\/a><\/div>\n\n\n\n<p>Na z\u00e1klade Vami <a href=\"https:\/\/acva.sk\/en\/prihlasenie-na-vysetrenie\/\" data-type=\"page\" data-id=\"4113\">prejaven\u00e9ho z\u00e1ujmu o&nbsp;diagnostiku v&nbsp;na\u0161om centre<\/a> budete kontaktovan\u00ed koordin\u00e1torkou centra, ktor\u00e1 V\u00e1m mailom za\u0161le:<\/p>\n\n\n\n<ul class=\"wp-block-list\"><li>z\u00e1kladn\u00e9 inform\u00e1cie o&nbsp;diagnostike,<\/li><li>elektronick\u00e9 dotazn\u00edky, ktor\u00fdch vyplnenie je podmienkou na realiz\u00e1ciu diagnostiky v&nbsp;na\u0161om centre,<\/li><li>jedine\u010dn\u00fd k\u00f3d pre Va\u0161e die\u0165a, ktor\u00fd pou\u017eijete pri vyplnen\u00ed dotazn\u00edkov.<\/li><\/ul>\n\n\n\n<p>Vopred V\u00e1m bud\u00fa po\u0161tou zaslan\u00e9 odbern\u00e9 sk\u00famavky na stolicu, aj s&nbsp;popisom ako postupova\u0165 aby sa vzorka neznehodnotila,<\/p>\n\n\n\n<p>\u017diadame rodi\u010dov aby diagnostiku dostavili<strong> s&nbsp;die\u0165a\u0165om bez ak\u00fatneho infek\u010dn\u00e9ho\/respira\u010dn\u00e9ho ochorenia<\/strong>. Chor\u00e9 die\u0165a nie je mo\u017en\u00e9 zodpovedne vy\u0161etri\u0165 a zhodnoti\u0165 diagnostiku.<\/p>\n\n\n\n<div class=\"wp-block-buttons is-layout-flex wp-block-buttons-is-layout-flex\">\n<div class=\"wp-block-button\"><a class=\"wp-block-button__link has-medicenter-dark-blue-background-color has-background\" href=\"https:\/\/acva.sk\/en\/prihlasenie-na-vysetrenie\/\">Prihl\u00e1senie na diagnostiku<\/a><\/div>\n\n\n\n<div class=\"wp-block-button\"><a class=\"wp-block-button__link has-medicenter-dark-blue-background-color has-background\" href=\"https:\/\/acva.sk\/en\/ako-prebieha-vysetrenie\/\">Ako prebieha vy\u0161etrenie<\/a><\/div>\n\n\n\n<div class=\"wp-block-button\"><a class=\"wp-block-button__link has-medicenter-dark-blue-background-color has-background\" href=\"https:\/\/acva.sk\/en\/faq\/\">FAQ<\/a><\/div>\n<\/div>\n","protected":false},"excerpt":{"rendered":"<p>Diagnostick\u00fd proces v&nbsp;Akademickom centre v\u00fdskumu autizmu je bezplatn\u00fd, av\u0161ak po\u017eadujeme od V\u00e1s rodi\u010dov spolupr\u00e1cu vo forme zapojenia sa do v\u00fdskumn\u00e9ho procesu, ktor\u00fd je zalo\u017een\u00fd na poskytnut\u00ed biologick\u00fdch vzoriek die\u0165a\u0165a (jednorazov\u00fd odber stolice, mo\u010du a&nbsp;krvi) bez oh\u013eadu na diagn\u00f3zu die\u0165a\u0165a. Druhou podmienku absolvovania diagnostiky v&nbsp;na\u0161om centre je vyplnenie elektronick\u00fdch dotazn\u00edkov, ktor\u00e9 V\u00e1m bud\u00fa vopred zaslan\u00e9. Akademick\u00e9<\/p>\n","protected":false},"author":1,"featured_media":0,"parent":0,"menu_order":0,"comment_status":"closed","ping_status":"closed","template":"","meta":{"_eb_attr":"","footnotes":""},"class_list":["post-21215","page","type-page","status-publish","hentry"],"_links":{"self":[{"href":"https:\/\/acva.sk\/en\/wp-json\/wp\/v2\/pages\/21215","targetHints":{"allow":["GET"]}}],"collection":[{"href":"https:\/\/acva.sk\/en\/wp-json\/wp\/v2\/pages"}],"about":[{"href":"https:\/\/acva.sk\/en\/wp-json\/wp\/v2\/types\/page"}],"author":[{"embeddable":true,"href":"https:\/\/acva.sk\/en\/wp-json\/wp\/v2\/users\/1"}],"replies":[{"embeddable":true,"href":"https:\/\/acva.sk\/en\/wp-json\/wp\/v2\/comments?post=21215"}],"version-history":[{"count":0,"href":"https:\/\/acva.sk\/en\/wp-json\/wp\/v2\/pages\/21215\/revisions"}],"wp:attachment":[{"href":"https:\/\/acva.sk\/en\/wp-json\/wp\/v2\/media?parent=21215"}],"curies":[{"name":"wp","href":"https:\/\/api.w.org\/{rel}","templated":true}]}}