{"id":21212,"date":"2021-03-13T20:38:17","date_gmt":"2021-03-13T19:38:17","guid":{"rendered":"https:\/\/acva.sk\/poradna-vyzivy\/"},"modified":"2021-03-13T20:38:17","modified_gmt":"2021-03-13T19:38:17","slug":"poradna-vyzivy","status":"publish","type":"page","link":"https:\/\/acva.sk\/en\/poradna-vyzivy\/","title":{"rendered":"Porad\u0148a v\u00fd\u017eivy"},"content":{"rendered":"\n<p>Porad\u0148a o&nbsp;v\u00fd\u017eive sl\u00fa\u017ei na pomoc rodi\u010dom det\u00ed s autizmom alebo samotn\u00fdm \u013eu\u010fom s autizmom, ktor\u00ed maj\u00fa v\u00fd\u017eivov\u00e9 probl\u00e9my, pr\u00edpadne in\u00e9 ot\u00e1zky spojen\u00e9 z v\u00fd\u017eivou.<\/p>\n\n\n\n<p>V poradni odpoved\u00e1 doc. MUDr. Katar\u00edna Babinsk\u00e1, PhD., MSc. z n\u00e1\u0161ho centra ACVA, na Lek\u00e1rskej fakulte Univerzity Komensk\u00e9ho v Bratislave, ktor\u00e1 sa venuje v\u00fdu\u010dbe, v\u00fdskumu, osvetovej a poradenskej \u010dinnosti v oblasti v\u00fd\u017eivy.<\/p>\n\n\n\n<p>Va\u0161u ot\u00e1zku zadajte prostredn\u00edctvom emailu na <a href=\"mailto:acva@acva.sk\" data-type=\"mailto\" data-id=\"mailto:acva@acva.sk\">acva@acva.sk<\/a><\/p>\n\n\n\n<p><\/p>\n","protected":false},"excerpt":{"rendered":"<p>Porad\u0148a o&nbsp;v\u00fd\u017eive sl\u00fa\u017ei na pomoc rodi\u010dom det\u00ed s autizmom alebo samotn\u00fdm \u013eu\u010fom s autizmom, ktor\u00ed maj\u00fa v\u00fd\u017eivov\u00e9 probl\u00e9my, pr\u00edpadne in\u00e9 ot\u00e1zky spojen\u00e9 z v\u00fd\u017eivou. V poradni odpoved\u00e1 doc. MUDr. Katar\u00edna Babinsk\u00e1, PhD., MSc. z n\u00e1\u0161ho centra ACVA, na Lek\u00e1rskej fakulte Univerzity Komensk\u00e9ho v Bratislave, ktor\u00e1 sa venuje v\u00fdu\u010dbe, v\u00fdskumu, osvetovej a poradenskej \u010dinnosti v oblasti<\/p>\n","protected":false},"author":1,"featured_media":0,"parent":0,"menu_order":0,"comment_status":"closed","ping_status":"closed","template":"","meta":{"_eb_attr":"","footnotes":""},"class_list":["post-21212","page","type-page","status-publish","hentry"],"_links":{"self":[{"href":"https:\/\/acva.sk\/en\/wp-json\/wp\/v2\/pages\/21212","targetHints":{"allow":["GET"]}}],"collection":[{"href":"https:\/\/acva.sk\/en\/wp-json\/wp\/v2\/pages"}],"about":[{"href":"https:\/\/acva.sk\/en\/wp-json\/wp\/v2\/types\/page"}],"author":[{"embeddable":true,"href":"https:\/\/acva.sk\/en\/wp-json\/wp\/v2\/users\/1"}],"replies":[{"embeddable":true,"href":"https:\/\/acva.sk\/en\/wp-json\/wp\/v2\/comments?post=21212"}],"version-history":[{"count":0,"href":"https:\/\/acva.sk\/en\/wp-json\/wp\/v2\/pages\/21212\/revisions"}],"wp:attachment":[{"href":"https:\/\/acva.sk\/en\/wp-json\/wp\/v2\/media?parent=21212"}],"curies":[{"name":"wp","href":"https:\/\/api.w.org\/{rel}","templated":true}]}}