{"id":21211,"date":"2021-03-13T20:38:29","date_gmt":"2021-03-13T19:38:29","guid":{"rendered":"https:\/\/acva.sk\/ako-prebieha-vysetrenie\/"},"modified":"2021-03-13T20:38:29","modified_gmt":"2021-03-13T19:38:29","slug":"ako-prebieha-vysetrenie","status":"publish","type":"page","link":"https:\/\/acva.sk\/en\/ako-prebieha-vysetrenie\/","title":{"rendered":"Ako prebieha vy\u0161etrenie"},"content":{"rendered":"[vc_row][vc_column][vc_column_text]\r\n<h2 class=\"wp-block-heading\"><strong><span class=\"has-inline-color has-medicenter-dark-blue-color\">DE\u0147 PRED TERM\u00cdNOM DIAGNOSTIKY SI ZAZNAMENAJTE<\/span><\/strong><\/h2>\r\n\r\n<p>&nbsp;<\/p>\r\n\r\n<ul class=\"wp-block-list\">\r\n<li><strong>kedy i\u0161lo Va\u0161e die\u0165a spa\u0165<\/strong> a\u00a0<strong>kedy sa prebudilo<\/strong> r\u00e1no <strong>v\u00a0de\u0148 odberu mo\u010du<\/strong><\/li>\r\n<li><strong>sp\u00e1va Va\u0161e die\u0165a pri osvetlen\u00ed<\/strong> (ak \u00e1no, uve\u010fte pros\u00edm intenzitu svetla a\u00a0\u010di svieti po\u010das celej noci alebo len ur\u010dit\u00fd \u010das)<\/li>\r\n<li><strong>spalo<\/strong> Va\u0161e die\u0165a noc pred odberom mo\u010du <strong>pri osvetlen\u00ed<\/strong>, pr\u00edpadne nebolo v\u00a0priebehu noci v\u00a0jeho pr\u00edtomnosti <strong>za\u017eat\u00e9 svetlo<\/strong> (\u010do i\u00a0len na kr\u00e1tku chv\u00ed\u013eu)<\/li>\r\n<\/ul>\r\n\r\n<p>&nbsp;<\/p>\r\n\r\n<h2 class=\"wp-block-heading\"><strong><span class=\"has-inline-color has-medicenter-dark-blue-color\">V\u00a0DE\u0147 DIAGNOSTIKY JE POTREBN\u00c9 PRINIES\u0164<\/span><\/strong><\/h2>\r\n\r\n<p>&nbsp;<\/p>\r\n\r\n<h3 class=\"wp-block-heading\"><strong><span class=\"has-inline-color has-medicenter-dark-blue-color\">1) Vzorku stolice<\/span><\/strong><\/h3>\r\n\r\n<p>Podrobn\u00e9 inform\u00e1cie o\u00a0technike odberu stolice a\u00a0mo\u010du n\u00e1jdete v dokumente<\/p>\r\n\r\n<p>&nbsp;<\/p>\r\n\r\n<div class=\"wp-block-file\"><a href=\"https:\/\/acva.sk\/wp-content\/uploads\/2021\/03\/lu1089092zzbk.pdf\">Pokyny pre odber stolice<\/a><a class=\"wp-block-file__button\" href=\"https:\/\/acva.sk\/wp-content\/uploads\/2021\/03\/lu1089092zzbk.pdf\" download=\"\">Stiahnu\u0165<\/a><\/div>\r\n\r\n<p><em>Pozn\u00e1mka: ak die\u0165a u\u017e\u00edvalo antibiotik\u00e1, m\u00f4\u017ee sa odber stolice uskuto\u010dni\u0165 najsk\u00f4r <strong>3 t\u00fd\u017edne po dou\u017e\u00edvan\u00ed antibiot\u00edk<\/strong>, upozorn\u00edte na t\u00fato skuto\u010dnos\u0165 na\u0161u administr\u00e1torku pri objedn\u00e1van\u00ed na term\u00edn<\/em><\/p>\r\n\r\n<p>&nbsp;<\/p>\r\n\r\n<h3 class=\"wp-block-heading\"><strong><span class=\"has-inline-color has-medicenter-dark-blue-color\">2) Vzorku prv\u00e9ho rann\u00e9ho mo\u010du<\/span><\/strong><\/h3>\r\n\r\n<p>(iba u\u00a0det\u00ed, ktor\u00e9 s\u00fa nau\u010den\u00e9 chodi\u0165 na toaletu\/no\u010dn\u00edk), postup na odber mo\u010du n\u00e1jdete<\/p>\r\n\r\n<p>&nbsp;<\/p>\r\n\r\n<div class=\"wp-block-file\"><a href=\"https:\/\/acva.sk\/wp-content\/uploads\/2021\/03\/postup-pri-vysetreni.pdf\">Postup pri vy\u0161etren\u00ed<\/a><a class=\"wp-block-file__button\" href=\"https:\/\/acva.sk\/wp-content\/uploads\/2021\/03\/postup-pri-vysetreni.pdf\" download=\"\">Stiahnu\u0165<\/a><\/div>\r\n\r\n<p>&nbsp;<\/p>\r\n\r\n<h3 class=\"wp-block-heading\"><strong><span class=\"has-inline-color has-medicenter-dark-blue-color\">3) Spr\u00e1vy z predch\u00e1dzaj\u00facich vy\u0161etren\u00ed die\u0165a\u0165a a vide\u00e1 atypick\u00e9ho spr\u00e1vania<\/span><\/strong><\/h3>\r\n\r\n<p>&nbsp;<\/p>\r\n\r\n<ul class=\"wp-block-list\">\r\n<li><strong>psychologick\u00e9, psychiatrick\u00e9 a neurologick\u00e9<\/strong> <strong>spr\u00e1vy<\/strong> \u2013 ak die\u0165a u\u017e absolvovalo niektor\u00e9 z\u00a0uveden\u00fdch vy\u0161etren\u00ed.<\/li>\r\n<li><strong>vide\u00e1<\/strong> pokia\u013e m\u00e1te k\u00a0dispoz\u00edcii kr\u00e1tke vide\u00e1 z\u00a0dom\u00e1ceho prostredia, ktor\u00e9 zachyt\u00e1vaj\u00fa spr\u00e1vanie, hru v\u00e1\u0161ho die\u0165a\u0165a m\u00f4\u017eu by\u0165 pre n\u00e1s n\u00e1pomocn\u00e9 pri diagnostike die\u0165a\u0165a.<\/li>\r\n<\/ul>\r\n\r\n<p>&nbsp;<\/p>\r\n\r\n<h3 class=\"wp-block-heading\"><strong><span class=\"has-inline-color has-medicenter-dark-blue-color\">4) N\u00e1poj, drobn\u00fa odmenu, papu\u010de<\/span><\/strong><\/h3>\r\n\r\n<p>&nbsp;<\/p>\r\n\r\n<ul class=\"wp-block-list\">\r\n<li><strong>2 druhy malej poch\u00fa\u0165ky, <\/strong>ktor\u00e9 m\u00e1 Va\u0161e die\u0165a v\u00a0ob\u013eube, sl\u00fa\u017eia ako odmena pri vy\u0161etren\u00ed (napr. cukr\u00edky, keks\u00edky, chipsy, jeho &#8220;kol\u00e1\u010d&#8221;, \u010doko\u013evek, \u010do je pre Va\u0161e die\u0165a poch\u00fa\u0165kovo atrakt\u00edvne). Je vhodn\u00e9 donies\u0165 <strong>dva druhy pochut\u00edn<\/strong>, ale v mal\u00fdch mno\u017estv\u00e1ch\/k\u00faskoch (pozn. plat\u00ed pre deti do 10 rokov)<\/li>\r\n<li><strong>n\u00e1poj <\/strong>&#8211; ak by bolo po\u010das vy\u0161etrenia sm\u00e4dn\u00e9, v jeho ob\u013e\u00fabenej n\u00e1dobe na pitie<\/li>\r\n<li><strong>papu\u010de<\/strong> &#8211; vy\u0161etrenie prebieha v miestnosti, kde si niektor\u00e9 deti radi sadn\u00fa aj na dl\u00e1\u017eku. K dispoz\u00edcii s\u00fa n\u00e1vleky, ale niektor\u00fdm de\u0165om m\u00f4\u017eu prek\u00e1\u017ea\u0165.<\/li>\r\n<\/ul>\r\n\r\n<p>&nbsp;<\/p>\r\n\r\n<h2 class=\"has-medicenter-dark-blue-color has-text-color wp-block-heading\"><strong><span class=\"has-inline-color has-medicenter-dark-blue-color\">AKO PREBIEHA VY\u0160ETRENIE<\/span><\/strong><\/h2>\r\n\r\n<p>Kompletn\u00e9 vy\u0161etrenie trv\u00e1 pribli\u017ene <strong>3-4 hodiny<\/strong> (na \u017eiados\u0165 rodi\u010dov je mo\u017en\u00e9 vy\u0161etrenie rozdeli\u0165 na dve \u010dasti a\u00a0absolvova\u0165 ich v\u00a0rozli\u010dn\u00e9 dni). Diagnostika zah\u0155\u0148a:<\/p>\r\n\r\n<p>&nbsp;<\/p>\r\n\r\n<h3 class=\"has-medicenter-dark-blue-color has-text-color wp-block-heading\"><strong><span class=\"has-inline-color has-medicenter-dark-blue-color\">Vy\u0161etrenie ADOS <\/span><\/strong><\/h3>\r\n\r\n<p>&#8211; administruje jeden diagnostik, ide o psychologick\u00e9 vy\u0161etrenie die\u0165a\u0165a formou hry,\u00a0pozorovania a\/lebo rozhovoru. T\u00e1to \u010das\u0165 vy\u0161etrenia je zaznamen\u00e1van\u00e1 na videokameru z\u00a0d\u00f4vodu zv\u00fd\u0161enia objektivity vy\u0161etrenia. D\u013a\u017eka trvania vy\u0161etrenia je nasledovn\u00e1:<\/p>\r\n\r\n<p>&nbsp;<\/p>\r\n\r\n<ul class=\"wp-block-list\">\r\n<li>neverb\u00e1lne deti: 30 \u2013 40 min\u00fat <strong>(v sprievode rodi\u010da)<\/strong><\/li>\r\n<li>verb\u00e1lne deti na a\u00a0deti na prvom stupni z\u00e1kladnej \u0161koly: 1 a\u017e 1,5 hod<\/li>\r\n<li>star\u0161ie deti \u2013 adolescenti: 1,5 \u2013 2 hod<\/li>\r\n<\/ul>\r\n\r\n<p>&nbsp;<\/p>\r\n\r\n<h3 class=\"has-medicenter-dark-blue-color has-text-color wp-block-heading\"><strong><span class=\"has-inline-color has-medicenter-dark-blue-color\">Vy\u0161etrenie ADI-R<\/span><\/strong><\/h3>\r\n\r\n<p>pozost\u00e1va zo \u0161trukt\u00farovan\u00e9ho rozhovoru s\u00a0rodi\u010dom\/rodi\u010dmi die\u0165a\u0165a a administruje ho druh\u00fd diagnostik. V tomto rozhovore podrobne zis\u0165ujeme v\u00fdvinov\u00fa hist\u00f3riu die\u0165a\u0165a, jeho hru, komunik\u00e1ciu, vz\u0165ahy s \u010dlenmi rodiny, rovesn\u00edkmi a in\u00e9 pre PAS v\u00fdznamn\u00e9 prejavy v spr\u00e1van\u00ed. Po\u010das tejto \u010dasti vy\u0161etrenia V\u00e1m na\u0161i odborn\u00edci kvalifikovane poradia, na ktor\u00e9 oblasti v\u00fdvinu sa treba zamera\u0165, aby bola die\u0165a\u0165u poskytnut\u00e1 odborn\u00e1 starostlivos\u0165 (pod\u013ea charakteru postihnutia u\u00a0die\u0165a\u0165a \u2013 logop\u00e9d, neurol\u00f3g, psychiater, \u0161peci\u00e1lny pedag\u00f3g).<\/p>\r\n\r\n<p>Neodpor\u00fa\u010dame pr\u00edtomnos\u0165 die\u0165a\u0165a po\u010das tejto \u010dasti diagnostiky, z\u00a0d\u00f4vodu neru\u0161enej koncentr\u00e1cie rodi\u010dov na rozhovor, pri star\u0161\u00edch de\u0165och, nie je vhodn\u00e1 pr\u00edtomnos\u0165, vzh\u013eadom na skuto\u010dnos\u0165, \u017ee rodi\u010dia pred nimi opisuj\u00fa ich v\u00fdvin, spr\u00e1vanie. V\u00a0tejto s\u00favislosti \u017eiadame rodi\u010dov aby si zabezpe\u010dili \u010fal\u0161iu, tretiu osobou, ktor\u00e1 sa o\u00a0die\u0165a postar\u00e1, resp. ho odvezie domov.<\/p>\r\n\r\n<p><strong>UPOZORNENIE<\/strong>: vzh\u013eadom na prebiehaj\u00face epidemiologick\u00fa situ\u00e1ciu v\u00a0s\u00favislosti s\u00a0COVID-19 je mo\u017en\u00e9 t\u00fato \u010das\u0165 diagnostiky absolvova\u0165 formou online rozhovoru, kedy si diagnostik s\u00a0rodi\u010dmi dohodne d\u00e1tum a\u00a0\u010das, ktor\u00fd je pre obe strany vyhovuj\u00faci.<\/p>\r\n\r\n<p>&nbsp;<\/p>\r\n\r\n<h3 class=\"has-medicenter-dark-blue-color has-text-color wp-block-heading\"><strong><span class=\"has-inline-color has-medicenter-dark-blue-color\">Ostatn\u00e9 vy\u0161etrenia<\/span><\/strong><\/h3>\r\n\r\n<p>&nbsp;<\/p>\r\n\r\n<ul class=\"wp-block-list\">\r\n<li><strong>odtla\u010dky r\u00fak a prstov<\/strong> &#8211; ruka die\u0165atka sa val\u010dekom ozna\u010d\u00ed tla\u010diarenskou farbou a obe ruky a jednotliv\u00e9 prsty sa odtla\u010dia na papier. Proced\u00fara je bezbolestn\u00e1, deti sa z odtla\u010dkov v\u00e4\u010d\u0161inou te\u0161ia. Samozrejme s\u00fa k dispoz\u00edcii vlh\u010den\u00e9 utierky \/ um\u00fdvadlo a mydlo na umytie r\u00fak. Video, ktor\u00e9 zn\u00e1zor\u0148uje t\u00fato \u010das\u0165 diagnostiky n\u00e1jdete <a href=\"https:\/\/drive.google.com\/file\/d\/11jpX5o64ga4pZbGtYYWB5BmTFHOccAp7\/view\">tu<\/a><\/li>\r\n<li><strong>odber krvi <\/strong>\u2013 krvn\u00e1 vzorka sl\u00fa\u017ei len na v\u00fdskumn\u00e9 \u00fa\u010dely, sleduj\u00fa sa hladiny pohlavn\u00fdch horm\u00f3nov, rob\u00ed sa \u0161peci\u00e1lne genetick\u00e9 vy\u0161etrenie, nie je potrebn\u00e9 aby die\u0165a pri\u0161lo na vy\u0161etrenie nala\u010dno. Odpor\u00fa\u010dame pozrie\u0165 si spolu s de\u0165mi\u00a0 n\u00e1zorn\u00e9 video, ako prebieha odber krvi, ktor\u00e9 im umo\u017en\u00ed lep\u0161ie sa pripravi\u0165 na t\u00fato \u010das\u0165 diagnostiky <a href=\"https:\/\/www.youtube.com\/watch?v=r8DH1InqLZk\" rel=\"\">n\u00e1zorn\u00e9 video odber krvi<\/a> (zdroj N\u00daDCH, YouTube)<\/li>\r\n<li><strong>buk\u00e1lny ster &#8211;<\/strong>z\u00edskava sa v\u00fdterom vn\u00fatornej strany \u00fast sterilnou pali\u010dkou ukon\u010denou bavlnen\u00fdm tamp\u00f3nom. Na tamp\u00f3niku sa zachyt\u00e1vaj\u00fa \u013eudsk\u00e9 bunky\/bunky z povrchu \u00fast ako aj mikrobi\u00e1lne zlo\u017eky. Odber je bezbolestn\u00fd a sl\u00fa\u017ei na z\u00edskanie genetickej inform\u00e1cie, teda DNA.<\/li>\r\n<li>po skon\u010den\u00ed vy\u0161etren\u00ed v\u00a0na\u0161om centre sa odoberie <strong>e\u0161te jedna vzorka mo\u010du<\/strong> v\u00a0priestoroch Lek\u00e1rskej fakulty (len deti, ktor\u00e9 zvl\u00e1daj\u00fa toaletu)<\/li>\r\n<\/ul>\r\n\r\n<p>&nbsp;<\/p>\r\n\r\n<h2 class=\"has-medicenter-dark-blue-color has-text-color wp-block-heading\"><strong><span class=\"has-inline-color has-medicenter-dark-blue-color\">V\u00ddSTUP Z DIAGNOSTIKY<\/span><\/strong><\/h2>\r\n\r\n<p>Po absolvovan\u00ed oboch \u010dast\u00ed diagnostiky vyhodnocuj\u00fa jej v\u00fdsledky nez\u00e1visle na sebe dvaja diagnostici. Ak sa obaja zhodn\u00fa, \u017ee die\u0165a sp\u013a\u0148a, resp. nesp\u013a\u0148a krit\u00e9ri\u00e1 pre poruchu autistick\u00e9ho spektra, bude V\u00e1m vyhotoven\u00e1 do 3 t\u00fd\u017ed\u0148ov podrobn\u00e1 spr\u00e1va z\u00a0vy\u0161etrenia.<\/p>\r\n\r\n<p>Ak sa diagnostici nezhodn\u00fa, die\u0165a bude pozvan\u00e9 na op\u00e4tovn\u00fa rediagnostiku do n\u00e1\u0161ho centra, je potrebn\u00e9 dodr\u017ea\u0165 minim\u00e1lne 6 mesa\u010dn\u00fd odstup od prv\u00e9ho vy\u0161etrenia.<\/p>\r\n\r\n<p>Spr\u00e1vu je mo\u017en\u00e9 prevzia\u0165 osobne a\u00a0konzultova\u0165 v\u00fdsledky diagnostiky, resp. za\u0161leme V\u00e1m ju po\u0161tou a\u00a0umo\u017en\u00edme telefonicky konzultova\u0165 v\u00fdsledky z\u00a0diagnostiky.<\/p>\r\n\r\n\r\n\r\n<p><strong>UPOZORNENIE<\/strong>: Absolvovan\u00edm diagnostiky v Akademickom centre v\u00fdskumu autizmu, nedostane Va\u0161e die\u0165a definit\u00edvnu diagn\u00f3zu, vzh\u013eadom na skuto\u010dnos\u0165, \u017ee poruchy autistick\u00e9ho spektra spadaj\u00fa pod psychiatrick\u00e9 diagn\u00f3zy, definit\u00edvnu diagn\u00f3zu m\u00f4\u017ee potvrdi\u0165 resp. vyl\u00fa\u010di\u0165 klinick\u00fd psychol\u00f3g alebo detsk\u00fd psychiater.<\/p>\r\n\r\n<p>&nbsp;<\/p>\r\n\r\n<div class=\"wp-block-buttons\">\r\n<div class=\"wp-block-button\"><a class=\"wp-block-button__link has-medicenter-dark-blue-background-color has-background\" href=\"https:\/\/acva.sk\/en\/faq\/\">FAQ\u00a0<\/a><a class=\"wp-block-button__link has-medicenter-dark-blue-background-color has-background\" href=\"https:\/\/acva.sk\/en\/prihlasenie-na-vysetrenie\/\">Prihl\u00e1senie na vy\u0161etrenie<\/a><\/div>\r\n<\/div>\r\n<p><!-- \/wp:post-content -->\u00a0<\/p>\r\n[\/vc_column_text][\/vc_column][\/vc_row][vc_row][vc_column][vc_message]<b>V pr\u00edpade z\u00e1ujmu o vy\u0161etrenie kontaktujte<\/b>: <a href=\"mailto:vyskum.autizmus@gmail.com\">vyskum.autizmus@gmail.com<\/a>[\/vc_message][\/vc_column][\/vc_row]","protected":false},"excerpt":{"rendered":"<p>[vc_row][vc_column][vc_column_text] DE\u0147 PRED TERM\u00cdNOM DIAGNOSTIKY SI ZAZNAMENAJTE &nbsp; kedy i\u0161lo Va\u0161e die\u0165a spa\u0165 a\u00a0kedy sa prebudilo r\u00e1no v\u00a0de\u0148 odberu mo\u010du sp\u00e1va Va\u0161e die\u0165a pri osvetlen\u00ed (ak \u00e1no, uve\u010fte pros\u00edm intenzitu svetla a\u00a0\u010di svieti po\u010das celej noci alebo len ur\u010dit\u00fd \u010das) spalo Va\u0161e die\u0165a noc pred odberom mo\u010du pri osvetlen\u00ed, pr\u00edpadne nebolo v\u00a0priebehu noci v\u00a0jeho pr\u00edtomnosti<\/p>\n","protected":false},"author":1,"featured_media":0,"parent":0,"menu_order":0,"comment_status":"closed","ping_status":"closed","template":"","meta":{"_eb_attr":"","footnotes":""},"class_list":["post-21211","page","type-page","status-publish","hentry"],"_links":{"self":[{"href":"https:\/\/acva.sk\/en\/wp-json\/wp\/v2\/pages\/21211","targetHints":{"allow":["GET"]}}],"collection":[{"href":"https:\/\/acva.sk\/en\/wp-json\/wp\/v2\/pages"}],"about":[{"href":"https:\/\/acva.sk\/en\/wp-json\/wp\/v2\/types\/page"}],"author":[{"embeddable":true,"href":"https:\/\/acva.sk\/en\/wp-json\/wp\/v2\/users\/1"}],"replies":[{"embeddable":true,"href":"https:\/\/acva.sk\/en\/wp-json\/wp\/v2\/comments?post=21211"}],"version-history":[{"count":0,"href":"https:\/\/acva.sk\/en\/wp-json\/wp\/v2\/pages\/21211\/revisions"}],"wp:attachment":[{"href":"https:\/\/acva.sk\/en\/wp-json\/wp\/v2\/media?parent=21211"}],"curies":[{"name":"wp","href":"https:\/\/api.w.org\/{rel}","templated":true}]}}