{"id":21210,"date":"2021-03-13T20:38:40","date_gmt":"2021-03-13T19:38:40","guid":{"rendered":"https:\/\/acva.sk\/prihlasenie-na-vysetrenie\/"},"modified":"2023-04-19T15:38:40","modified_gmt":"2023-04-19T13:38:40","slug":"prihlasenie-na-vysetrenie","status":"publish","type":"page","link":"https:\/\/acva.sk\/en\/prihlasenie-na-vysetrenie\/","title":{"rendered":"Prihl\u00e1senie na vy\u0161etrenie"},"content":{"rendered":"[vc_row][vc_column][vc_column_text]\r\n<p><strong><span style=\"color: #000000;\">V pr\u00edpade z\u00e1ujmu absolvova\u0165 diagnostick\u00fd proces v Akademickom centre v\u00fdskumu autizmu vypl\u0148te pros\u00edm nasleduj\u00faci prihlasuj\u00faci formul\u00e1r.<\/span><\/strong><\/p>\r\n<p><strong><span style=\"color: #000000;\">N\u00e1sledne V\u00e1s budeme kontaktova\u0165 a poskytneme V\u00e1m detailnej\u0161ie inform\u00e1cie v s\u00favislosti s term\u00ednom diagnostiky.<\/span><\/strong><\/p>\r\n<p><strong><!-- \/wp:post-content --><\/strong><\/p>\r\n<div class=\"wp-block-file\">\r\n<p><strong><a href=\"https:\/\/acva.sk\/wp-content\/uploads\/2023\/04\/Informovany-suhlas-s-diagnostikou-pre-rodicov_standard.pdf\">Informovan\u00fd s\u00fahlas s diagnostikou (pre rodi\u010dov)<\/a><\/strong><\/p>\r\n<\/div>\r\n[\/vc_column_text][\/vc_column][\/vc_row][vc_row][vc_column][vc_column_text]<!-- \/wp:contact-form-7\/contact-form-selector --><br \/><!-- wp:paragraph --><!-- \/wp:paragraph -->[\/vc_column_text][\/vc_column][\/vc_row][vc_row][vc_column][vc_raw_html]JTVCZm9ybWluYXRvcl9mb3JtJTIwaWQlM0QlMjI4NjY2JTIyJTVE[\/vc_raw_html][\/vc_column][\/vc_row][vc_row][vc_column][vc_column_text]\r\n[\/vc_column_text][\/vc_column][\/vc_row]","protected":false},"excerpt":{"rendered":"<p>[vc_row][vc_column][vc_column_text] V pr\u00edpade z\u00e1ujmu absolvova\u0165 diagnostick\u00fd proces v Akademickom centre v\u00fdskumu autizmu vypl\u0148te pros\u00edm nasleduj\u00faci prihlasuj\u00faci formul\u00e1r. N\u00e1sledne V\u00e1s budeme kontaktova\u0165 a poskytneme V\u00e1m detailnej\u0161ie inform\u00e1cie v s\u00favislosti s term\u00ednom diagnostiky. Informovan\u00fd s\u00fahlas s diagnostikou (pre rodi\u010dov) [\/vc_column_text][\/vc_column][\/vc_row][vc_row][vc_column][vc_column_text][\/vc_column_text][\/vc_column][\/vc_row][vc_row][vc_column][vc_raw_html]JTVCZm9ybWluYXRvcl9mb3JtJTIwaWQlM0QlMjI4NjY2JTIyJTVE[\/vc_raw_html][\/vc_column][\/vc_row][vc_row][vc_column][vc_column_text] [\/vc_column_text][\/vc_column][\/vc_row]<\/p>\n","protected":false},"author":1,"featured_media":0,"parent":0,"menu_order":0,"comment_status":"closed","ping_status":"closed","template":"","meta":{"_eb_attr":"","footnotes":""},"class_list":["post-21210","page","type-page","status-publish","hentry"],"_links":{"self":[{"href":"https:\/\/acva.sk\/en\/wp-json\/wp\/v2\/pages\/21210","targetHints":{"allow":["GET"]}}],"collection":[{"href":"https:\/\/acva.sk\/en\/wp-json\/wp\/v2\/pages"}],"about":[{"href":"https:\/\/acva.sk\/en\/wp-json\/wp\/v2\/types\/page"}],"author":[{"embeddable":true,"href":"https:\/\/acva.sk\/en\/wp-json\/wp\/v2\/users\/1"}],"replies":[{"embeddable":true,"href":"https:\/\/acva.sk\/en\/wp-json\/wp\/v2\/comments?post=21210"}],"version-history":[{"count":9,"href":"https:\/\/acva.sk\/en\/wp-json\/wp\/v2\/pages\/21210\/revisions"}],"predecessor-version":[{"id":23735,"href":"https:\/\/acva.sk\/en\/wp-json\/wp\/v2\/pages\/21210\/revisions\/23735"}],"wp:attachment":[{"href":"https:\/\/acva.sk\/en\/wp-json\/wp\/v2\/media?parent=21210"}],"curies":[{"name":"wp","href":"https:\/\/api.w.org\/{rel}","templated":true}]}}