{"id":21199,"date":"2021-03-13T20:46:24","date_gmt":"2021-03-13T19:46:24","guid":{"rendered":"https:\/\/acva.sk\/skolenie-ados-2\/"},"modified":"2022-04-01T13:09:10","modified_gmt":"2022-04-01T11:09:10","slug":"skolenie-ados-2","status":"publish","type":"page","link":"https:\/\/acva.sk\/en\/skolenie-ados-2\/","title":{"rendered":"ADOS-2 course"},"content":{"rendered":"[vc_row][vc_column][vc_column_text]\r\n<p>(ADOS-2) Autism Diagnostic Observation Schedule, Second Edition<\/p>\r\n\r\n<p>ADOS-2 je pozorovacia \u0161k\u00e1la vyu\u017e\u00edvan\u00e1 pri diagnostike autizmu<\/p>\r\n\r\n<p><strong>Lektorka \u0161kolenia:<\/strong><\/p>\r\n\r\n<p><strong>MUDr. Aneta Kubransk\u00e1, PhD.<\/strong><\/p>\r\n\r\n<p>Certifikovan\u00e1 \u0161kolite\u013eka v ADOS-2 met\u00f3de (certifik\u00e1t z\u00edskala na Great Ormond Street Hospital for Children)<\/p>\r\n\r\n<p>(doplnen\u00fd text o\u00a0odbornej praxi)<\/p>\r\n\r\n<p><strong>\u00da\u010del \u0161kolenia:<\/strong><\/p>\r\n\r\n\r\n\r\n<ul class=\"wp-block-list\">\r\n<li>obozn\u00e1menie sa s materi\u00e1lmi ADOS-2<\/li>\r\n<li>podrobn\u00fd popis administr\u00e1cie aktiv\u00edt v 5 moduloch pre v\u0161etky vekov\u00e9 kateg\u00f3rie (od 12. mesiaca \u017eivota)<\/li>\r\n<li>rozbor vide\u00ed ADOS-2 vy\u0161etrenia vo v\u0161etk\u00fdch 5. moduloch<\/li>\r\n<li>podrobn\u00fd popis a n\u00e1cvik k\u00f3dovania spr\u00e1vania die\u0165a\u0165a\/dospel\u00e9ho vo v\u0161etk\u00fdch 5. moduloch<\/li>\r\n<li>bohat\u00e1 diskusia v\u0161etk\u00fdch \u00fa\u010dastn\u00edkov kurzu o aspektoch spr\u00e1vania die\u0165a\u0165a\/dospel\u00e9ho<\/li>\r\n<\/ul>\r\n\r\n<p><strong>Pre koho je kurz ur\u010den\u00fd:<\/strong><\/p>\r\n\r\n\r\n\r\n<ul class=\"wp-block-list\">\r\n<li>pre v\u0161etk\u00fdch odborn\u00edkov zauj\u00edmaj\u00facich sa o poruchy autistick\u00e9ho spektra z ktorejko\u013evek oblasti (psychiatri, psychol\u00f3govia, logop\u00e9di, \u0161peci\u00e1lni pedag\u00f3govia&#8230;)<\/li>\r\n<\/ul>\r\n\r\n<p><strong>N\u00e1ro\u010dnos\u0165 kurzu:<\/strong><\/p>\r\n\r\n\r\n\r\n<ul class=\"wp-block-list\">\r\n<li>intenz\u00edvnych 24 hod\u00edn predn\u00e1\u0161ok a diskusi\u00ed<\/li>\r\n<li>n\u00e1cvik individu\u00e1lneho k\u00f3dovania pomocou post-course posudzovania vide\u00ed a n\u00e1slednej individu\u00e1lnej sp\u00e4tnej v\u00e4zby ka\u017ed\u00e9mu \u00fa\u010dastn\u00edkovi osobitne<\/li>\r\n<\/ul>\r\n\r\n<p><strong>Term\u00edn kurzu:<\/strong> bude upresnen\u00fd lektorkou \u0161kolenia<\/p>\r\n\r\n<p><strong>Miesto konania kurzu:<\/strong> Gymn\u00e1zium J. Matu\u0161ku v Galante, v pr\u00edpade nepriaznivej epidemiologickej situ\u00e1cie bude kurz realizovan\u00fd online formou prostredn\u00edctvom platformy ZOOM.<\/p>\r\n\r\n<p><strong>Cena kurzu:<\/strong> od 1.9.2021 je cena upraven\u00e1 na <strong>360\u20ac\/osoba<\/strong> , v cene nie je zahrnut\u00e9 stravovanie a ubytovanie<\/p>\r\n\r\n<p><strong>V\u00a0pr\u00edpade z\u00e1ujmu o\u00a0\u010fal\u0161ie inform\u00e1cie kontaktujte<\/strong>: <a href=\"mailto:acva@acva.sk\">acva@acva.sk<\/a><\/p>\r\n\r\n<p><strong>On-line prihl\u00e1\u0161ka<\/strong> je dostupn\u00e1: <a href=\"https:\/\/docs.google.com\/forms\/d\/1_pNHN10iU248eVOHEiklVtq-ELwLTRwhsKXol3vrad8\/viewform?edit_requested=true\" class=\"su-button su-button-style-default\" style=\"color:#FFFFFF;background-color:#2D89EF;border-color:#246ec0;border-radius:5px\" target=\"_self\"><span style=\"color:#FFFFFF;padding:0px 16px;font-size:13px;line-height:26px;border-color:#6cadf4;border-radius:5px;text-shadow:none\"> Z\u00e1v\u00e4zn\u00e1 prihl\u00e1\u0161ka na \u0161kolenie ADOS-2<\/span><\/a>\r\n\r\n<p>&nbsp;<\/p>\r\n[\/vc_column_text][\/vc_column][\/vc_row]","protected":false},"excerpt":{"rendered":"<p>[vc_row][vc_column][vc_column_text] (ADOS-2) Autism Diagnostic Observation Schedule, Second Edition ADOS-2 je pozorovacia \u0161k\u00e1la vyu\u017e\u00edvan\u00e1 pri diagnostike autizmu Lektorka \u0161kolenia: MUDr. Aneta Kubransk\u00e1, PhD. Certifikovan\u00e1 \u0161kolite\u013eka v ADOS-2 met\u00f3de (certifik\u00e1t z\u00edskala na Great Ormond Street Hospital for Children) (doplnen\u00fd text o\u00a0odbornej praxi) \u00da\u010del \u0161kolenia: obozn\u00e1menie sa s materi\u00e1lmi ADOS-2 podrobn\u00fd popis administr\u00e1cie aktiv\u00edt v 5 moduloch pre<\/p>\n","protected":false},"author":1,"featured_media":0,"parent":0,"menu_order":0,"comment_status":"closed","ping_status":"closed","template":"","meta":{"_eb_attr":"","footnotes":""},"class_list":["post-21199","page","type-page","status-publish","hentry"],"_links":{"self":[{"href":"https:\/\/acva.sk\/en\/wp-json\/wp\/v2\/pages\/21199","targetHints":{"allow":["GET"]}}],"collection":[{"href":"https:\/\/acva.sk\/en\/wp-json\/wp\/v2\/pages"}],"about":[{"href":"https:\/\/acva.sk\/en\/wp-json\/wp\/v2\/types\/page"}],"author":[{"embeddable":true,"href":"https:\/\/acva.sk\/en\/wp-json\/wp\/v2\/users\/1"}],"replies":[{"embeddable":true,"href":"https:\/\/acva.sk\/en\/wp-json\/wp\/v2\/comments?post=21199"}],"version-history":[{"count":1,"href":"https:\/\/acva.sk\/en\/wp-json\/wp\/v2\/pages\/21199\/revisions"}],"predecessor-version":[{"id":22602,"href":"https:\/\/acva.sk\/en\/wp-json\/wp\/v2\/pages\/21199\/revisions\/22602"}],"wp:attachment":[{"href":"https:\/\/acva.sk\/en\/wp-json\/wp\/v2\/media?parent=21199"}],"curies":[{"name":"wp","href":"https:\/\/api.w.org\/{rel}","templated":true}]}}