{"id":21197,"date":"2021-03-13T20:46:44","date_gmt":"2021-03-13T19:46:44","guid":{"rendered":"https:\/\/acva.sk\/o-lektorke\/"},"modified":"2021-03-13T20:46:44","modified_gmt":"2021-03-13T19:46:44","slug":"o-lektorke","status":"publish","type":"page","link":"https:\/\/acva.sk\/en\/o-lektorke\/","title":{"rendered":"O\u00a0lektorke"},"content":{"rendered":"[vc_row][vc_column width=&#8221;1\/2&#8243;][vc_single_image image=&#8221;4849&#8243; img_size=&#8221;large&#8221;][\/vc_column][vc_column width=&#8221;1\/2&#8243;][vc_column_text]<b>MUDr. Aneta Kubransk\u00e1, PhD.\u00a0<\/b><\/p>\n<p><span style=\"font-weight: 400;\">Certifikovan\u00e1 \u0161kolite\u013eka v ADOS-2 met\u00f3de<\/span><\/p>\n<p><b>\u00a0<\/b><\/p>\n<p>&nbsp;<\/p>\n<p><b>Odborn\u00e1 prax \u0161kolite\u013eky:<\/b><\/p>\n<ul>\n<li style=\"font-weight: 400;\" aria-level=\"1\"><span style=\"font-weight: 400;\">certifik\u00e1t \u0161kolite\u013eky z\u00edskala na Anna Freud National Centre for Children and Families v\u00a0Lond\u00fdne v\u00a0roku 2017<\/span><\/li>\n<li style=\"font-weight: 400;\" aria-level=\"1\"><span style=\"font-weight: 400;\">pravidelne sa z\u00fa\u010dast\u0148uje medzin\u00e1rodnej kalibr\u00e1cie ADOS-2 k\u00f3dovania<\/span><\/li>\n<li style=\"font-weight: 400;\" aria-level=\"1\"><span style=\"font-weight: 400;\">vedie superv\u00edzne stretnutia zameran\u00e9 na dosiahnutie po\u017eadovanej hladiny k\u00f3dovania v\u00a0ADOS-2<\/span><\/li>\n<li style=\"font-weight: 400;\" aria-level=\"1\"><span style=\"font-weight: 400;\">v\u00a0spolupr\u00e1ci s\u00a0ACVA ka\u017edoro\u010dne organizuje z\u00e1kladn\u00e9 klinick\u00e9 a v\u00fdskumn\u00e9 \u0161kolenie pre odborn\u00fa verejnos\u0165 v\u00a0ADOS-2 met\u00f3de<\/span><\/li>\n<li style=\"font-weight: 400;\" aria-level=\"1\"><span style=\"font-weight: 400;\">poskytuje odborn\u00fd doh\u013ead nad administr\u00e1ciou a\u00a0k\u00f3dovan\u00edm v\u00a0ADOS-2 met\u00f3de v\u00a0extern\u00fdch\u00a0odborn\u00fdch in\u0161tit\u00faci\u00e1ch zameran\u00fdch na diagnostiku por\u00fach autistick\u00e9ho spektra<\/span><\/li>\n<li style=\"font-weight: 400;\" aria-level=\"1\"><span style=\"font-weight: 400;\">pracuje ako odborn\u00e1 asistentka na Fyziologickom \u00fastave Lek\u00e1rskej fakulty Univerzity Komensk\u00e9ho v\u00a0Bratislave a\u00a0je s\u00fa\u010das\u0165ou v\u00fdskumn\u00e9ho t\u00edmu zaoberaj\u00faceho sa etiopatogen\u00e9zou autizmu<\/span><\/li>\n<\/ul>\n<p>&nbsp;<\/p>\n<p><b>V\u00a0pr\u00edpade z\u00e1ujmu o\u00a0\u010fal\u0161ie inform\u00e1cie kontaktujte<\/b><span style=\"font-weight: 400;\">: <a href=\"mailto:acva@acva.sk\">acva@acva.sk<\/a><\/span>[\/vc_column_text][vc_message]<b>V\u00a0pr\u00edpade z\u00e1ujmu o\u00a0\u010fal\u0161ie inform\u00e1cie kontaktujte<\/b>: <a href=\"mailto:acva@acva.sk\">acva@acva.sk<\/a>[\/vc_message][\/vc_column][\/vc_row]\n","protected":false},"excerpt":{"rendered":"<p>[vc_row][vc_column width=&#8221;1\/2&#8243;][vc_single_image image=&#8221;4849&#8243; img_size=&#8221;large&#8221;][\/vc_column][vc_column width=&#8221;1\/2&#8243;][vc_column_text]MUDr. Aneta Kubransk\u00e1, PhD.\u00a0 Certifikovan\u00e1 \u0161kolite\u013eka v ADOS-2 met\u00f3de \u00a0 &nbsp; Odborn\u00e1 prax \u0161kolite\u013eky: certifik\u00e1t \u0161kolite\u013eky z\u00edskala na Anna Freud National Centre for Children and Families v\u00a0Lond\u00fdne v\u00a0roku 2017 pravidelne sa z\u00fa\u010dast\u0148uje medzin\u00e1rodnej kalibr\u00e1cie ADOS-2 k\u00f3dovania vedie superv\u00edzne stretnutia zameran\u00e9 na dosiahnutie po\u017eadovanej hladiny k\u00f3dovania v\u00a0ADOS-2 v\u00a0spolupr\u00e1ci s\u00a0ACVA ka\u017edoro\u010dne organizuje z\u00e1kladn\u00e9<\/p>\n","protected":false},"author":1,"featured_media":0,"parent":0,"menu_order":0,"comment_status":"closed","ping_status":"closed","template":"","meta":{"_eb_attr":"","footnotes":""},"class_list":["post-21197","page","type-page","status-publish","hentry"],"_links":{"self":[{"href":"https:\/\/acva.sk\/en\/wp-json\/wp\/v2\/pages\/21197","targetHints":{"allow":["GET"]}}],"collection":[{"href":"https:\/\/acva.sk\/en\/wp-json\/wp\/v2\/pages"}],"about":[{"href":"https:\/\/acva.sk\/en\/wp-json\/wp\/v2\/types\/page"}],"author":[{"embeddable":true,"href":"https:\/\/acva.sk\/en\/wp-json\/wp\/v2\/users\/1"}],"replies":[{"embeddable":true,"href":"https:\/\/acva.sk\/en\/wp-json\/wp\/v2\/comments?post=21197"}],"version-history":[{"count":0,"href":"https:\/\/acva.sk\/en\/wp-json\/wp\/v2\/pages\/21197\/revisions"}],"wp:attachment":[{"href":"https:\/\/acva.sk\/en\/wp-json\/wp\/v2\/media?parent=21197"}],"curies":[{"name":"wp","href":"https:\/\/api.w.org\/{rel}","templated":true}]}}