{"id":21193,"date":"2021-03-13T20:47:32","date_gmt":"2021-03-13T19:47:32","guid":{"rendered":"https:\/\/acva.sk\/realizovane\/"},"modified":"2022-03-31T12:57:36","modified_gmt":"2022-03-31T10:57:36","slug":"realizovane","status":"publish","type":"page","link":"https:\/\/acva.sk\/en\/realizovane\/","title":{"rendered":"Realized"},"content":{"rendered":"[vc_row][vc_column][vc_column_text]October 2020 <strong>How to diagnose autism from a fingerprint<\/strong> by RNDr. Klaudia Kyselicov\u00e1, Ph.D. (YouTube, Vedatour livestream)<\/p>\n<p><a href=\"https:\/\/www.youtube.com\/watch?v=TOeQ9eYsqzk\"><span style=\"font-weight: 400;\">https:\/\/www.youtube.com\/watch?v=TOeQ9eYsqzk<\/span><\/a><\/p>\n<p>&nbsp;<\/p>\n<p>February 2020 <strong>Clinical training in the ADOS-2 diagnostic scale<\/strong><\/p>\n<p>(venue: Galanta)<\/p>\n<p>under the guidance of a certified trainer MUDr. In 2020, Aneta Kubransk\u00e1, PhD.sa, conducted two clinical trainings of the ADOS-2 diagnostic scale for a total of 30 registered candidates.<\/p>\n<p>&nbsp;<\/p>\n<p>November 2019 <strong>Conference Personality in the context of cognition, emotionality and motivation<\/strong><\/p>\n<p>(venue: Department of Psychology, Faculty of Arts, Comenius University, Bratislava)<\/p>\n<p>Colleagues from the diagnostic team attended the conference, \u201cPersonality in the context of cognition, emotionality and motivation. The aim of the conference was to exchange experiences between experts in the field of theory, basic and applied psychological research, as well as to link theory and practice in terms of experimental and empirical experience.<\/p>\n<p>&nbsp;<\/p>\n<p>October 2019 <strong>Workshop Use of ABA (Applied Behavioral Analysis) in the Selectivity of Food Intake<\/strong> &#8220;within the project&#8221; Let&#8217;s not wait for a miracle &#8220;supported by the Ministry of Health of the Slovak Republic in 2019<\/p>\n<p>(venue: Faculty of Medicine, Comenius University, Bratislava, Salvator Center in Bratislava)<\/p>\n<p>&nbsp;<\/p>\n<p>From 22 to 25 October 2019, a 35-hour workshop for experts was held at the Academic Center for Autism Research, Institute of Physiology, Faculty of Medicine, Comenius University in Bratislava (LF UK) entitled <strong>&#8220;The use of ABA (applied behavioral analysis) in food selectivity&#8221;<\/strong>.<\/p>\n<p>The lecturer was Roseanne Lesack, Ph.D .; BCBA-D; ABPP, who is the director of the Unicorn Children\u2019s Foundation Clinic at Nova Southeastern University, Florida, USA.<\/p>\n<p>The workshop focused on interventions for pediatric eating disorders (complete or partial rejection of food or whole food groups).<\/p>\n<p><em>The implementation of the workshop was possible thanks to the subsidy obtained from the Ministry of Health of the Slovak Republic, within the call focused on the support of mental health for 2019<\/em><\/p>\n<p>&nbsp;<\/p>\n<p><span style=\"font-weight: 400;\">September 2019<\/span> <strong>XII Autism-Europe International Congress<\/strong><\/p>\n<p><span style=\"font-weight: 400;\">(venue: Nice, France)<\/span><\/p>\n<p>The conference was attended by our colleagues: doc. MUDr. Katar\u00edna Babinsk\u00e1, PhD, MSC., Mgr. Hana Celu\u0161\u00e1kov\u00e1, Ph.D., Mgr. Zofia Szapuova, Mgr. Ivan Belica, RNDr. Klaudia Kyselicov\u00e1, Ph.D.<\/p>\n<p>&nbsp;<\/p>\n<p>May 2019 <strong>VII. Conference on biological psychiatry<\/strong><\/p>\n<p><span style=\"font-weight: 400;\">(venue: Pie\u0161\u0165any)<\/span><\/p>\n<p><span style=\"font-weight: 400;\">The conference was attended by our colleagues: <\/span><\/p>\n<p><b>doc. MUDr. Katar\u00edna Babinsk\u00e1, PhD. MSC<\/b><span style=\"font-weight: 400;\"> (presentation of the results of scientific research activities of the team of the Institute of Physiology, Charles University in Bratislava entitled<strong> <em>Calprotectin levels in stool and their correlations with behavioral indicators in the group of people with autism<\/em><\/strong><\/span><i><span style=\"font-weight: 400;\">)<\/span><\/i><\/p>\n<p><b>MUDr. Petra Kem\u00e9nyov\u00e1, PhD.<\/b><span style=\"font-weight: 400;\"> ((presentation of the research <strong><em>Prevalence of sleep disorders and evaluation of the concentration of 6-sulfatoxymelatonin in the urine of children with autism spectrum disorders<\/em><\/strong>)<\/span><\/p>\n<p><b>MUDr. M\u00e1ria Vido\u0161ovi\u010dov\u00e1<\/b>with a scientific-research presentation, a lecture entitled<b> Metabolic study of the profile of amino acids and acylcarnitines in a group of people with autism<\/b><\/p>\n<p>&nbsp;<\/p>\n<p>May 2019 <strong>Clinical training in the ADOS-2 diagnostic scale<\/strong><\/p>\n<p><span style=\"font-weight: 400;\">(venue: Havl\u00ed\u010dk\u016fv Brod)\u00a0<\/span><\/p>\n<p>under the guidance of a certified trainer MUDr. Aneta Kubransk\u00e1, PhD, conducted clinical training of the ADOS-2 diagnostic scale for 16 registered candidates.<\/p>\n<p>&nbsp;<\/p>\n<p>April 2019 Presentation <strong>The first steps after the diagnosis of autism<\/strong> &#8211; Mgr. Ivana Trellov\u00e1, BCBA made the presentation available in electronic form for our center. The presentation deals with the first steps after the diagnosis of autism.<\/p>\n<p>The presentation is available here:<\/p>\n<p>&nbsp;<\/p>\n<p>March \/ April 2019 <strong>Clinical training in the ADOS-2 diagnostic scale<\/strong><\/p>\n<p><span style=\"font-weight: 400;\">(venue: Galanta)\u00a0<\/span><\/p>\n<p>under the guidance of a certified trainer MUDr. Aneta Kubransk\u00e1, PhD., conducted two clinical trainings of the ADOS-2 diagnostic scale for a total of 29 registered candidates.<\/p>\n<p>&nbsp;<\/p>\n<p>April 2018 <strong>Clinical training in the ADOS-2 diagnostic scale<\/strong><\/p>\n<p><span style=\"font-weight: 400;\">(venue: Galanta)\u00a0<\/span><\/p>\n<p>under the guidance of a certified trainer MUDr. Aneta Kubransk\u00e1, PhD, clinical trainings of the ADOS-2 diagnostic scale were held for a total of 15 registered candidates.<\/p>\n<p>&nbsp;<\/p>\n<p>June 2017 Lecture from the <strong>ACVA FOR PARENTS<\/strong> cycle &#8211; topic <strong>SPIRITUAL ASSISTANCE FOR FAMILIES WITH AUTISM<\/strong><\/p>\n<p>(venue: Faculty of Medicine, Comenius University)<\/p>\n<p><span style=\"font-weight: 400;\">topic: Mgr. Stanislava Dutkov\u00e1, special pedagogue<\/span><\/p>\n<p><span style=\"font-weight: 400;\">Mgr. Patrik Ma\u013ear\u010d\u00edk, <\/span>Greek Catholic priest, spiritual administrator of the Youth Center<\/p>\n<p><span style=\"font-weight: 400;\">doc. PhDr. M\u00e1ria \u0160imdov\u00e1, PhD. from the Department of Social Work, University of Health and Social Work St. Elizabeth<\/span><\/p>\n<p><span style=\"font-weight: 400;\">prof. ThDr. Dr.h.c. J\u00falius Filo, Department of Practical Theology, Evangelical Theological Faculty, Comenius University<\/span><\/p>\n<p>&nbsp;<\/p>\n<p>May 2017 Lecture from the <strong>ACVA FOR PARENTS<\/strong> cycle &#8211; topic <strong>NUTRITION<\/strong><\/p>\n<p>(venue: Faculty of Medicine, Comenius University)<\/p>\n<p><span style=\"font-weight: 400;\">lecturer <\/span><b>doc. MUDr. Katar\u00edna Babinsk\u00e1, PhD., MSC,<\/b>focused on the relationship between the brain and the intestines, what to do if a child refuses a diet, a look at different types of diets<\/p>\n<p><b>MUDr. Anges Daldegan Balduino,<\/b>as a nutritionist in Brazil, participated in the creation of a program of nutritional re-education of children diagnosed with ADHD. the topic of her lecture was a successful nutritional intervention in 7 and 8 year old children with dg. ADHD and nutritional education as a tool to help families of children with ADHD.<\/p>\n<p>&nbsp;<\/p>\n<p>April 2017 Lecture from the <strong>ACVA FOR PARENTS<\/strong> cycle &#8211; topic <strong>Autism through the eyes of neurobiology<\/strong><\/p>\n<p>(venue: Faculty of Medicine, Comenius University)<\/p>\n<p><span style=\"font-weight: 400;\">prof. MUDr. Daniela Ostatn\u00edkov\u00e1, PhD.<\/span><\/p>\n<p>&nbsp;<\/p>\n<p>February 2017 <strong>Clinical training in the ADOS-2 diagnostic scale<\/strong><\/p>\n<p>(venue: Faculty of Medicine, Comenius University in Bratislava)<\/p>\n<p>under the guidance of a certified trainer MUDr. Aneta Kubransk\u00e1, PhD, clinical trainings of the ADOS-2 diagnostic scale were held for 12 registered applicants.<\/p>\n<p>&nbsp;<\/p>\n<p>September \/ November 2015 <strong>Use of Applied Behavioral Analysis (ABA) in education children with PAS<\/strong><\/p>\n<p>(venue: Faculty of Medicine, Comenius University in Bratislava)<\/p>\n<p>a series of 20 workshops for families, schools and centers providing education and training for children with ASD under the guidance of a lecturer Mgr. Ivana Trellov\u00e1, BCBA<\/p>\n<p>&nbsp;<\/p>\n<p><span style=\"font-weight: 400;\">\u00a0<\/span><\/p>\n<p><span style=\"font-weight: 400;\">May \/ September 2015<\/span> <strong>Clinical training in the ADOS-2 diagnostic scale<\/strong><\/p>\n<p>(venue: Faculty of Medicine, Comenius University in Bratislava)<\/p>\n<p>under the guidance of a certified trainer MUDr. Aneta Kubransk\u00e1, PhD, and Mgr. Gabriela Lako\u0161t\u00edkov\u00e1, PhD., clinical trainings of the ADOS-2 diagnostic scale were held for 30 registered applicants.<\/p>\n<p>&nbsp;<\/p>\n<p>May 2015 <strong>Conference &#8220;Social, emotional and cognitive image of autism in interdisciplinary mirrors&#8221;<\/strong><\/p>\n<p>(venue: Faculty of Psychology, Faculty of Arts, University of Trnava)<\/p>\n<p><span style=\"font-weight: 400;\">The Academic Autism Research Center also co-organized the conference. Papers at the conference were presented by prof. MUDr. Daniela Ostatn\u00edkov\u00e1, PhD., doc. MUDr. Katar\u00edna Babinsk\u00e1, PhD.,MSC. MUDr. Silvia Hnilicov\u00e1, PhD., MUDr. Anna Pivovar\u010diov\u00e1<\/span><\/p>\n<p>&nbsp;<\/p>\n<p>April 2015 <strong>Workshop on the use of ABA therapy in working with problematic behavior of children.<\/strong><\/p>\n<p>two-day training with a certified behavioral analyst, prof. F. Charles Mace, PhD, BCBA-D of the Center for Psychological Studies at Nova Southeastern University, Florida, USA.<\/p>\n<p>&nbsp;<\/p>\n<p>April &#8211; July 2015 <strong>Applied Behavioral Analysis (ABA) Training with Mgr. Ivana Trellov\u00e1, BCBA.<\/strong><\/p>\n<p>Training was divided into several thematic areas, designed for parents of children with ASD<\/p>\n<p>Introduction to Verbal Behavior, Incentives and prompts, Reward matching and evaluation, Preparation of materials, data, books, NET and learning Mandov in NET, Imitation (practical), Receptive identification and Receptive instructions (practical)<\/p>\n<p>&nbsp;<\/p>\n<p>March 2015 <strong>Clinical training in the ADOS-2 diagnostic scale<\/strong><\/p>\n<p>(venue: Faculty of Medicine, Comenius University in Bratislava)<\/p>\n<p>ADOS-2 as a recognized diagnostic tool, the so-called &#8220;gold standard&#8221; in the diagnosis of autism. The first training at the Faculty of Medicine, Charles University in Bratislava took place under the guidance of a clinical psychologist and certified supervisor Dr. Marianna Murin of Great Ormond Street Hospital in London<\/p>\n<p>&nbsp;<\/p>\n<p>July 2013 <strong>ABA courses led by renowned expert prof F.C. Mace, PhD, <\/strong><strong>BCBA-D<\/strong><\/p>\n<p>&nbsp;<\/p>\n<p>&nbsp;[\/vc_column_text][\/vc_column][\/vc_row]\n","protected":false},"excerpt":{"rendered":"<p>[vc_row][vc_column][vc_column_text]October 2020 How to diagnose autism from a fingerprint by RNDr. Klaudia Kyselicov\u00e1, Ph.D. (YouTube, Vedatour livestream) https:\/\/www.youtube.com\/watch?v=TOeQ9eYsqzk &nbsp; February 2020 Clinical training in the ADOS-2 diagnostic scale (venue: Galanta) under the guidance of a certified trainer MUDr. In 2020, Aneta Kubransk\u00e1, PhD.sa, conducted two clinical trainings of the ADOS-2 diagnostic scale for a total<\/p>\n","protected":false},"author":1,"featured_media":0,"parent":0,"menu_order":0,"comment_status":"closed","ping_status":"closed","template":"","meta":{"_eb_attr":"","footnotes":""},"class_list":["post-21193","page","type-page","status-publish","hentry"],"_links":{"self":[{"href":"https:\/\/acva.sk\/en\/wp-json\/wp\/v2\/pages\/21193","targetHints":{"allow":["GET"]}}],"collection":[{"href":"https:\/\/acva.sk\/en\/wp-json\/wp\/v2\/pages"}],"about":[{"href":"https:\/\/acva.sk\/en\/wp-json\/wp\/v2\/types\/page"}],"author":[{"embeddable":true,"href":"https:\/\/acva.sk\/en\/wp-json\/wp\/v2\/users\/1"}],"replies":[{"embeddable":true,"href":"https:\/\/acva.sk\/en\/wp-json\/wp\/v2\/comments?post=21193"}],"version-history":[{"count":9,"href":"https:\/\/acva.sk\/en\/wp-json\/wp\/v2\/pages\/21193\/revisions"}],"predecessor-version":[{"id":22496,"href":"https:\/\/acva.sk\/en\/wp-json\/wp\/v2\/pages\/21193\/revisions\/22496"}],"wp:attachment":[{"href":"https:\/\/acva.sk\/en\/wp-json\/wp\/v2\/media?parent=21193"}],"curies":[{"name":"wp","href":"https:\/\/api.w.org\/{rel}","templated":true}]}}