{"id":21188,"date":"2021-03-13T20:48:21","date_gmt":"2021-03-13T19:48:21","guid":{"rendered":"https:\/\/acva.sk\/studenti\/"},"modified":"2022-03-31T10:37:24","modified_gmt":"2022-03-31T08:37:24","slug":"studenti","status":"publish","type":"page","link":"https:\/\/acva.sk\/en\/studenti\/","title":{"rendered":"Graduates"},"content":{"rendered":"[vc_row][vc_column][vc_column_text]Below is an overview of diploma theses of students of the Institute of Physiology, Comenius University, focused on autism, registered since the academic year 2013\/2014.[\/vc_column_text][\/vc_column][\/vc_row][vc_row][vc_column][vc_column_text]\n<table border=\"0\" cellspacing=\"0\">\n<colgroup width=\"600\"><\/colgroup>\n<colgroup width=\"121\"><\/colgroup>\n<colgroup width=\"304\"><\/colgroup>\n<colgroup width=\"230\"><\/colgroup>\n<tbody>\n<tr>\n<td align=\"center\" valign=\"bottom\" bgcolor=\"#DDDDDD\" height=\"18\"><b>T\u00e9ma diplomovej pr\u00e1ce<\/b><\/td>\n<td align=\"center\" valign=\"bottom\" bgcolor=\"#DDDDDD\"><b>Akademick\u00fd rok<\/b><\/td>\n<td align=\"center\" valign=\"bottom\" bgcolor=\"#DDDDDD\"><b>Diplomov\u00fd ved\u00faci<\/b><\/td>\n<td align=\"center\" valign=\"bottom\" bgcolor=\"#DDDDDD\"><b>\u0160tudent<\/b><\/td>\n<\/tr>\n<tr>\n<td align=\"left\" valign=\"bottom\" height=\"18\">Sex\/Gender Differences in Autism Spectrum Disorders<\/td>\n<td align=\"center\" valign=\"bottom\">2020\/2021<\/td>\n<td align=\"left\" valign=\"bottom\">Mgr. Gabriela Repisk\u00e1, PhD.<\/td>\n<td align=\"left\" valign=\"bottom\">Jaskirat Kaur Aujla<\/td>\n<\/tr>\n<tr>\n<td align=\"left\" valign=\"bottom\" height=\"18\">Epigenetics of Autism Spectrum Disorders<\/td>\n<td align=\"center\" valign=\"bottom\">2020\/2021<\/td>\n<td align=\"left\" valign=\"bottom\">Mgr. Gabriela Repisk\u00e1, PhD.<\/td>\n<td align=\"left\" valign=\"bottom\">Georgia Sidiropoulou<\/td>\n<\/tr>\n<tr>\n<td align=\"left\" valign=\"bottom\" height=\"18\">Advances in Autism Research<\/td>\n<td align=\"center\" valign=\"bottom\">2020\/2021<\/td>\n<td align=\"left\" valign=\"bottom\">Mgr. Gabriela Repisk\u00e1, PhD.<\/td>\n<td align=\"left\" valign=\"bottom\">Johanna Lang<\/td>\n<\/tr>\n<tr>\n<td align=\"left\" valign=\"bottom\" height=\"18\">Nutritional and Gastrointestinal Challenges in Autism Spectrum Disorders<\/td>\n<td align=\"center\" valign=\"bottom\">2020\/2021<\/td>\n<td align=\"left\" valign=\"bottom\">doc. MUDr. Katar\u00edna Babinsk\u00e1, PhD.<\/td>\n<td align=\"left\" valign=\"bottom\">Viktoria Glatz<\/td>\n<\/tr>\n<tr>\n<td align=\"left\" valign=\"bottom\" height=\"18\">Role of Sex Hormones in Autism Pathogenesis<\/td>\n<td align=\"center\" valign=\"bottom\">2020\/2021<\/td>\n<td align=\"left\" valign=\"bottom\">RNDr. Silvia Lakato\u0161ov\u00e1, PhD.<\/td>\n<td align=\"left\" valign=\"bottom\">Maria Loukia Anastasiadou<\/td>\n<\/tr>\n<tr>\n<td align=\"left\" valign=\"bottom\" height=\"18\">Genes Involved in Language Impairment in Children with Autism<\/td>\n<td align=\"center\" valign=\"bottom\">2020\/2021<\/td>\n<td align=\"left\" valign=\"bottom\">RNDr. Silvia Lakato\u0161ov\u00e1, PhD.<\/td>\n<td align=\"left\" valign=\"bottom\">Nikolaus Gabriel Schrader<\/td>\n<\/tr>\n<tr>\n<td align=\"left\" valign=\"bottom\" height=\"18\">V\u010dasn\u00e1 diagnostika por\u00fach autistick\u00e9ho spektra<\/td>\n<td align=\"center\" valign=\"bottom\">2020\/2021<\/td>\n<td align=\"left\" valign=\"bottom\">MUDr. Silvia Hnilicov\u00e1, PhD.<\/td>\n<td align=\"left\" valign=\"bottom\">Denisa Mas\u00e1rov\u00e1<\/td>\n<\/tr>\n<tr>\n<td align=\"left\" valign=\"bottom\" height=\"18\">Early Detection of Autism Spectrum Disorders<\/td>\n<td align=\"center\" valign=\"bottom\">2020\/2021<\/td>\n<td align=\"left\" valign=\"bottom\">MUDr. Silvia Hnilicov\u00e1, PhD.<\/td>\n<td align=\"left\" valign=\"bottom\">Konstantina Spyropoulou<\/td>\n<\/tr>\n<tr>\n<td align=\"left\" valign=\"bottom\" height=\"18\">Early ASD Diagnosis<\/td>\n<td align=\"center\" valign=\"bottom\">2019\/2020<\/td>\n<td align=\"left\" valign=\"bottom\">MUDr. Silvia Hnilicov\u00e1, PhD.<\/td>\n<td align=\"left\" valign=\"bottom\">Sebastian Mattuzzi<\/td>\n<\/tr>\n<tr>\n<td align=\"left\" valign=\"bottom\" height=\"18\">Melaton\u00edn a autizmus<\/td>\n<td align=\"center\" valign=\"bottom\">2019\/2020<\/td>\n<td align=\"left\" valign=\"bottom\">MUDr. Rastislav Va\u017ean, PhD.<\/td>\n<td align=\"left\" valign=\"bottom\">Marko Horv\u00e1th<\/td>\n<\/tr>\n<tr>\n<td align=\"left\" valign=\"bottom\" height=\"18\">Association of Hormones with Autism Spectrum Disorders<\/td>\n<td align=\"center\" valign=\"bottom\">2019\/2020<\/td>\n<td align=\"left\" valign=\"bottom\">Mgr. Katar\u00edna Jan\u0161\u00e1kov\u00e1, PhD.<\/td>\n<td align=\"left\" valign=\"bottom\">Josephine Claire Mayer<\/td>\n<\/tr>\n<tr>\n<td align=\"left\" valign=\"bottom\" height=\"18\">Sport-related heart pathology<\/td>\n<td align=\"center\" valign=\"bottom\">2019\/2020<\/td>\n<td align=\"left\" valign=\"bottom\">doc. MUDr. Jana Rado\u0161insk\u00e1, PhD.<\/td>\n<td align=\"left\" valign=\"bottom\">Moritz Steininger<\/td>\n<\/tr>\n<tr>\n<td align=\"left\" valign=\"bottom\" height=\"18\">Cardiovascular Diseases in Autism Spectrum Disorder<\/td>\n<td align=\"center\" valign=\"bottom\">2018\/2019<\/td>\n<td align=\"left\" valign=\"bottom\">doc. MUDr. Jana Rado\u0161insk\u00e1, PhD.<\/td>\n<td align=\"left\" valign=\"bottom\">Miriam Celina Pigerl<\/td>\n<\/tr>\n<tr>\n<td align=\"left\" valign=\"bottom\" height=\"18\">Cardiovascular Diseases in Patients with Autism Spectrum Disorder and Down Syndrome<\/td>\n<td align=\"center\" valign=\"bottom\">2018\/2019<\/td>\n<td align=\"left\" valign=\"bottom\">MUDr. Silvia Hnilicov\u00e1, PhD.<\/td>\n<td align=\"left\" valign=\"bottom\">Sophie Vera Berger<\/td>\n<\/tr>\n<tr>\n<td align=\"left\" valign=\"bottom\" height=\"18\">Parameters of Erythrocytes in Autism Spectrum Disorder<\/td>\n<td align=\"center\" valign=\"bottom\">2018\/2019<\/td>\n<td align=\"left\" valign=\"bottom\">doc. MUDr. Jana Rado\u0161insk\u00e1, PhD.<\/td>\n<td align=\"left\" valign=\"bottom\">Venetsana Trimi<\/td>\n<\/tr>\n<tr>\n<td align=\"left\" valign=\"bottom\" height=\"18\">Probl\u00e9mov\u00e9 spr\u00e1vanie pri\u00a0poruch\u00e1ch autistick\u00e9ho spektra a\u00a0jeho biologick\u00e9 korel\u00e1ty<\/td>\n<td align=\"center\" valign=\"bottom\">2018\/2019<\/td>\n<td align=\"left\" valign=\"bottom\">doc. MUDr. Katar\u00edna Babinsk\u00e1, PhD.<\/td>\n<td align=\"left\" valign=\"bottom\">Bc. Michaela Rozgo\u0148ov\u00e1<\/td>\n<\/tr>\n<tr>\n<td align=\"left\" valign=\"bottom\" height=\"18\">V\u010dasn\u00e1 intervencia, mozgov\u00e1 plasticita a\u00a0prevencia por\u00fach autistick\u00e9ho spektra<\/td>\n<td align=\"center\" valign=\"bottom\">2018\/2019<\/td>\n<td align=\"left\" valign=\"bottom\">prof. MUDr. Daniela Ostatn\u00edkov\u00e1, PhD.<\/td>\n<td align=\"left\" valign=\"bottom\">Rafael J\u00e1n Sepp<\/td>\n<\/tr>\n<tr>\n<td align=\"left\" valign=\"bottom\" height=\"18\">Dietary Patterns of Children with Autism Spectrum Disorders<\/td>\n<td align=\"center\" valign=\"bottom\">2017\/2018<\/td>\n<td align=\"left\" valign=\"bottom\">doc. MUDr. Katar\u00edna Babinsk\u00e1, PhD.<\/td>\n<td align=\"left\" valign=\"bottom\">MUDr. Magdalena Teresa Zubowicz<\/td>\n<\/tr>\n<tr>\n<td align=\"left\" valign=\"bottom\" height=\"18\">Nutritional Interventions in Autism Spectrum Disorders<\/td>\n<td align=\"center\" valign=\"bottom\">2017\/2018<\/td>\n<td align=\"left\" valign=\"bottom\">doc. MUDr. Katar\u00edna Babinsk\u00e1, PhD.<\/td>\n<td align=\"left\" valign=\"bottom\">MUDr. Peggy Awonlie Adamah<\/td>\n<\/tr>\n<tr>\n<td align=\"left\" valign=\"bottom\" height=\"18\">Growth and Development in Children with Autism Spectrum Disorders<\/td>\n<td align=\"center\" valign=\"bottom\">2016\/2017<\/td>\n<td align=\"left\" valign=\"bottom\">RNDr. Klaudia Kyselicov\u00e1, PhD.<\/td>\n<td align=\"left\" valign=\"bottom\">MUDr. Anna Maria Tsilivakou<\/td>\n<\/tr>\n<tr>\n<td align=\"left\" valign=\"bottom\" height=\"18\">Kognit\u00edvny deficit u\u00a0det\u00ed s\u00a0poruchou autistick\u00e9ho spektra v\u00a0porovnan\u00ed so zdravou popul\u00e1ciou<\/td>\n<td align=\"center\" valign=\"bottom\">2015\/2016<\/td>\n<td align=\"left\" valign=\"bottom\">prof. MUDr. Daniela Ostatn\u00edkov\u00e1, PhD.<\/td>\n<td align=\"left\" valign=\"bottom\">MUDr. M\u00e1ria Krn\u00e1\u010dov\u00e1<\/td>\n<\/tr>\n<tr>\n<td align=\"left\" valign=\"bottom\" height=\"18\">Odli\u0161nos\u0165 prejavov autizmu v\u00a0z\u00e1vislosti od pohlavia<\/td>\n<td align=\"center\" valign=\"bottom\">2015\/2016<\/td>\n<td align=\"left\" valign=\"bottom\">MUDr. Aneta Kubransk\u00e1, PhD.<\/td>\n<td align=\"left\" valign=\"bottom\">MUDr. Janette Stamova<\/td>\n<\/tr>\n<tr>\n<td align=\"left\" valign=\"bottom\" height=\"18\">Melaton\u00edn a\u00a0poruchy sp\u00e1nku u\u00a0det\u00ed s\u00a0autizmom<\/td>\n<td align=\"center\" valign=\"bottom\">2015\/2016<\/td>\n<td align=\"left\" valign=\"bottom\">MUDr. Aneta Kubransk\u00e1, PhD.<\/td>\n<td align=\"left\" valign=\"bottom\">MUDr. Kriszt\u00edna Szibillov\u00e1<\/td>\n<\/tr>\n<tr>\n<td align=\"left\" valign=\"bottom\" height=\"18\">Aktivita auton\u00f3mneho nervov\u00e9ho syst\u00e9mu pri\u00a0poruch\u00e1ch autistick\u00e9ho spektra<\/td>\n<td align=\"center\" valign=\"bottom\">2015\/2016<\/td>\n<td align=\"left\" valign=\"bottom\">MUDr. Aneta Kubransk\u00e1, PhD.<\/td>\n<td align=\"left\" valign=\"bottom\">MUDr. Barbora \u0160tefkov\u00e1<\/td>\n<\/tr>\n<tr>\n<td align=\"left\" valign=\"bottom\" height=\"18\">Nutri\u010dn\u00fd status a\u00a0nutri\u010dn\u00e9 rizik\u00e1 u\u00a0os\u00f4b s\u00a0poruchami autistick\u00e9ho spektra<\/td>\n<td align=\"center\" valign=\"bottom\">2015\/2016<\/td>\n<td align=\"left\" valign=\"bottom\">doc. MUDr. Katar\u00edna Babinsk\u00e1, PhD.<\/td>\n<td align=\"left\" valign=\"bottom\">MUDr. Veronika Marciusov\u00e1<\/td>\n<\/tr>\n<tr>\n<td align=\"left\" valign=\"bottom\" height=\"18\">What is the Role of Mitochondrial Dysfunction in Etiology of Autism Spectrum Disorders?<\/td>\n<td align=\"center\" valign=\"bottom\">2015\/2016<\/td>\n<td align=\"left\" valign=\"bottom\">doc. MUDr. Katar\u00edna Babinsk\u00e1, PhD.<\/td>\n<td align=\"left\" valign=\"bottom\">MUDr. Andreas Alexakis<\/td>\n<\/tr>\n<tr>\n<td align=\"left\" valign=\"bottom\" height=\"18\">Poruchy autistick\u00e9ho spektra a\u00a0v\u00fd\u017eiva<\/td>\n<td align=\"center\" valign=\"bottom\">2015\/2016<\/td>\n<td align=\"left\" valign=\"bottom\">doc. MUDr. Katar\u00edna Babinsk\u00e1, PhD.<\/td>\n<td align=\"left\" valign=\"bottom\">MUDr. Anast\u00e1zia Komarova<\/td>\n<\/tr>\n<tr>\n<td align=\"left\" valign=\"bottom\" height=\"18\">Skr\u00edning a\u00a0v\u010dasn\u00e1 diagnostika por\u00fach autistick\u00e9ho spektra<\/td>\n<td align=\"center\" valign=\"bottom\">2015\/2016<\/td>\n<td align=\"left\" valign=\"bottom\">MUDr. Silvia Hnilicov\u00e1, PhD.<\/td>\n<td align=\"left\" valign=\"bottom\">MUDr. Al\u017ebeta P\u00fa\u010da\u0165ov\u00e1<\/td>\n<\/tr>\n<tr>\n<td align=\"left\" valign=\"bottom\" height=\"18\">Epidemiologick\u00e9 aspekty por\u00fach autistick\u00e9ho spektra<\/td>\n<td align=\"center\" valign=\"bottom\">2015\/2016<\/td>\n<td align=\"left\" valign=\"bottom\">MUDr. Silvia Hnilicov\u00e1, PhD.<\/td>\n<td align=\"left\" valign=\"bottom\">MUDr. Kitty Mikovicsov\u00e1<\/td>\n<\/tr>\n<tr>\n<td align=\"left\" valign=\"bottom\" height=\"18\">Autizmus a\u00a0epilepsia<\/td>\n<td align=\"center\" valign=\"bottom\">2015\/2016<\/td>\n<td align=\"left\" valign=\"bottom\">MUDr. Silvia Hnilicov\u00e1, PhD.<\/td>\n<td align=\"left\" valign=\"bottom\">MUDr. Mari\u00e1n Chaval\u010d\u00e1k<\/td>\n<\/tr>\n<tr>\n<td align=\"left\" valign=\"bottom\" height=\"18\">High Functioning Autism and It&#8217;s Specifics in Autism Spectrum Disorders<\/td>\n<td align=\"center\" valign=\"bottom\">2015\/2016<\/td>\n<td align=\"left\" valign=\"bottom\">MUDr. Silvia Hnilicov\u00e1, PhD.<\/td>\n<td align=\"left\" valign=\"bottom\">MUDr. Christina Tasiopoulou<\/td>\n<\/tr>\n<tr>\n<td align=\"left\" valign=\"bottom\" height=\"18\">Autism and Epilepsy<\/td>\n<td align=\"center\" valign=\"bottom\">2015\/2016<\/td>\n<td align=\"left\" valign=\"bottom\">MUDr. Silvia Hnilicov\u00e1, PhD.<\/td>\n<td align=\"left\" valign=\"bottom\">MUDr. Xavier Ramon Grimalt<\/td>\n<\/tr>\n<tr>\n<td align=\"left\" valign=\"bottom\" height=\"18\">Met\u00f3dy pou\u017e\u00edvan\u00e9 v\u00a0diagnostike por\u00fach autistick\u00e9ho spektra<\/td>\n<td align=\"center\" valign=\"bottom\">2014\/2015<\/td>\n<td align=\"left\" valign=\"bottom\">MUDr. Aneta Kubransk\u00e1, PhD.<\/td>\n<td align=\"left\" valign=\"bottom\">MUDr. Roman Gr\u00e9ser<\/td>\n<\/tr>\n<tr>\n<td align=\"left\" valign=\"bottom\" height=\"18\">Pohlavn\u00e9 horm\u00f3ny v\u00a0patogen\u00e9ze autizmu<\/td>\n<td align=\"center\" valign=\"bottom\">2014\/2015<\/td>\n<td align=\"left\" valign=\"bottom\">MUDr. Aneta Kubransk\u00e1, PhD.<\/td>\n<td align=\"left\" valign=\"bottom\">MUDr. Ane\u017eka Chl\u00e1dekov\u00e1<\/td>\n<\/tr>\n<tr>\n<td align=\"left\" valign=\"bottom\" height=\"18\">Komorbidity u\u00a0pacientov s\u00a0poruchami autistickeho spektra<\/td>\n<td align=\"center\" valign=\"bottom\">2014\/2015<\/td>\n<td align=\"left\" valign=\"bottom\">MUDr. Aneta Kubransk\u00e1, PhD.<\/td>\n<td align=\"left\" valign=\"bottom\">MUDr. Benedikta B\u00fatorov\u00e1<\/td>\n<\/tr>\n<tr>\n<td align=\"left\" valign=\"bottom\" height=\"18\">Autizmus a\u00a0em\u00f3cie<\/td>\n<td align=\"center\" valign=\"bottom\">2014\/2015<\/td>\n<td align=\"left\" valign=\"bottom\">MUDr. Silvia Hnilicov\u00e1, PhD.<\/td>\n<td align=\"left\" valign=\"bottom\">MUDr. Elizabeta Dob\u0161ovi\u010dov\u00e1<\/td>\n<\/tr>\n<tr>\n<td align=\"left\" valign=\"bottom\" height=\"18\">Skr\u00edning autizmu u\u00a0det\u00ed<\/td>\n<td align=\"center\" valign=\"bottom\">2014\/2015<\/td>\n<td align=\"left\" valign=\"bottom\">MUDr. Silvia Hnilicov\u00e1, PhD.<\/td>\n<td align=\"left\" valign=\"bottom\">MUDr. Gabriela Kali\u0148akov\u00e1<\/td>\n<\/tr>\n<tr>\n<td align=\"left\" valign=\"bottom\" height=\"18\">Intenz\u00edvne behavior\u00e1lne intervencie u\u00a0por\u00fach autistick\u00e9ho spektra<\/td>\n<td align=\"center\" valign=\"bottom\">2014\/2015<\/td>\n<td align=\"left\" valign=\"bottom\">MUDr. Silvia Hnilicov\u00e1, PhD.<\/td>\n<td align=\"left\" valign=\"bottom\">MUDr. Barbora Ascherov\u00e1<\/td>\n<\/tr>\n<tr>\n<td align=\"left\" valign=\"bottom\" height=\"18\">Autizmus a\u00a0ment\u00e1lna anorexia<\/td>\n<td align=\"center\" valign=\"bottom\">2014\/2015<\/td>\n<td align=\"left\" valign=\"bottom\">doc. MUDr. Katar\u00edna Babinsk\u00e1, PhD.<\/td>\n<td align=\"left\" valign=\"bottom\">MUDr. Jana Gibasov\u00e1<\/td>\n<\/tr>\n<tr>\n<td align=\"left\" valign=\"bottom\" height=\"18\">Autism and Role of Vitamin D<\/td>\n<td align=\"center\" valign=\"bottom\">2014\/2015<\/td>\n<td align=\"left\" valign=\"bottom\">doc. MUDr. Katar\u00edna Babinsk\u00e1, PhD.<\/td>\n<td align=\"left\" valign=\"bottom\">MUDr. Eleni Stylou<\/td>\n<\/tr>\n<tr>\n<td align=\"left\" valign=\"bottom\" height=\"18\">Komplement\u00e1rne a\u00a0alternat\u00edvne terapie u\u00a0por\u00fach autistick\u00e9ho spektra<\/td>\n<td align=\"center\" valign=\"bottom\">2014\/2015<\/td>\n<td align=\"left\" valign=\"bottom\">doc. MUDr. Katar\u00edna Babinsk\u00e1, PhD.<\/td>\n<td align=\"left\" valign=\"bottom\">MUDr. Zuzana Giblov\u00e1<\/td>\n<\/tr>\n<tr>\n<td align=\"left\" valign=\"bottom\" height=\"18\">Gastrointestinal Problems in Autism<\/td>\n<td align=\"center\" valign=\"bottom\">2014\/2015<\/td>\n<td align=\"left\" valign=\"bottom\">doc. MUDr. Katar\u00edna Babinsk\u00e1, PhD.<\/td>\n<td align=\"left\" valign=\"bottom\">MUDr. Eleni Sarantidou<\/td>\n<\/tr>\n<tr>\n<td align=\"left\" valign=\"bottom\" height=\"18\">Epidemiol\u00f3gia por\u00fach autistick\u00e9ho spektra<\/td>\n<td align=\"center\" valign=\"bottom\">2014\/2015<\/td>\n<td align=\"left\" valign=\"bottom\">MUDr. Silvia Hnilicov\u00e1, PhD.<\/td>\n<td align=\"left\" valign=\"bottom\">MUDr. Elena Per\u010fochov\u00e1<\/td>\n<\/tr>\n<tr>\n<td align=\"left\" valign=\"bottom\" height=\"18\">Skr\u00edningov\u00e9 met\u00f3dy por\u00fach autistick\u00e9ho spektra<\/td>\n<td align=\"center\" valign=\"bottom\">2014\/2015<\/td>\n<td align=\"left\" valign=\"bottom\">MUDr. Silvia Hnilicov\u00e1, PhD.<\/td>\n<td align=\"left\" valign=\"bottom\">MUDr. Kitti Jak\u00f3csov\u00e1<\/td>\n<\/tr>\n<tr>\n<td align=\"left\" valign=\"bottom\" height=\"18\">Genetic Aspects of Autism Spectrum Disorder<\/td>\n<td align=\"center\" valign=\"bottom\">2014\/2015<\/td>\n<td align=\"left\" valign=\"bottom\">RNDr. Jaroslava Babkov\u00e1, PhD.<\/td>\n<td align=\"left\" valign=\"bottom\">MUDr. Tariq Nazam Hassan<\/td>\n<\/tr>\n<tr>\n<td align=\"left\" valign=\"bottom\" height=\"18\">Autizmus a\u00a0sp\u00e1nok<\/td>\n<td align=\"center\" valign=\"bottom\">2014\/2015<\/td>\n<td align=\"left\" valign=\"bottom\">MUDr. Silvia Hnilicov\u00e1, PhD.<\/td>\n<td align=\"left\" valign=\"bottom\">MUDr. Denisa Mal\u00e1<\/td>\n<\/tr>\n<tr>\n<td align=\"left\" valign=\"bottom\" height=\"18\">Connection of GI Symptoms and Fecal TNF Alpha Levels in Children with Autism<\/td>\n<td align=\"center\" valign=\"bottom\">2013\/2014<\/td>\n<td align=\"left\" valign=\"bottom\">doc. MUDr. Katar\u00edna Babinsk\u00e1, PhD.<\/td>\n<td align=\"left\" valign=\"bottom\">MUDr. Ioannis Fragkiadakis<\/td>\n<\/tr>\n<tr>\n<td align=\"left\" valign=\"bottom\" height=\"18\">Poruchy sp\u00e1nku u\u00a0det\u00ed s\u00a0autizmom<\/td>\n<td align=\"center\" valign=\"bottom\">2013\/2014<\/td>\n<td align=\"left\" valign=\"bottom\">prof. MUDr. Daniela Ostatn\u00edkov\u00e1, PhD.<\/td>\n<td align=\"left\" valign=\"bottom\">MUDr. J\u00e1n Garai<\/td>\n<\/tr>\n<tr>\n<td align=\"left\" valign=\"bottom\" height=\"18\">Fyzick\u00e1 aktivita u\u00a0os\u00f4b s\u00a0autizmom<\/td>\n<td align=\"center\" valign=\"bottom\">2013\/2014<\/td>\n<td align=\"left\" valign=\"bottom\">doc. MUDr. Katar\u00edna Babinsk\u00e1, PhD.<\/td>\n<td align=\"left\" valign=\"bottom\">MUDr. So\u0148a O\u010dipov\u00e1<\/td>\n<\/tr>\n<\/tbody>\n<\/table>\n[\/vc_column_text][\/vc_column][\/vc_row][vc_row][vc_column][vc_empty_space][vc_message]If you are interested in more information, contact us by e-mail: <a href=\"mailto:acva@acva.sk\">acva@acva.sk<\/a>[\/vc_message][\/vc_column][\/vc_row]\n","protected":false},"excerpt":{"rendered":"<p>[vc_row][vc_column][vc_column_text]Below is an overview of diploma theses of students of the Institute of Physiology, Comenius University, focused on autism, registered since the academic year 2013\/2014.[\/vc_column_text][\/vc_column][\/vc_row][vc_row][vc_column][vc_column_text] T\u00e9ma diplomovej pr\u00e1ce Akademick\u00fd rok Diplomov\u00fd ved\u00faci \u0160tudent Sex\/Gender Differences in Autism Spectrum Disorders 2020\/2021 Mgr. Gabriela Repisk\u00e1, PhD. Jaskirat Kaur Aujla Epigenetics of Autism Spectrum Disorders 2020\/2021 Mgr. Gabriela<\/p>\n","protected":false},"author":1,"featured_media":0,"parent":0,"menu_order":0,"comment_status":"closed","ping_status":"closed","template":"","meta":{"_eb_attr":"","footnotes":""},"class_list":["post-21188","page","type-page","status-publish","hentry"],"_links":{"self":[{"href":"https:\/\/acva.sk\/en\/wp-json\/wp\/v2\/pages\/21188","targetHints":{"allow":["GET"]}}],"collection":[{"href":"https:\/\/acva.sk\/en\/wp-json\/wp\/v2\/pages"}],"about":[{"href":"https:\/\/acva.sk\/en\/wp-json\/wp\/v2\/types\/page"}],"author":[{"embeddable":true,"href":"https:\/\/acva.sk\/en\/wp-json\/wp\/v2\/users\/1"}],"replies":[{"embeddable":true,"href":"https:\/\/acva.sk\/en\/wp-json\/wp\/v2\/comments?post=21188"}],"version-history":[{"count":2,"href":"https:\/\/acva.sk\/en\/wp-json\/wp\/v2\/pages\/21188\/revisions"}],"predecessor-version":[{"id":22454,"href":"https:\/\/acva.sk\/en\/wp-json\/wp\/v2\/pages\/21188\/revisions\/22454"}],"wp:attachment":[{"href":"https:\/\/acva.sk\/en\/wp-json\/wp\/v2\/media?parent=21188"}],"curies":[{"name":"wp","href":"https:\/\/api.w.org\/{rel}","templated":true}]}}