{"id":21186,"date":"2021-03-13T20:50:30","date_gmt":"2021-03-13T19:50:30","guid":{"rendered":"https:\/\/acva.sk\/acva-oz\/"},"modified":"2021-03-13T20:50:30","modified_gmt":"2021-03-13T19:50:30","slug":"acva-oz","status":"publish","type":"page","link":"https:\/\/acva.sk\/en\/acva-oz\/","title":{"rendered":"ACVA OZ"},"content":{"rendered":"[vc_row][vc_column][vc_column_text]\n<p align=\"justify\"><span style=\"color: #000000;\"><b>Ob\u010dianske zdru\u017eenie ACVA o.z.<\/b><\/span><span style=\"color: #000000;\">\u00a0vzniklo v decembri 2014 a je\u00a0 zdru\u017een\u00edm fyzick\u00fdch a pr\u00e1vnick\u00fdch os\u00f4b, ktor\u00e9 maj\u00fa z\u00e1ujem napom\u00e1ha\u0165 rozvoju v\u00fdskumu, v\u00fdvoja, eduk\u00e1cie a inov\u00e1ci\u00ed v oblasti podpory a starostlivosti o \u013eud\u00ed s poruchami autistick\u00e9ho spektra v Slovenskej republike prostredn\u00edctvom posil\u0148ovania v\u00fdskumn\u00fdch a v\u00fdvojov\u00fdch kapac\u00edt, a zu\u017eitkov\u00e1vania zahrani\u010dn\u00fdch sk\u00fasenost\u00ed a kontaktov.<\/span><\/p>\n<p align=\"justify\"><span style=\"color: #000000;\">Aktivity zdru\u017eenia s\u00fa predov\u0161etk\u00fdm: vedeck\u00e9, v\u00fdskumn\u00e9 a v\u00fdvojov\u00e9 aktivity, vzdel\u00e1vacie aktivity vr\u00e1tane rozvoja modern\u00fdch sp\u00f4sobov vzdel\u00e1vania, prenos poznatkov z vedy, v\u00fdskumu a v\u00fdvoja do praxe, informa\u010dn\u00e9, osvetov\u00e9, propaga\u010dn\u00e9 a marketingov\u00e9 aktivity a mnoh\u00e9 in\u00e9.<\/span><\/p>\n[\/vc_column_text][\/vc_column][\/vc_row][vc_row][vc_column][vc_text_separator title=&#8221;Identifika\u010dn\u00e9 \u00fadaje&#8221; i_icon_fontawesome=&#8221;fas fa-info-circle&#8221; add_icon=&#8221;true&#8221;][\/vc_column][\/vc_row][vc_row][vc_column][vc_column_text]\n<p><strong>I\u010cO:<\/strong> 424 154 38<br \/><strong>Pr\u00e1vna forma:<\/strong> ob\u010dianske zdru\u017eenie<br \/><strong>Obchodn\u00e9 meno (n\u00e1zov):<\/strong> Akademick\u00e9 centrum pre v\u00fdskum autizmu<br \/><strong>S\u00eddlo:<\/strong> Pod Ze\u010d\u00e1kom 43, 841 01 Bratislava<\/p>\n[\/vc_column_text][\/vc_column][\/vc_row][vc_row][vc_column][\/vc_column][\/vc_row]\n","protected":false},"excerpt":{"rendered":"<p>[vc_row][vc_column][vc_column_text] Ob\u010dianske zdru\u017eenie ACVA o.z.\u00a0vzniklo v decembri 2014 a je\u00a0 zdru\u017een\u00edm fyzick\u00fdch a pr\u00e1vnick\u00fdch os\u00f4b, ktor\u00e9 maj\u00fa z\u00e1ujem napom\u00e1ha\u0165 rozvoju v\u00fdskumu, v\u00fdvoja, eduk\u00e1cie a inov\u00e1ci\u00ed v oblasti podpory a starostlivosti o \u013eud\u00ed s poruchami autistick\u00e9ho spektra v Slovenskej republike prostredn\u00edctvom posil\u0148ovania v\u00fdskumn\u00fdch a v\u00fdvojov\u00fdch kapac\u00edt, a zu\u017eitkov\u00e1vania zahrani\u010dn\u00fdch sk\u00fasenost\u00ed a kontaktov. Aktivity zdru\u017eenia s\u00fa predov\u0161etk\u00fdm:<\/p>\n","protected":false},"author":1,"featured_media":0,"parent":0,"menu_order":0,"comment_status":"closed","ping_status":"closed","template":"","meta":{"_eb_attr":"","footnotes":""},"class_list":["post-21186","page","type-page","status-publish","hentry"],"_links":{"self":[{"href":"https:\/\/acva.sk\/en\/wp-json\/wp\/v2\/pages\/21186","targetHints":{"allow":["GET"]}}],"collection":[{"href":"https:\/\/acva.sk\/en\/wp-json\/wp\/v2\/pages"}],"about":[{"href":"https:\/\/acva.sk\/en\/wp-json\/wp\/v2\/types\/page"}],"author":[{"embeddable":true,"href":"https:\/\/acva.sk\/en\/wp-json\/wp\/v2\/users\/1"}],"replies":[{"embeddable":true,"href":"https:\/\/acva.sk\/en\/wp-json\/wp\/v2\/comments?post=21186"}],"version-history":[{"count":0,"href":"https:\/\/acva.sk\/en\/wp-json\/wp\/v2\/pages\/21186\/revisions"}],"wp:attachment":[{"href":"https:\/\/acva.sk\/en\/wp-json\/wp\/v2\/media?parent=21186"}],"curies":[{"name":"wp","href":"https:\/\/api.w.org\/{rel}","templated":true}]}}