{"id":21183,"date":"2021-03-13T20:51:15","date_gmt":"2021-03-13T19:51:15","guid":{"rendered":"https:\/\/acva.sk\/acva-v-mediach-videa-clanky-rozhovory\/"},"modified":"2022-04-01T13:56:55","modified_gmt":"2022-04-01T11:56:55","slug":"acva-v-mediach-videa-clanky-rozhovory","status":"publish","type":"page","link":"https:\/\/acva.sk\/en\/acva-v-mediach-videa-clanky-rozhovory\/","title":{"rendered":"MEDIA"},"content":{"rendered":"[vc_row][vc_column]<div class=\"columns clearfix layout-column\"><ul class=\"blog vc_col-sm-6 wpb_column vc_column_container\"><li class=\" post post-21998 type-post status-publish format-standard has-post-thumbnail hentry category-media-en category-uncategorized tag-autizmus-en tag-vyskum-en\"><ul class=\"comment-box clearfix\"><li class=\"date\">\n\t\t\t\t\t\t\t\t<div class=\"value\">25. MARCH 2022<\/div>\n\t\t\t\t\t\t\t\t<div class=\"arrow-date\"><\/div>\n\t\t\t\t\t\t\t<\/li><\/ul><div class=\"post-content\"><a class=\"post-image\" href=\"https:\/\/acva.sk\/en\/interview-on-regina-radio-on-ongoing-research-into-children-aged-2-5-3-5-years\/\" title=\"Rozhovor v r\u00e1diu Regina &#8211; o pr\u00e1ve prebiehaj\u00facom v\u00fdskume zameranom na deti vo veku 2,5 &#8211; 3,5 roka\"><span class=\"mc-preloader\"><\/span><img loading=\"lazy\" decoding=\"async\" width=\"600\" height=\"394\" src=\"https:\/\/acva.sk\/wp-content\/uploads\/2022\/03\/autizmus-600x394.webp\" class=\"attachment-medicenter-gallery-image size-medicenter-gallery-image wp-post-image\" alt=\"Rozhovor v r\u00e1diu Regina &#8211; o pr\u00e1ve prebiehaj\u00facom v\u00fdskume zameranom na deti vo veku 2,5 &#8211; 3,5 roka\" title=\"\" \/><\/a><h2 class=\"post-title\"><a href=\"https:\/\/acva.sk\/en\/interview-on-regina-radio-on-ongoing-research-into-children-aged-2-5-3-5-years\/\" title=\"Rozhovor v r\u00e1diu Regina &#8211; o pr\u00e1ve prebiehaj\u00facom v\u00fdskume zameranom na deti vo veku 2,5 &#8211; 3,5 roka\">Rozhovor v r\u00e1diu Regina &#8211; o pr\u00e1ve prebiehaj\u00facom v\u00fdskume zameranom na deti vo veku 2,5 &#8211; 3,5 roka<\/a><\/h2><p>&#13; O pr\u00e1ve prebiehaj\u00facom v\u00fdskume Akademick\u00e9ho centra v\u00fdskumu autizmu, zameranom na mal\u00e9 deti vo veku 2,5 &#8211; 3,5 roka n\u00e1jdete inform\u00e1cie aj v rozhovore s na\u0161ou kolegy\u0148ou Mgr. M\u00e1riou Kop\u010d\u00edkovou v R\u00e1diu Regina Z\u00e1pad &#13; &#13; https:\/\/reginazapad.rtvs.sk\/clanky\/poznanie-vzdelavanie-veda\/286371\/akademicke-centrum-vyskumu-autizmu-robi-diagnostiku-malych-deti-vo-veku-2-az-3-5-roka?fbclid=IwAR3-Qrpv3qeryZcvnTmqnlVA-TXKfJyxmOeRetHDnQDPOVv3i4eaABp7agQ &#13; &#13; Ak m\u00e1te z\u00e1ujem zapoji\u0165 sa do v\u00fdskumu, viac inform\u00e1cii n\u00e1jdete na: https:\/\/acva.sk\/diagnostika-pas-zamerana-na-male-deti\/ &#13;<\/p>\n\t\t<div class=\"post-footer clearfix\">\n\t\t\t\t\t\t\t\t<ul class=\"post-footer-details\"><li class=\"post-footer-author\">\n\t\t\t\t\t\t\t\t\t\t<a class=\"author\" href=\"https:\/\/acva.sk\" title=\"acva\">acva<\/a>\n\t\t\t\t\t\t\t\t\t<\/li><li class=\"post-footer-category\">\n\t\t\t\t\t\t\t\t\t\t\t<a href=\"https:\/\/acva.sk\/en\/category\/media-en\/\" title=\"View all posts filed under M\u00e9di\u00e1\">M\u00e9di\u00e1<\/a>, \n\t\t\t\t\t\t\t\t\t\t<\/li><li class=\"post-footer-category\">\n\t\t\t\t\t\t\t\t\t\t\t<a href=\"https:\/\/acva.sk\/en\/category\/uncategorized\/\" title=\"View all posts filed under Uncategorized\">Uncategorized<\/a>\n\t\t\t\t\t\t\t\t\t\t<\/li><\/ul><\/div><\/div><\/li><li class=\" post post-21996 type-post status-publish format-standard has-post-thumbnail hentry category-knihy-en category-uncategorized tag-aktuality-en tag-knihy-en\"><ul class=\"comment-box clearfix\"><li class=\"date\">\n\t\t\t\t\t\t\t\t<div class=\"value\">25. MARCH 2022<\/div>\n\t\t\t\t\t\t\t\t<div class=\"arrow-date\"><\/div>\n\t\t\t\t\t\t\t<\/li><\/ul><div class=\"post-content\"><a class=\"post-image\" href=\"https:\/\/acva.sk\/en\/new-book-autizmus-od-a-po-s\/\" title=\"NEW BOOK: AUTIZMUS od A po S\"><span class=\"mc-preloader\"><\/span><img loading=\"lazy\" decoding=\"async\" width=\"439\" height=\"400\" src=\"https:\/\/acva.sk\/wp-content\/uploads\/2022\/03\/602834_600-600-439x400.jpg\" class=\"attachment-medicenter-gallery-image size-medicenter-gallery-image wp-post-image\" alt=\"NEW BOOK: AUTIZMUS od A po S\" title=\"\" \/><\/a><h2 class=\"post-title\"><a href=\"https:\/\/acva.sk\/en\/new-book-autizmus-od-a-po-s\/\" title=\"NEW BOOK: AUTIZMUS od A po S\">NEW BOOK: AUTIZMUS od A po S<\/a><\/h2><p>Dear parents and friends, We are pleased to present our new book AUTIZMUS od A po S, which will officially see the light of day April 2, 2022 on the occasion of World Autism Awareness Day , published by IKAR During the pandemic, we managed to bring together a great team of authors with many<\/p>\n\t\t<div class=\"post-footer clearfix\">\n\t\t\t\t\t\t\t\t<ul class=\"post-footer-details\"><li class=\"post-footer-author\">\n\t\t\t\t\t\t\t\t\t\t<a class=\"author\" href=\"https:\/\/acva.sk\" title=\"acva\">acva<\/a>\n\t\t\t\t\t\t\t\t\t<\/li><li class=\"post-footer-category\">\n\t\t\t\t\t\t\t\t\t\t\t<a href=\"https:\/\/acva.sk\/en\/category\/media-en\/knihy-en\/\" title=\"View all posts filed under Knihy\">Knihy<\/a>, \n\t\t\t\t\t\t\t\t\t\t<\/li><li class=\"post-footer-category\">\n\t\t\t\t\t\t\t\t\t\t\t<a href=\"https:\/\/acva.sk\/en\/category\/uncategorized\/\" title=\"View all posts filed under Uncategorized\">Uncategorized<\/a>\n\t\t\t\t\t\t\t\t\t\t<\/li><\/ul><\/div><\/div><\/li><li class=\" post post-21272 type-post status-publish format-standard has-post-thumbnail hentry category-media-en category-uncategorized tag-aktuality-en tag-prof-mudr-daniela-ostatnikova-en\"><ul class=\"comment-box clearfix\"><li class=\"date\">\n\t\t\t\t\t\t\t\t<div class=\"value\">26. NOVEMBER 2021<\/div>\n\t\t\t\t\t\t\t\t<div class=\"arrow-date\"><\/div>\n\t\t\t\t\t\t\t<\/li><\/ul><div class=\"post-content\"><a class=\"post-image\" href=\"https:\/\/acva.sk\/en\/daniela-ostatnikova-autizmus-sprevadza-cloveka-po-cely-zivot-neexistuje-tabletka-ktora-ho-vylieci\/\" title=\"Daniela Ostatn\u00edkov\u00e1: Autizmus sprev\u00e1dza \u010dloveka po cel\u00fd \u017eivot, neexistuje tabletka, ktor\u00e1 ho vylie\u010di\"><span class=\"mc-preloader\"><\/span><img loading=\"lazy\" decoding=\"async\" width=\"600\" height=\"394\" src=\"https:\/\/acva.sk\/wp-content\/uploads\/2021\/11\/DO_Foto-820x394-1-600x394.jpg\" class=\"attachment-medicenter-gallery-image size-medicenter-gallery-image wp-post-image\" alt=\"Daniela Ostatn\u00edkov\u00e1: Autizmus sprev\u00e1dza \u010dloveka po cel\u00fd \u017eivot, neexistuje tabletka, ktor\u00e1 ho vylie\u010di\" title=\"\" \/><\/a><h2 class=\"post-title\"><a href=\"https:\/\/acva.sk\/en\/daniela-ostatnikova-autizmus-sprevadza-cloveka-po-cely-zivot-neexistuje-tabletka-ktora-ho-vylieci\/\" title=\"Daniela Ostatn\u00edkov\u00e1: Autizmus sprev\u00e1dza \u010dloveka po cel\u00fd \u017eivot, neexistuje tabletka, ktor\u00e1 ho vylie\u010di\">Daniela Ostatn\u00edkov\u00e1: Autizmus sprev\u00e1dza \u010dloveka po cel\u00fd \u017eivot, neexistuje tabletka, ktor\u00e1 ho vylie\u010di<\/a><\/h2><p>Nov\u00fd rozhovor s pani profesorkou Ostatn\u00edkovou pre magaz\u00edn ak\u010dn\u00e9 \u017eeny. \u201eAutizmus je v\u00fdzva pre n\u00e1s, v\u00e4\u010d\u0161inov\u00fa spolo\u010dnos\u0165. Mali by sme deti s autizmom v spolo\u010dnosti nielen tolerova\u0165, ale akceptova\u0165. Pochopi\u0165, \u017ee s\u00fa in\u00ed, \u017ee inak vidia svet, \u017ee inak myslia a c\u00edtia,\u201d\u00a0hovor\u00ed\u00a0prof. MUDr. Daniela Ostatn\u00edkov\u00e1, PhD.\u00a0Svoj \u017eivot zasv\u00e4tila v\u00fdskumu autizmu.\u00a0\u010c\u00edta\u0165 \u010falej&#8230;<\/p>\n\t\t<div class=\"post-footer clearfix\">\n\t\t\t\t\t\t\t\t<ul class=\"post-footer-details\"><li class=\"post-footer-author\">\n\t\t\t\t\t\t\t\t\t\t<a class=\"author\" href=\"https:\/\/acva.sk\" title=\"acva\">acva<\/a>\n\t\t\t\t\t\t\t\t\t<\/li><li class=\"post-footer-category\">\n\t\t\t\t\t\t\t\t\t\t\t<a href=\"https:\/\/acva.sk\/en\/category\/media-en\/\" title=\"View all posts filed under M\u00e9di\u00e1\">M\u00e9di\u00e1<\/a>, \n\t\t\t\t\t\t\t\t\t\t<\/li><li class=\"post-footer-category\">\n\t\t\t\t\t\t\t\t\t\t\t<a href=\"https:\/\/acva.sk\/en\/category\/uncategorized\/\" title=\"View all posts filed under Uncategorized\">Uncategorized<\/a>\n\t\t\t\t\t\t\t\t\t\t<\/li><\/ul><\/div><\/div><\/li><li class=\" post post-21282 type-post status-publish format-standard has-post-thumbnail hentry category-media-en\"><ul class=\"comment-box clearfix\"><li class=\"date\">\n\t\t\t\t\t\t\t\t<div class=\"value\">2. APRIL 2021<\/div>\n\t\t\t\t\t\t\t\t<div class=\"arrow-date\"><\/div>\n\t\t\t\t\t\t\t<\/li><\/ul><div class=\"post-content\"><a class=\"post-image\" href=\"https:\/\/acva.sk\/en\/doc-mudr-katarina-babinska-phd-nominacia-na-cenu-slovenka-roka-2020-v-kategorii-zdravotnictvo\/\" title=\"Doc. MUDr. Katar\u00edna Babinsk\u00e1, PhD.: Nomin\u00e1cia na cenu Slovenka roka 2020 v kateg\u00f3rii Zdravotn\u00edctvo\"><span class=\"mc-preloader\"><\/span><img loading=\"lazy\" decoding=\"async\" width=\"200\" height=\"300\" src=\"https:\/\/acva.sk\/wp-content\/uploads\/2021\/04\/SR-17-Doc.-MUDr.-KATARINA-BABINSKA-PhD.-MSc-small.jpg\" class=\"attachment-medicenter-gallery-image size-medicenter-gallery-image wp-post-image\" alt=\"Doc. MUDr. Katar\u00edna Babinsk\u00e1, PhD.: Nomin\u00e1cia na cenu Slovenka roka 2020 v kateg\u00f3rii Zdravotn\u00edctvo\" title=\"\" \/><\/a><h2 class=\"post-title\"><a href=\"https:\/\/acva.sk\/en\/doc-mudr-katarina-babinska-phd-nominacia-na-cenu-slovenka-roka-2020-v-kategorii-zdravotnictvo\/\" title=\"Doc. MUDr. Katar\u00edna Babinsk\u00e1, PhD.: Nomin\u00e1cia na cenu Slovenka roka 2020 v kateg\u00f3rii Zdravotn\u00edctvo\">Doc. MUDr. Katar\u00edna Babinsk\u00e1, PhD.: Nomin\u00e1cia na cenu Slovenka roka 2020 v kateg\u00f3rii Zdravotn\u00edctvo<\/a><\/h2><p>Doc. MUDr. KATAR\u00cdNA BABINSK\u00c1, PhD., MSc. Akademick\u00e9 centrum v\u00fdskumu autizmu, Fyziologick\u00fd \u00fastav Lek\u00e1rskej fakulty UK v Bratislave. Je s\u00fa\u010das\u0165ou t\u00edmu, ktor\u00fd sa zaober\u00e1 v\u00fdskumom autizmu. S\u00fastre\u010fuje sa najm\u00e4 na tr\u00e1viace a v\u00fd\u017eivov\u00e9 probl\u00e9my os\u00f4b s autizmom. Jej pedagogick\u00e1 pr\u00e1ca zah\u0155\u0148a v\u00fdu\u010dbu fyziol\u00f3gie a v\u00fd\u017eivy \u010dloveka. V s\u00fa\u010dasnosti s kolegami zav\u00e1dza nov\u00e9 formy \u0161t\u00fadia medic\u00edny na<\/p>\n\t\t<div class=\"post-footer clearfix\">\n\t\t\t\t\t\t\t\t<ul class=\"post-footer-details\"><li class=\"post-footer-author\">\n\t\t\t\t\t\t\t\t\t\t<a class=\"author\" href=\"https:\/\/acva.sk\" title=\"acva\">acva<\/a>\n\t\t\t\t\t\t\t\t\t<\/li><li class=\"post-footer-category\">\n\t\t\t\t\t\t\t\t\t\t\t<a href=\"https:\/\/acva.sk\/en\/category\/media-en\/\" title=\"View all posts filed under M\u00e9di\u00e1\">M\u00e9di\u00e1<\/a>\n\t\t\t\t\t\t\t\t\t\t<\/li><\/ul><\/div><\/div><\/li><\/ul><ul class=\"blog vc_col-sm-6 wpb_column vc_column_container\"><li class=\" post post-21283 type-post status-publish format-standard has-post-thumbnail hentry category-media-en\"><ul class=\"comment-box clearfix\"><li class=\"date\">\n\t\t\t\t\t\t\t\t<div class=\"value\">1. APRIL 2021<\/div>\n\t\t\t\t\t\t\t\t<div class=\"arrow-date\"><\/div>\n\t\t\t\t\t\t\t<\/li><\/ul><div class=\"post-content\"><a class=\"post-image\" href=\"https:\/\/acva.sk\/en\/prof-mudr-daniela-ostatnikovaphd-laureatka-mimoriadnej-ceny-ocenenia-kristalove-kridlo-2020\/\" title=\"Prof. MUDr. Daniela Ostatn\u00edkov\u00e1,PhD., Laure\u00e1tka mimoriadnej ceny ocenenia Kri\u0161t\u00e1lov\u00e9 kr\u00eddlo 2020\"><span class=\"mc-preloader\"><\/span><img loading=\"lazy\" decoding=\"async\" width=\"600\" height=\"400\" src=\"https:\/\/acva.sk\/wp-content\/uploads\/2021\/04\/daniela-ostatnikova-0377-600x400.jpg\" class=\"attachment-medicenter-gallery-image size-medicenter-gallery-image wp-post-image\" alt=\"Prof. MUDr. Daniela Ostatn\u00edkov\u00e1,PhD., Laure\u00e1tka mimoriadnej ceny ocenenia Kri\u0161t\u00e1lov\u00e9 kr\u00eddlo 2020\" title=\"\" srcset=\"https:\/\/acva.sk\/wp-content\/uploads\/2021\/04\/daniela-ostatnikova-0377-600x400.jpg 600w, https:\/\/acva.sk\/wp-content\/uploads\/2021\/04\/daniela-ostatnikova-0377-480x320.jpg 480w, https:\/\/acva.sk\/wp-content\/uploads\/2021\/04\/daniela-ostatnikova-0377-390x260.jpg 390w, https:\/\/acva.sk\/wp-content\/uploads\/2021\/04\/daniela-ostatnikova-0377-285x190.jpg 285w\" sizes=\"auto, (max-width: 600px) 100vw, 600px\" \/><\/a><h2 class=\"post-title\"><a href=\"https:\/\/acva.sk\/en\/prof-mudr-daniela-ostatnikovaphd-laureatka-mimoriadnej-ceny-ocenenia-kristalove-kridlo-2020\/\" title=\"Prof. MUDr. Daniela Ostatn\u00edkov\u00e1,PhD., Laure\u00e1tka mimoriadnej ceny ocenenia Kri\u0161t\u00e1lov\u00e9 kr\u00eddlo 2020\">Prof. MUDr. Daniela Ostatn\u00edkov\u00e1,PhD., Laure\u00e1tka mimoriadnej ceny ocenenia Kri\u0161t\u00e1lov\u00e9 kr\u00eddlo 2020<\/a><\/h2>https:\/\/kristalovekridlo.sk\/nominovani-2020\/ Laure\u00e1ti mimoriadnej cenyDaniela Ostatn\u00edkov\u00e1Prof. MUDr. Daniela Ostatn\u00edkov\u00e1, PhD. sa celo\u017eivotne venuje v\u00fdskumu mozgu a jeho funkci\u00e1m, v posledn\u00fdch desa\u0165ro\u010diach najm\u00e4 t\u00e9mou autizmu, ktor\u00e1 je v dne\u0161nej dobe mimoriadne aktu\u00e1lna, ke\u010f\u017ee v\u00fdskyt tejto poruchy v poslednom obdob\u00ed v\u00fdrazne narast\u00e1. Prof. Ostatn\u00edkov\u00e1 sa t\u00e9mou autizmu za\u010dala zaobera\u0165 prostredn\u00edctvom v\u00fdskumu vplyvu pohlavn\u00fdch horm\u00f3nov na kognit\u00edvne funkcie mozgu\t\t<div class=\"post-footer clearfix\">\n\t\t\t\t\t\t\t\t<ul class=\"post-footer-details\"><li class=\"post-footer-author\">\n\t\t\t\t\t\t\t\t\t\t<a class=\"author\" href=\"https:\/\/acva.sk\" title=\"acva\">acva<\/a>\n\t\t\t\t\t\t\t\t\t<\/li><li class=\"post-footer-category\">\n\t\t\t\t\t\t\t\t\t\t\t<a href=\"https:\/\/acva.sk\/en\/category\/media-en\/\" title=\"View all posts filed under M\u00e9di\u00e1\">M\u00e9di\u00e1<\/a>\n\t\t\t\t\t\t\t\t\t\t<\/li><\/ul><\/div><\/div><\/li><li class=\" post post-21284 type-post status-publish format-standard has-post-thumbnail hentry category-media-en\"><ul class=\"comment-box clearfix\"><li class=\"date\">\n\t\t\t\t\t\t\t\t<div class=\"value\">1. APRIL 2021<\/div>\n\t\t\t\t\t\t\t\t<div class=\"arrow-date\"><\/div>\n\t\t\t\t\t\t\t<\/li><\/ul><div class=\"post-content\"><a class=\"post-image\" href=\"https:\/\/acva.sk\/en\/rndr-klaudia-kyselicova-phd-rozhovor-v-casopise-dieta-c-12-1-2019-2020-pomozme-odhalit-spustace-autizmu\/\" title=\"RNDr. Klaudia Kyselicov\u00e1, PhD.: rozhovor v\u00a0\u010dasopise Die\u0165a \u010d. 12-1 2019\/2020: Pom\u00f4\u017eme odhali\u0165 sp\u00fa\u0161\u0165a\u010de autizmu\"><span class=\"mc-preloader\"><\/span><img loading=\"lazy\" decoding=\"async\" width=\"600\" height=\"400\" src=\"https:\/\/acva.sk\/wp-content\/uploads\/2021\/04\/vysetrenie-104830440_xl-rs-1024x614_c-600x400.jpg\" class=\"attachment-medicenter-gallery-image size-medicenter-gallery-image wp-post-image\" alt=\"RNDr. Klaudia Kyselicov\u00e1, PhD.: rozhovor v\u00a0\u010dasopise Die\u0165a \u010d. 12-1 2019\/2020: Pom\u00f4\u017eme odhali\u0165 sp\u00fa\u0161\u0165a\u010de autizmu\" title=\"\" srcset=\"https:\/\/acva.sk\/wp-content\/uploads\/2021\/04\/vysetrenie-104830440_xl-rs-1024x614_c-600x400.jpg 600w, https:\/\/acva.sk\/wp-content\/uploads\/2021\/04\/vysetrenie-104830440_xl-rs-1024x614_c-670x446.jpg 670w, https:\/\/acva.sk\/wp-content\/uploads\/2021\/04\/vysetrenie-104830440_xl-rs-1024x614_c-480x320.jpg 480w, https:\/\/acva.sk\/wp-content\/uploads\/2021\/04\/vysetrenie-104830440_xl-rs-1024x614_c-390x260.jpg 390w, https:\/\/acva.sk\/wp-content\/uploads\/2021\/04\/vysetrenie-104830440_xl-rs-1024x614_c-285x190.jpg 285w\" sizes=\"auto, (max-width: 600px) 100vw, 600px\" \/><\/a><h2 class=\"post-title\"><a href=\"https:\/\/acva.sk\/en\/rndr-klaudia-kyselicova-phd-rozhovor-v-casopise-dieta-c-12-1-2019-2020-pomozme-odhalit-spustace-autizmu\/\" title=\"RNDr. Klaudia Kyselicov\u00e1, PhD.: rozhovor v\u00a0\u010dasopise Die\u0165a \u010d. 12-1 2019\/2020: Pom\u00f4\u017eme odhali\u0165 sp\u00fa\u0161\u0165a\u010de autizmu\">RNDr. Klaudia Kyselicov\u00e1, PhD.: rozhovor v\u00a0\u010dasopise Die\u0165a \u010d. 12-1 2019\/2020: Pom\u00f4\u017eme odhali\u0165 sp\u00fa\u0161\u0165a\u010de autizmu<\/a><\/h2><p>V Akademickom centre v\u00fdskumu autizmu (ACVA) na Fyziologickom \u00fastave Lek\u00e1rskej fakulty Univerzity Komensk\u00e9ho v Bratislave sa u\u017e nieko\u013eko rokov pod veden\u00edm prednostky \u00fastavu prof. MUDr. Daniely Ostatn\u00edkovej, PhD., venuj\u00fa v\u00fdskumu autizmu. V\u00fdskumn\u00fd t\u00edm pozost\u00e1va zo \u0161irok\u00e9ho spektra odborn\u00edkov (lek\u00e1ri, molekul\u00e1rni biol\u00f3govia, odborn\u00edci na v\u00fd\u017eivu, psychol\u00f3govia). Cie\u013eom tohto centra je integrova\u0165 v\u00fdskumn\u00e9 aktivity zameran\u00e9 na choroby<\/p>\n\t\t<div class=\"post-footer clearfix\">\n\t\t\t\t\t\t\t\t<ul class=\"post-footer-details\"><li class=\"post-footer-author\">\n\t\t\t\t\t\t\t\t\t\t<a class=\"author\" href=\"https:\/\/acva.sk\" title=\"acva\">acva<\/a>\n\t\t\t\t\t\t\t\t\t<\/li><li class=\"post-footer-category\">\n\t\t\t\t\t\t\t\t\t\t\t<a href=\"https:\/\/acva.sk\/en\/category\/media-en\/\" title=\"View all posts filed under M\u00e9di\u00e1\">M\u00e9di\u00e1<\/a>\n\t\t\t\t\t\t\t\t\t\t<\/li><\/ul><\/div><\/div><\/li><li class=\" post post-21285 type-post status-publish format-standard has-post-thumbnail hentry category-media-en\"><ul class=\"comment-box clearfix\"><li class=\"date\">\n\t\t\t\t\t\t\t\t<div class=\"value\">1. APRIL 2021<\/div>\n\t\t\t\t\t\t\t\t<div class=\"arrow-date\"><\/div>\n\t\t\t\t\t\t\t<\/li><\/ul><div class=\"post-content\"><a class=\"post-image\" href=\"https:\/\/acva.sk\/en\/prof-mudr-daniela-ostatnikova-phd-rozhovor-na-temu-autizmu-deti-ktore-sa-nachadzali-v-plodovej-vode-s-vyssou-koncentraciou-testosteronu-maju-viac-autistickych-crt\/\" title=\"Prof. MUDr. Daniela Ostatn\u00edkov\u00e1, PhD.: rozhovor na t\u00e9mu autizmu: ,,Deti, ktor\u00e9 sa nach\u00e1dzali v plodovej vode s vy\u0161\u0161ou koncentr\u00e1ciou testoster\u00f3nu, maj\u00fa viac autistick\u00fdch \u010d\u0155t&#8221;\"><span class=\"mc-preloader\"><\/span><img loading=\"lazy\" decoding=\"async\" width=\"600\" height=\"400\" src=\"https:\/\/acva.sk\/wp-content\/uploads\/2021\/04\/5ee399b0bef65-600x400.jpg\" class=\"attachment-medicenter-gallery-image size-medicenter-gallery-image wp-post-image\" alt=\"Prof. MUDr. Daniela Ostatn\u00edkov\u00e1, PhD.: rozhovor na t\u00e9mu autizmu: ,,Deti, ktor\u00e9 sa nach\u00e1dzali v plodovej vode s vy\u0161\u0161ou koncentr\u00e1ciou testoster\u00f3nu, maj\u00fa viac autistick\u00fdch \u010d\u0155t&#8221;\" title=\"\" srcset=\"https:\/\/acva.sk\/wp-content\/uploads\/2021\/04\/5ee399b0bef65-600x400.jpg 600w, https:\/\/acva.sk\/wp-content\/uploads\/2021\/04\/5ee399b0bef65-670x446.jpg 670w, https:\/\/acva.sk\/wp-content\/uploads\/2021\/04\/5ee399b0bef65-480x320.jpg 480w, https:\/\/acva.sk\/wp-content\/uploads\/2021\/04\/5ee399b0bef65-390x260.jpg 390w, https:\/\/acva.sk\/wp-content\/uploads\/2021\/04\/5ee399b0bef65-285x190.jpg 285w\" sizes=\"auto, (max-width: 600px) 100vw, 600px\" \/><\/a><h2 class=\"post-title\"><a href=\"https:\/\/acva.sk\/en\/prof-mudr-daniela-ostatnikova-phd-rozhovor-na-temu-autizmu-deti-ktore-sa-nachadzali-v-plodovej-vode-s-vyssou-koncentraciou-testosteronu-maju-viac-autistickych-crt\/\" title=\"Prof. MUDr. Daniela Ostatn\u00edkov\u00e1, PhD.: rozhovor na t\u00e9mu autizmu: ,,Deti, ktor\u00e9 sa nach\u00e1dzali v plodovej vode s vy\u0161\u0161ou koncentr\u00e1ciou testoster\u00f3nu, maj\u00fa viac autistick\u00fdch \u010d\u0155t&#8221;\">Prof. MUDr. Daniela Ostatn\u00edkov\u00e1, PhD.: rozhovor na t\u00e9mu autizmu: ,,Deti, ktor\u00e9 sa nach\u00e1dzali v plodovej vode s vy\u0161\u0161ou koncentr\u00e1ciou testoster\u00f3nu, maj\u00fa viac autistick\u00fdch \u010d\u0155t&#8221;<\/a><\/h2><p>Profesorka Daniela Ostatn\u00edkov\u00e1 hostkou u \u0160arkana Profesorka Daniela Ostatn\u00edkov\u00e1 je uzn\u00e1van\u00e1 vedky\u0148a a lek\u00e1rka, ktor\u00e1 sa venuje v\u00fdskumu vplyvu pohlavn\u00fdch horm\u00f3nov na \u0161pecifick\u00e9 kognit\u00edvne schopnosti u oboch pohlav\u00ed. \u0160arkanovi v talkshow prioritne porozpr\u00e1vala o vplyve testoster\u00f3nu na \u013eudsk\u00fd \u017eivot.\u00a0 Testoster\u00f3n je najd\u00f4le\u017eitej\u0161\u00ed mu\u017esk\u00fd horm\u00f3n. Vpl\u00fdva na spr\u00e1vny v\u00fdvin a funkciu mu\u017esk\u00fdch pohlavn\u00fdch org\u00e1nov, svalstva \u010di<\/p>\n\t\t<div class=\"post-footer clearfix\">\n\t\t\t\t\t\t\t\t<ul class=\"post-footer-details\"><li class=\"post-footer-author\">\n\t\t\t\t\t\t\t\t\t\t<a class=\"author\" href=\"https:\/\/acva.sk\" title=\"acva\">acva<\/a>\n\t\t\t\t\t\t\t\t\t<\/li><li class=\"post-footer-category\">\n\t\t\t\t\t\t\t\t\t\t\t<a href=\"https:\/\/acva.sk\/en\/category\/media-en\/\" title=\"View all posts filed under M\u00e9di\u00e1\">M\u00e9di\u00e1<\/a>\n\t\t\t\t\t\t\t\t\t\t<\/li><\/ul><\/div><\/div><\/li><li class=\" post post-21334 type-post status-publish format-standard has-post-thumbnail hentry category-media-en\"><ul class=\"comment-box clearfix\"><li class=\"date\">\n\t\t\t\t\t\t\t\t<div class=\"value\">24. MARCH 2021<\/div>\n\t\t\t\t\t\t\t\t<div class=\"arrow-date\"><\/div>\n\t\t\t\t\t\t\t<\/li><\/ul><div class=\"post-content\"><a class=\"post-image\" href=\"https:\/\/acva.sk\/en\/podcast-je-oxytocin-nadej-pre-autistov\/\" title=\"PODCAST: Je oxytoc\u00edn n\u00e1dej pre autistov?\"><span class=\"mc-preloader\"><\/span><img loading=\"lazy\" decoding=\"async\" width=\"600\" height=\"400\" src=\"https:\/\/acva.sk\/wp-content\/uploads\/2021\/03\/podcast_vnd_autizmus_clanok-900x510-1-600x400.png\" class=\"attachment-medicenter-gallery-image size-medicenter-gallery-image wp-post-image\" alt=\"PODCAST: Je oxytoc\u00edn n\u00e1dej pre autistov?\" title=\"\" srcset=\"https:\/\/acva.sk\/wp-content\/uploads\/2021\/03\/podcast_vnd_autizmus_clanok-900x510-1-600x400.png 600w, https:\/\/acva.sk\/wp-content\/uploads\/2021\/03\/podcast_vnd_autizmus_clanok-900x510-1-670x446.png 670w, https:\/\/acva.sk\/wp-content\/uploads\/2021\/03\/podcast_vnd_autizmus_clanok-900x510-1-480x320.png 480w, https:\/\/acva.sk\/wp-content\/uploads\/2021\/03\/podcast_vnd_autizmus_clanok-900x510-1-390x260.png 390w, https:\/\/acva.sk\/wp-content\/uploads\/2021\/03\/podcast_vnd_autizmus_clanok-900x510-1-285x190.png 285w\" sizes=\"auto, (max-width: 600px) 100vw, 600px\" \/><\/a><h2 class=\"post-title\"><a href=\"https:\/\/acva.sk\/en\/podcast-je-oxytocin-nadej-pre-autistov\/\" title=\"PODCAST: Je oxytoc\u00edn n\u00e1dej pre autistov?\">PODCAST: Je oxytoc\u00edn n\u00e1dej pre autistov?<\/a><\/h2><p>Odkedy sa autizmus za\u010dal vyskytova\u0165? M\u00e1 nejak\u00e9 prepojenie s o\u010dkovan\u00edm? St\u00fapa po\u010det autistov? Koho najviac postihuje?\u00a0 Ka\u017ed\u00fd autista je unik\u00e1t. Zatia\u013e \u010do niektor\u00ed jedinci maj\u00fa ni\u017e\u0161\u00ed intelekt, in\u00ed vynikaj\u00fa \u0161peci\u00e1lnymi schopnos\u0165ami. V\u00e4\u010d\u0161inou maj\u00fa v\u00fdrazne silnej\u0161\u00ed zmysel pre detail, \u010do pre nich m\u00f4\u017ee by\u0165 v\u00fdhodn\u00e9 v zamestnan\u00ed. Nev\u00fdhodou s\u00fa v\u0161ak slab\u00e9 soci\u00e1lne zru\u010dnosti \u010di \u00fazkos\u0165 v\u00a0spolo\u010dnosti<\/p>\n\t\t<div class=\"post-footer clearfix\">\n\t\t\t\t\t\t\t\t<ul class=\"post-footer-details\"><li class=\"post-footer-author\">\n\t\t\t\t\t\t\t\t\t\t<a class=\"author\" href=\"https:\/\/acva.sk\" title=\"acva\">acva<\/a>\n\t\t\t\t\t\t\t\t\t<\/li><li class=\"post-footer-category\">\n\t\t\t\t\t\t\t\t\t\t\t<a href=\"https:\/\/acva.sk\/en\/category\/media-en\/\" title=\"View all posts filed under M\u00e9di\u00e1\">M\u00e9di\u00e1<\/a>\n\t\t\t\t\t\t\t\t\t\t<\/li><\/ul><\/div><\/div><\/li><\/ul><\/div><ul class='pagination page-margin-top'><li class='selected'><span>1<\/span><\/li><li><a href='https:\/\/acva.sk\/en\/wp-json\/wp\/v2\/pages\/21183\/page\/2\/'>2<\/a><\/li><li><a href='https:\/\/acva.sk\/en\/wp-json\/wp\/v2\/pages\/21183\/page\/3\/'>3<\/a><\/li><\/ul>[\/vc_column][\/vc_row]\n","protected":false},"excerpt":{"rendered":"<p>[vc_row][vc_column][\/vc_column][\/vc_row]<\/p>\n","protected":false},"author":1,"featured_media":0,"parent":0,"menu_order":0,"comment_status":"closed","ping_status":"closed","template":"template-blog.php","meta":{"_eb_attr":"","footnotes":""},"class_list":["post-21183","page","type-page","status-publish","hentry"],"_links":{"self":[{"href":"https:\/\/acva.sk\/en\/wp-json\/wp\/v2\/pages\/21183","targetHints":{"allow":["GET"]}}],"collection":[{"href":"https:\/\/acva.sk\/en\/wp-json\/wp\/v2\/pages"}],"about":[{"href":"https:\/\/acva.sk\/en\/wp-json\/wp\/v2\/types\/page"}],"author":[{"embeddable":true,"href":"https:\/\/acva.sk\/en\/wp-json\/wp\/v2\/users\/1"}],"replies":[{"embeddable":true,"href":"https:\/\/acva.sk\/en\/wp-json\/wp\/v2\/comments?post=21183"}],"version-history":[{"count":2,"href":"https:\/\/acva.sk\/en\/wp-json\/wp\/v2\/pages\/21183\/revisions"}],"predecessor-version":[{"id":22609,"href":"https:\/\/acva.sk\/en\/wp-json\/wp\/v2\/pages\/21183\/revisions\/22609"}],"wp:attachment":[{"href":"https:\/\/acva.sk\/en\/wp-json\/wp\/v2\/media?parent=21183"}],"curies":[{"name":"wp","href":"https:\/\/api.w.org\/{rel}","templated":true}]}}