{"id":21182,"date":"2021-03-13T20:51:24","date_gmt":"2021-03-13T19:51:24","guid":{"rendered":"https:\/\/acva.sk\/knihy\/"},"modified":"2022-03-30T14:05:19","modified_gmt":"2022-03-30T12:05:19","slug":"knihy","status":"publish","type":"page","link":"https:\/\/acva.sk\/en\/knihy\/","title":{"rendered":"Books"},"content":{"rendered":"[vc_row][vc_column][vc_column_text][\/vc_column_text]<ul class=\"blog clearfix\"><li class=\" post post-21996 type-post status-publish format-standard has-post-thumbnail hentry category-knihy-en category-uncategorized tag-aktuality-en tag-knihy-en\"><ul class=\"comment-box clearfix\"><li class=\"date clearfix\">\n\t\t\t\t\t\t\t\t<div class=\"value\">25. MARCH 2022<\/div>\n\t\t\t\t\t\t\t\t<div class=\"arrow-date\"><\/div>\n\t\t\t\t\t\t\t<\/li><li class=\"comments-number\">\t\t\t<a href=\"https:\/\/acva.sk\/en\/new-book-autizmus-od-a-po-s\/#respond\" title=\"0 COMMENTS\">0<\/a>\n\t\t\t\t\t\t\t<\/li><\/ul><div class=\"post-content\"><a class=\"post-image\" href=\"https:\/\/acva.sk\/en\/new-book-autizmus-od-a-po-s\/\" title=\"NEW BOOK: AUTIZMUS od A po S\"><span class=\"mc-preloader\"><\/span><img loading=\"lazy\" decoding=\"async\" width=\"439\" height=\"446\" src=\"https:\/\/acva.sk\/wp-content\/uploads\/2022\/03\/602834_600-600-439x446.jpg\" class=\"attachment-blog-post-thumb size-blog-post-thumb wp-post-image\" alt=\"NEW BOOK: AUTIZMUS od A po S\" title=\"\" \/><\/a><h2 class=\"post-title\"><a href=\"https:\/\/acva.sk\/en\/new-book-autizmus-od-a-po-s\/\" title=\"NEW BOOK: AUTIZMUS od A po S\">NEW BOOK: AUTIZMUS od A po S<\/a><\/h2><p>Dear parents and friends, We are pleased to present our new book AUTIZMUS od A po S, which will officially see the light of day April 2, 2022 on the occasion of World Autism Awareness Day , published by IKAR During the pandemic, we managed to bring together a great team of authors with many<\/p>\n\t\t<div class=\"post-footer clearfix\">\n\t\t\t\t\t\t\t\t<ul class=\"post-footer-details\"><li class=\"post-footer-author\">\n\t\t\t\t\t\t\t\t\t\t<a class=\"author\" href=\"https:\/\/acva.sk\" title=\"acva\">acva<\/a>\n\t\t\t\t\t\t\t\t\t<\/li><li class=\"post-footer-category\">\n\t\t\t\t\t\t\t\t\t\t\t<a href=\"https:\/\/acva.sk\/en\/category\/media-en\/knihy-en\/\" title=\"View all posts filed under Knihy\">Knihy<\/a>, \n\t\t\t\t\t\t\t\t\t\t<\/li><li class=\"post-footer-category\">\n\t\t\t\t\t\t\t\t\t\t\t<a href=\"https:\/\/acva.sk\/en\/category\/uncategorized\/\" title=\"View all posts filed under Uncategorized\">Uncategorized<\/a>\n\t\t\t\t\t\t\t\t\t\t<\/li><\/ul><\/div><\/div><\/li><li class=\" post post-21378 type-post status-publish format-standard has-post-thumbnail hentry category-knihy-en tag-knihy-en\"><ul class=\"comment-box clearfix\"><li class=\"date clearfix\">\n\t\t\t\t\t\t\t\t<div class=\"value\">10. APRIL 2015<\/div>\n\t\t\t\t\t\t\t\t<div class=\"arrow-date\"><\/div>\n\t\t\t\t\t\t\t<\/li><li class=\"comments-number\">\t\t\t<a href=\"https:\/\/acva.sk\/en\/mam-dieta-s-autizmom-daniela-ostatnikova-a-kolektiv\/#respond\" title=\"0 COMMENTS\">0<\/a>\n\t\t\t\t\t\t\t<\/li><\/ul><div class=\"post-content\"><a class=\"post-image\" href=\"https:\/\/acva.sk\/en\/mam-dieta-s-autizmom-daniela-ostatnikova-a-kolektiv\/\" title=\"M\u00e1me die\u0165a s autizmom (Daniela Ostatn\u00edkov\u00e1 a kolekt\u00edv)\"><span class=\"mc-preloader\"><\/span><img loading=\"lazy\" decoding=\"async\" width=\"609\" height=\"446\" src=\"https:\/\/acva.sk\/wp-content\/uploads\/2015\/04\/mame_dieta_s_autizmom.png\" class=\"attachment-blog-post-thumb size-blog-post-thumb wp-post-image\" alt=\"M\u00e1me die\u0165a s autizmom (Daniela Ostatn\u00edkov\u00e1 a kolekt\u00edv)\" title=\"\" srcset=\"https:\/\/acva.sk\/wp-content\/uploads\/2015\/04\/mame_dieta_s_autizmom.png 610w, https:\/\/acva.sk\/wp-content\/uploads\/2015\/04\/mame_dieta_s_autizmom-300x220.png 300w\" sizes=\"auto, (max-width: 609px) 100vw, 609px\" \/><\/a><h2 class=\"post-title\"><a href=\"https:\/\/acva.sk\/en\/mam-dieta-s-autizmom-daniela-ostatnikova-a-kolektiv\/\" title=\"M\u00e1me die\u0165a s autizmom (Daniela Ostatn\u00edkov\u00e1 a kolekt\u00edv)\">M\u00e1me die\u0165a s autizmom (Daniela Ostatn\u00edkov\u00e1 a kolekt\u00edv)<\/a><\/h2><p>Rok vydania: 2015, Vydavate\u013estvo: VEDA, Nad\u00e1cia Kri\u0161t\u00e1\u013eov\u00e9 kr\u00eddlo Dostupnos\u0165: nedostupn\u00e1, vypredan\u00e1 Viac o knihe Celosvetov\u00e9 \u00fadaje o n\u00e1raste autizmu za posledn\u00e9 desa\u0165ro\u010dia s\u00fa alarmuj\u00face. V\u00fdskyt jedn\u00e9ho die\u0165a\u0165a s autizmom do veku 8 rokov na 100 det\u00ed dan\u00e9ho veku prisudzuje tomuto ochoreniu epidemick\u00fd charakter. Ani na Slovensku nezost\u00e1vame k t\u00fdmto \u0161tatistik\u00e1m nev\u0161\u00edmav\u00ed\u2026 Aj ke\u010f sa st\u00e1le<\/p>\n\t\t<div class=\"post-footer clearfix\">\n\t\t\t\t\t\t\t\t<ul class=\"post-footer-details\"><li class=\"post-footer-author\">\n\t\t\t\t\t\t\t\t\t\t<a class=\"author\" href=\"https:\/\/acva.sk\" title=\"acva\">acva<\/a>\n\t\t\t\t\t\t\t\t\t<\/li><li class=\"post-footer-category\">\n\t\t\t\t\t\t\t\t\t\t\t<a href=\"https:\/\/acva.sk\/en\/category\/media-en\/knihy-en\/\" title=\"View all posts filed under Knihy\">Knihy<\/a>\n\t\t\t\t\t\t\t\t\t\t<\/li><\/ul><\/div><\/div><\/li><\/ul>[\/vc_column][\/vc_row]\n","protected":false},"excerpt":{"rendered":"<p>[vc_row][vc_column][vc_column_text][\/vc_column_text][\/vc_column][\/vc_row]<\/p>\n","protected":false},"author":1,"featured_media":0,"parent":0,"menu_order":0,"comment_status":"closed","ping_status":"closed","template":"","meta":{"_eb_attr":"","footnotes":""},"class_list":["post-21182","page","type-page","status-publish","hentry"],"_links":{"self":[{"href":"https:\/\/acva.sk\/en\/wp-json\/wp\/v2\/pages\/21182","targetHints":{"allow":["GET"]}}],"collection":[{"href":"https:\/\/acva.sk\/en\/wp-json\/wp\/v2\/pages"}],"about":[{"href":"https:\/\/acva.sk\/en\/wp-json\/wp\/v2\/types\/page"}],"author":[{"embeddable":true,"href":"https:\/\/acva.sk\/en\/wp-json\/wp\/v2\/users\/1"}],"replies":[{"embeddable":true,"href":"https:\/\/acva.sk\/en\/wp-json\/wp\/v2\/comments?post=21182"}],"version-history":[{"count":1,"href":"https:\/\/acva.sk\/en\/wp-json\/wp\/v2\/pages\/21182\/revisions"}],"predecessor-version":[{"id":22436,"href":"https:\/\/acva.sk\/en\/wp-json\/wp\/v2\/pages\/21182\/revisions\/22436"}],"wp:attachment":[{"href":"https:\/\/acva.sk\/en\/wp-json\/wp\/v2\/media?parent=21182"}],"curies":[{"name":"wp","href":"https:\/\/api.w.org\/{rel}","templated":true}]}}