{"id":21174,"date":"2021-03-24T23:43:07","date_gmt":"2021-03-24T22:43:07","guid":{"rendered":"https:\/\/acva.sk\/dizertacne-prace\/"},"modified":"2022-03-29T11:05:11","modified_gmt":"2022-03-29T09:05:11","slug":"dizertacne-prace","status":"publish","type":"page","link":"https:\/\/acva.sk\/en\/dizertacne-prace\/","title":{"rendered":"Dissertations"},"content":{"rendered":"[vc_row][vc_column][vc_column_text]\n<table style=\"height: 755px;\" width=\"606\" cellspacing=\"0\" cellpadding=\"7\">\n<tbody>\n<tr>\n<td width=\"400\">\n<p class=\"western\" align=\"left\"><span style=\"font-family: Calibri, serif;\"><span style=\"font-size: small;\"><b>Dissertation topic<\/b><\/span><\/span><\/p>\n<\/td>\n<td width=\"174\">\n<p class=\"western\" align=\"left\"><span style=\"font-family: Calibri, serif;\"><b>Student<\/b><\/span><\/p>\n<\/td>\n<\/tr>\n<tr>\n<td width=\"400\">\n<p class=\"western\" align=\"left\"><span style=\"font-size: small;\"><span style=\"font-family: Arial, serif;\"><span lang=\"en-US\">Biological Correlates of Autism<\/span><\/span><\/span><\/p>\n<\/td>\n<td width=\"174\">\n<p class=\"western\" align=\"left\"><span style=\"font-size: small;\"><span style=\"font-family: Arial, serif;\"><span lang=\"en-US\">Mgr. Lenka Vok\u00e1lov\u00e1, PhD.<\/span><\/span><\/span><\/p>\n<\/td>\n<\/tr>\n<tr>\n<td width=\"400\">\n<p class=\"western\" align=\"left\"><span style=\"font-size: small;\"><span style=\"font-family: Arial, serif;\">Psychophysiological correlates of autism spectrum disorders<\/span><\/span><\/p>\n<\/td>\n<td width=\"174\">\n<p class=\"western\" align=\"left\"><span style=\"font-size: small;\"><span style=\"font-family: Arial, serif;\"><span lang=\"en-US\">Mgr. Diana \u010cel\u00e1rov\u00e1, PhD.<\/span><\/span><\/span><\/p>\n<\/td>\n<\/tr>\n<tr>\n<td width=\"400\">\n<p class=\"western\" align=\"left\"><span style=\"font-size: small;\"><span style=\"font-family: Arial, serif;\">Cognitive abilities and deficits in children with autism spectrum disorder<\/span><\/span><\/p>\n<\/td>\n<td width=\"174\">\n<p class=\"western\" align=\"left\"><span style=\"font-size: small;\"><span style=\"font-family: Arial, serif;\"><span lang=\"en-US\">Mgr. Hana Celu\u0161\u00e1kov\u00e1, PhD.<\/span><\/span><\/span><\/p>\n<\/td>\n<\/tr>\n<tr>\n<td width=\"400\">\n<p class=\"western\" align=\"left\"><span style=\"font-size: small;\"><span style=\"font-family: Arial, serif;\">Adaptive behavior in individuals with autism spectrum disorder and relationship to potential biomarkers<\/span><\/span><\/p>\n<\/td>\n<td width=\"174\">\n<p class=\"western\" align=\"left\"><span style=\"font-size: small;\"><span style=\"font-family: Arial, serif;\"><span lang=\"en-US\">Mgr. \u017dofia Jan\u00edk Szapuov\u00e1, PhD.<\/span><\/span><\/span><\/p>\n<\/td>\n<\/tr>\n<tr>\n<td width=\"400\">\n<p class=\"western\" align=\"left\"><span style=\"font-size: small;\"><span style=\"font-family: Arial, serif;\">Study of potential biomarkers of gastrointestinal dysfunction in autism spectrum disorders<\/span><\/span><\/p>\n<\/td>\n<td width=\"174\">\n<p class=\"western\" align=\"left\"><span style=\"font-size: small;\"><span style=\"font-family: Arial, serif;\"><span lang=\"en-US\">MUDr. Dagmar Nemcsicsov\u00e1<\/span><\/span><\/span><\/p>\n<\/td>\n<\/tr>\n<tr>\n<td width=\"400\">\n<p class=\"western\" align=\"left\"><span style=\"font-size: small;\"><span style=\"font-family: Arial, serif;\">Sleep disorders in children with autism and their relationships with biological markers and behavioral markers<\/span><\/span><\/p>\n<\/td>\n<td width=\"174\">\n<p class=\"western\" lang=\"en-US\" align=\"left\"><span style=\"font-family: Arial, serif;\"><span style=\"font-size: small;\">MUDr. Krist\u00edna Bartakovi\u010dov\u00e1<\/span><\/span><\/p>\n<\/td>\n<\/tr>\n<tr>\n<td width=\"400\">\n<p class=\"western\" align=\"left\"><span style=\"font-family: Arial, serif;\"><span style=\"font-size: small;\"><span lang=\"en-US\">Adaptive behavior in autism and its biological correlates<\/span><\/span><\/span><\/p>\n<\/td>\n<td width=\"174\">\n<p class=\"western\" lang=\"en-US\" align=\"left\"><span style=\"font-family: Arial, serif;\"><span style=\"font-size: small;\">Mgr. Ivan Belica, PhD.<\/span><\/span><\/p>\n<\/td>\n<\/tr>\n<tr>\n<td width=\"400\">\n<p class=\"western\" lang=\"en-US\" align=\"left\"><span style=\"font-family: Arial, serif;\"><span style=\"font-size: small;\">Cognitive abilities of individuals with autism spectrum disorder<\/span><\/span><\/p>\n<\/td>\n<td width=\"174\">\n<p class=\"western\" lang=\"en-US\" align=\"left\"><span style=\"font-family: Arial, serif;\"><span style=\"font-size: small;\">Mgr. Katar\u00edna Pol\u00f3nyiov\u00e1<\/span><\/span><\/p>\n<\/td>\n<\/tr>\n<tr>\n<td width=\"400\">\n<p class=\"western\" align=\"left\"><span style=\"font-size: small;\"><span style=\"font-family: Arial, serif;\">Biological correlates of executive dysfunction in children with autism spectrum disorders<\/span><\/span><\/p>\n<\/td>\n<td width=\"174\">\n<p class=\"western\" align=\"left\"><span style=\"font-size: small;\"><span style=\"font-family: Arial, serif;\"><span lang=\"en-US\">Mgr. Barbara Ra\u0161kov\u00e1<\/span><\/span><\/span><\/p>\n<\/td>\n<\/tr>\n<tr>\n<td width=\"400\">\n<p class=\"western\" align=\"left\"><span style=\"font-size: small;\"><span style=\"font-family: Arial, serif;\">Biological factors of developmental trajectories in children with ASD<\/span><\/span><\/p>\n<\/td>\n<td width=\"174\">\n<p class=\"western\" align=\"left\"><span style=\"font-size: small;\"><span style=\"font-family: Arial, serif;\"><span lang=\"en-US\">Mgr. M\u00e1ria Kop\u010d\u00edkov\u00e1<\/span><\/span><\/span><\/p>\n<\/td>\n<\/tr>\n<\/tbody>\n<\/table>\n[\/vc_column_text][\/vc_column][\/vc_row]\n","protected":false},"excerpt":{"rendered":"<p>[vc_row][vc_column][vc_column_text] Dissertation topic Student Biological Correlates of Autism Mgr. Lenka Vok\u00e1lov\u00e1, PhD. Psychophysiological correlates of autism spectrum disorders Mgr. Diana \u010cel\u00e1rov\u00e1, PhD. Cognitive abilities and deficits in children with autism spectrum disorder Mgr. Hana Celu\u0161\u00e1kov\u00e1, PhD. Adaptive behavior in individuals with autism spectrum disorder and relationship to potential biomarkers Mgr. \u017dofia Jan\u00edk Szapuov\u00e1, PhD. Study<\/p>\n","protected":false},"author":1,"featured_media":0,"parent":0,"menu_order":0,"comment_status":"closed","ping_status":"closed","template":"","meta":{"_eb_attr":"","footnotes":""},"class_list":["post-21174","page","type-page","status-publish","hentry"],"_links":{"self":[{"href":"https:\/\/acva.sk\/en\/wp-json\/wp\/v2\/pages\/21174","targetHints":{"allow":["GET"]}}],"collection":[{"href":"https:\/\/acva.sk\/en\/wp-json\/wp\/v2\/pages"}],"about":[{"href":"https:\/\/acva.sk\/en\/wp-json\/wp\/v2\/types\/page"}],"author":[{"embeddable":true,"href":"https:\/\/acva.sk\/en\/wp-json\/wp\/v2\/users\/1"}],"replies":[{"embeddable":true,"href":"https:\/\/acva.sk\/en\/wp-json\/wp\/v2\/comments?post=21174"}],"version-history":[{"count":8,"href":"https:\/\/acva.sk\/en\/wp-json\/wp\/v2\/pages\/21174\/revisions"}],"predecessor-version":[{"id":22206,"href":"https:\/\/acva.sk\/en\/wp-json\/wp\/v2\/pages\/21174\/revisions\/22206"}],"wp:attachment":[{"href":"https:\/\/acva.sk\/en\/wp-json\/wp\/v2\/media?parent=21174"}],"curies":[{"name":"wp","href":"https:\/\/api.w.org\/{rel}","templated":true}]}}