{"id":21173,"date":"2021-04-10T11:55:22","date_gmt":"2021-04-10T09:55:22","guid":{"rendered":"https:\/\/acva.sk\/aktuality\/"},"modified":"2022-03-30T14:04:35","modified_gmt":"2022-03-30T12:04:35","slug":"aktuality","status":"publish","type":"page","link":"https:\/\/acva.sk\/en\/aktuality\/","title":{"rendered":"NEWS"},"content":{"rendered":"[vc_row][vc_column]<div class=\"columns clearfix layout-column\"><ul class=\"blog vc_col-sm-6 wpb_column vc_column_container\"><li class=\" post post-21998 type-post status-publish format-standard has-post-thumbnail hentry category-media-en category-uncategorized tag-autizmus-en tag-vyskum-en\"><ul class=\"comment-box clearfix\"><li class=\"date\">\n\t\t\t\t\t\t\t\t<div class=\"value\">25. MARCH 2022<\/div>\n\t\t\t\t\t\t\t\t<div class=\"arrow-date\"><\/div>\n\t\t\t\t\t\t\t<\/li><\/ul><div class=\"post-content\"><a class=\"post-image\" href=\"https:\/\/acva.sk\/en\/interview-on-regina-radio-on-ongoing-research-into-children-aged-2-5-3-5-years\/\" title=\"Rozhovor v r\u00e1diu Regina &#8211; o pr\u00e1ve prebiehaj\u00facom v\u00fdskume zameranom na deti vo veku 2,5 &#8211; 3,5 roka\"><span class=\"mc-preloader\"><\/span><img loading=\"lazy\" decoding=\"async\" width=\"600\" height=\"394\" src=\"https:\/\/acva.sk\/wp-content\/uploads\/2022\/03\/autizmus-600x394.webp\" class=\"attachment-medicenter-gallery-image size-medicenter-gallery-image wp-post-image\" alt=\"Rozhovor v r\u00e1diu Regina &#8211; o pr\u00e1ve prebiehaj\u00facom v\u00fdskume zameranom na deti vo veku 2,5 &#8211; 3,5 roka\" title=\"\" \/><\/a><h2 class=\"post-title\"><a href=\"https:\/\/acva.sk\/en\/interview-on-regina-radio-on-ongoing-research-into-children-aged-2-5-3-5-years\/\" title=\"Rozhovor v r\u00e1diu Regina &#8211; o pr\u00e1ve prebiehaj\u00facom v\u00fdskume zameranom na deti vo veku 2,5 &#8211; 3,5 roka\">Rozhovor v r\u00e1diu Regina &#8211; o pr\u00e1ve prebiehaj\u00facom v\u00fdskume zameranom na deti vo veku 2,5 &#8211; 3,5 roka<\/a><\/h2><p>&#13; O pr\u00e1ve prebiehaj\u00facom v\u00fdskume Akademick\u00e9ho centra v\u00fdskumu autizmu, zameranom na mal\u00e9 deti vo veku 2,5 &#8211; 3,5 roka n\u00e1jdete inform\u00e1cie aj v rozhovore s na\u0161ou kolegy\u0148ou Mgr. M\u00e1riou Kop\u010d\u00edkovou v R\u00e1diu Regina Z\u00e1pad &#13; &#13; https:\/\/reginazapad.rtvs.sk\/clanky\/poznanie-vzdelavanie-veda\/286371\/akademicke-centrum-vyskumu-autizmu-robi-diagnostiku-malych-deti-vo-veku-2-az-3-5-roka?fbclid=IwAR3-Qrpv3qeryZcvnTmqnlVA-TXKfJyxmOeRetHDnQDPOVv3i4eaABp7agQ &#13; &#13; Ak m\u00e1te z\u00e1ujem zapoji\u0165 sa do v\u00fdskumu, viac inform\u00e1cii n\u00e1jdete na: https:\/\/acva.sk\/diagnostika-pas-zamerana-na-male-deti\/ &#13;<\/p>\n\t\t<div class=\"post-footer clearfix\">\n\t\t\t\t\t\t\t\t<ul class=\"post-footer-details\"><li class=\"post-footer-author\">\n\t\t\t\t\t\t\t\t\t\t<a class=\"author\" href=\"https:\/\/acva.sk\" title=\"acva\">acva<\/a>\n\t\t\t\t\t\t\t\t\t<\/li><li class=\"post-footer-category\">\n\t\t\t\t\t\t\t\t\t\t\t<a href=\"https:\/\/acva.sk\/en\/category\/media-en\/\" title=\"View all posts filed under M\u00e9di\u00e1\">M\u00e9di\u00e1<\/a>, \n\t\t\t\t\t\t\t\t\t\t<\/li><li class=\"post-footer-category\">\n\t\t\t\t\t\t\t\t\t\t\t<a href=\"https:\/\/acva.sk\/en\/category\/uncategorized\/\" title=\"View all posts filed under Uncategorized\">Uncategorized<\/a>\n\t\t\t\t\t\t\t\t\t\t<\/li><\/ul><\/div><\/div><\/li><li class=\" post post-21996 type-post status-publish format-standard has-post-thumbnail hentry category-knihy-en category-uncategorized tag-aktuality-en tag-knihy-en\"><ul class=\"comment-box clearfix\"><li class=\"date\">\n\t\t\t\t\t\t\t\t<div class=\"value\">25. MARCH 2022<\/div>\n\t\t\t\t\t\t\t\t<div class=\"arrow-date\"><\/div>\n\t\t\t\t\t\t\t<\/li><\/ul><div class=\"post-content\"><a class=\"post-image\" href=\"https:\/\/acva.sk\/en\/new-book-autizmus-od-a-po-s\/\" title=\"NEW BOOK: AUTIZMUS od A po S\"><span class=\"mc-preloader\"><\/span><img loading=\"lazy\" decoding=\"async\" width=\"439\" height=\"400\" src=\"https:\/\/acva.sk\/wp-content\/uploads\/2022\/03\/602834_600-600-439x400.jpg\" class=\"attachment-medicenter-gallery-image size-medicenter-gallery-image wp-post-image\" alt=\"NEW BOOK: AUTIZMUS od A po S\" title=\"\" \/><\/a><h2 class=\"post-title\"><a href=\"https:\/\/acva.sk\/en\/new-book-autizmus-od-a-po-s\/\" title=\"NEW BOOK: AUTIZMUS od A po S\">NEW BOOK: AUTIZMUS od A po S<\/a><\/h2><p>Dear parents and friends, We are pleased to present our new book AUTIZMUS od A po S, which will officially see the light of day April 2, 2022 on the occasion of World Autism Awareness Day , published by IKAR During the pandemic, we managed to bring together a great team of authors with many<\/p>\n\t\t<div class=\"post-footer clearfix\">\n\t\t\t\t\t\t\t\t<ul class=\"post-footer-details\"><li class=\"post-footer-author\">\n\t\t\t\t\t\t\t\t\t\t<a class=\"author\" href=\"https:\/\/acva.sk\" title=\"acva\">acva<\/a>\n\t\t\t\t\t\t\t\t\t<\/li><li class=\"post-footer-category\">\n\t\t\t\t\t\t\t\t\t\t\t<a href=\"https:\/\/acva.sk\/en\/category\/media-en\/knihy-en\/\" title=\"View all posts filed under Knihy\">Knihy<\/a>, \n\t\t\t\t\t\t\t\t\t\t<\/li><li class=\"post-footer-category\">\n\t\t\t\t\t\t\t\t\t\t\t<a href=\"https:\/\/acva.sk\/en\/category\/uncategorized\/\" title=\"View all posts filed under Uncategorized\">Uncategorized<\/a>\n\t\t\t\t\t\t\t\t\t\t<\/li><\/ul><\/div><\/div><\/li><\/ul><ul class=\"blog vc_col-sm-6 wpb_column vc_column_container\"><li class=\" post post-21270 type-post status-publish format-standard has-post-thumbnail hentry category-oznamy-en category-uncategorized tag-adaptivne-spravanie-en tag-aktuality-en tag-teoria-mysle-en tag-vysetrenie-iq-en\"><ul class=\"comment-box clearfix\"><li class=\"date\">\n\t\t\t\t\t\t\t\t<div class=\"value\">14. FEBRUARY 2022<\/div>\n\t\t\t\t\t\t\t\t<div class=\"arrow-date\"><\/div>\n\t\t\t\t\t\t\t<\/li><\/ul><div class=\"post-content\"><a class=\"post-image\" href=\"https:\/\/acva.sk\/en\/zapojte-sa-do-vyskumu-2\/\" title=\"Zapojte sa do v\u00fdskumu\"><span class=\"mc-preloader\"><\/span><img loading=\"lazy\" decoding=\"async\" width=\"600\" height=\"400\" src=\"https:\/\/acva.sk\/wp-content\/uploads\/2022\/02\/lingvisticky_vyskum_kontroly-600x400.jpg\" class=\"attachment-medicenter-gallery-image size-medicenter-gallery-image wp-post-image\" alt=\"Zapojte sa do v\u00fdskumu\" title=\"\" srcset=\"https:\/\/acva.sk\/wp-content\/uploads\/2022\/02\/lingvisticky_vyskum_kontroly-600x400.jpg 600w, https:\/\/acva.sk\/wp-content\/uploads\/2022\/02\/lingvisticky_vyskum_kontroly-670x446.jpg 670w, https:\/\/acva.sk\/wp-content\/uploads\/2022\/02\/lingvisticky_vyskum_kontroly-480x320.jpg 480w, https:\/\/acva.sk\/wp-content\/uploads\/2022\/02\/lingvisticky_vyskum_kontroly-390x260.jpg 390w, https:\/\/acva.sk\/wp-content\/uploads\/2022\/02\/lingvisticky_vyskum_kontroly-285x190.jpg 285w\" sizes=\"auto, (max-width: 600px) 100vw, 600px\" \/><\/a><h2 class=\"post-title\"><a href=\"https:\/\/acva.sk\/en\/zapojte-sa-do-vyskumu-2\/\" title=\"Zapojte sa do v\u00fdskumu\">Zapojte sa do v\u00fdskumu<\/a><\/h2><p>V\u00e1\u017een\u00ed rodi\u010dia. Do n\u00e1\u0161ho v\u00fdskumu o jazykov\u00fdch schopnostiach, intelekte a te\u00f3rie mysle h\u013ead\u00e1me kontroln\u00fdch respondentov a respondentky.<\/p>\n\t\t<div class=\"post-footer clearfix\">\n\t\t\t\t\t\t\t\t<ul class=\"post-footer-details\"><li class=\"post-footer-author\">\n\t\t\t\t\t\t\t\t\t\t<a class=\"author\" href=\"https:\/\/acva.sk\" title=\"acva\">acva<\/a>\n\t\t\t\t\t\t\t\t\t<\/li><li class=\"post-footer-category\">\n\t\t\t\t\t\t\t\t\t\t\t<a href=\"https:\/\/acva.sk\/en\/category\/oznamy-en\/\" title=\"View all posts filed under Oznamy\">Oznamy<\/a>, \n\t\t\t\t\t\t\t\t\t\t<\/li><li class=\"post-footer-category\">\n\t\t\t\t\t\t\t\t\t\t\t<a href=\"https:\/\/acva.sk\/en\/category\/uncategorized\/\" title=\"View all posts filed under Uncategorized\">Uncategorized<\/a>\n\t\t\t\t\t\t\t\t\t\t<\/li><\/ul><\/div><\/div><\/li><li class=\" post post-21272 type-post status-publish format-standard has-post-thumbnail hentry category-media-en category-uncategorized tag-aktuality-en tag-prof-mudr-daniela-ostatnikova-en\"><ul class=\"comment-box clearfix\"><li class=\"date\">\n\t\t\t\t\t\t\t\t<div class=\"value\">26. NOVEMBER 2021<\/div>\n\t\t\t\t\t\t\t\t<div class=\"arrow-date\"><\/div>\n\t\t\t\t\t\t\t<\/li><\/ul><div class=\"post-content\"><a class=\"post-image\" href=\"https:\/\/acva.sk\/en\/daniela-ostatnikova-autizmus-sprevadza-cloveka-po-cely-zivot-neexistuje-tabletka-ktora-ho-vylieci\/\" title=\"Daniela Ostatn\u00edkov\u00e1: Autizmus sprev\u00e1dza \u010dloveka po cel\u00fd \u017eivot, neexistuje tabletka, ktor\u00e1 ho vylie\u010di\"><span class=\"mc-preloader\"><\/span><img loading=\"lazy\" decoding=\"async\" width=\"600\" height=\"394\" src=\"https:\/\/acva.sk\/wp-content\/uploads\/2021\/11\/DO_Foto-820x394-1-600x394.jpg\" class=\"attachment-medicenter-gallery-image size-medicenter-gallery-image wp-post-image\" alt=\"Daniela Ostatn\u00edkov\u00e1: Autizmus sprev\u00e1dza \u010dloveka po cel\u00fd \u017eivot, neexistuje tabletka, ktor\u00e1 ho vylie\u010di\" title=\"\" \/><\/a><h2 class=\"post-title\"><a href=\"https:\/\/acva.sk\/en\/daniela-ostatnikova-autizmus-sprevadza-cloveka-po-cely-zivot-neexistuje-tabletka-ktora-ho-vylieci\/\" title=\"Daniela Ostatn\u00edkov\u00e1: Autizmus sprev\u00e1dza \u010dloveka po cel\u00fd \u017eivot, neexistuje tabletka, ktor\u00e1 ho vylie\u010di\">Daniela Ostatn\u00edkov\u00e1: Autizmus sprev\u00e1dza \u010dloveka po cel\u00fd \u017eivot, neexistuje tabletka, ktor\u00e1 ho vylie\u010di<\/a><\/h2><p>Nov\u00fd rozhovor s pani profesorkou Ostatn\u00edkovou pre magaz\u00edn ak\u010dn\u00e9 \u017eeny. \u201eAutizmus je v\u00fdzva pre n\u00e1s, v\u00e4\u010d\u0161inov\u00fa spolo\u010dnos\u0165. Mali by sme deti s autizmom v spolo\u010dnosti nielen tolerova\u0165, ale akceptova\u0165. Pochopi\u0165, \u017ee s\u00fa in\u00ed, \u017ee inak vidia svet, \u017ee inak myslia a c\u00edtia,\u201d\u00a0hovor\u00ed\u00a0prof. MUDr. Daniela Ostatn\u00edkov\u00e1, PhD.\u00a0Svoj \u017eivot zasv\u00e4tila v\u00fdskumu autizmu.\u00a0\u010c\u00edta\u0165 \u010falej&#8230;<\/p>\n\t\t<div class=\"post-footer clearfix\">\n\t\t\t\t\t\t\t\t<ul class=\"post-footer-details\"><li class=\"post-footer-author\">\n\t\t\t\t\t\t\t\t\t\t<a class=\"author\" href=\"https:\/\/acva.sk\" title=\"acva\">acva<\/a>\n\t\t\t\t\t\t\t\t\t<\/li><li class=\"post-footer-category\">\n\t\t\t\t\t\t\t\t\t\t\t<a href=\"https:\/\/acva.sk\/en\/category\/media-en\/\" title=\"View all posts filed under M\u00e9di\u00e1\">M\u00e9di\u00e1<\/a>, \n\t\t\t\t\t\t\t\t\t\t<\/li><li class=\"post-footer-category\">\n\t\t\t\t\t\t\t\t\t\t\t<a href=\"https:\/\/acva.sk\/en\/category\/uncategorized\/\" title=\"View all posts filed under Uncategorized\">Uncategorized<\/a>\n\t\t\t\t\t\t\t\t\t\t<\/li><\/ul><\/div><\/div><\/li><\/ul><\/div><ul class='pagination page-margin-top'><li class='selected'><span>1<\/span><\/li><li><a href='https:\/\/acva.sk\/en\/wp-json\/wp\/v2\/pages\/21173\/page\/2\/'>2<\/a><\/li><li><a href='https:\/\/acva.sk\/en\/wp-json\/wp\/v2\/pages\/21173\/page\/3\/'>3<\/a><\/li><\/ul>[\/vc_column][\/vc_row]\n","protected":false},"excerpt":{"rendered":"<p>[vc_row][vc_column][\/vc_column][\/vc_row]<\/p>\n","protected":false},"author":1,"featured_media":0,"parent":0,"menu_order":0,"comment_status":"closed","ping_status":"closed","template":"template-blog.php","meta":{"_eb_attr":"","footnotes":""},"class_list":["post-21173","page","type-page","status-publish","hentry"],"_links":{"self":[{"href":"https:\/\/acva.sk\/en\/wp-json\/wp\/v2\/pages\/21173","targetHints":{"allow":["GET"]}}],"collection":[{"href":"https:\/\/acva.sk\/en\/wp-json\/wp\/v2\/pages"}],"about":[{"href":"https:\/\/acva.sk\/en\/wp-json\/wp\/v2\/types\/page"}],"author":[{"embeddable":true,"href":"https:\/\/acva.sk\/en\/wp-json\/wp\/v2\/users\/1"}],"replies":[{"embeddable":true,"href":"https:\/\/acva.sk\/en\/wp-json\/wp\/v2\/comments?post=21173"}],"version-history":[{"count":2,"href":"https:\/\/acva.sk\/en\/wp-json\/wp\/v2\/pages\/21173\/revisions"}],"predecessor-version":[{"id":22435,"href":"https:\/\/acva.sk\/en\/wp-json\/wp\/v2\/pages\/21173\/revisions\/22435"}],"wp:attachment":[{"href":"https:\/\/acva.sk\/en\/wp-json\/wp\/v2\/media?parent=21173"}],"curies":[{"name":"wp","href":"https:\/\/api.w.org\/{rel}","templated":true}]}}